{"id":7538,"date":"2024-04-07T18:19:13","date_gmt":"2024-04-07T17:19:13","guid":{"rendered":"https:\/\/neon4ever.com\/?post_type=product&#038;p=7538"},"modified":"2025-02-11T22:37:32","modified_gmt":"2025-02-11T22:37:32","slug":"jesus-neon-sign","status":"publish","type":"product","link":"https:\/\/neon4ever.com\/de\/produkt\/jesus-neon-sign\/","title":{"rendered":"Jesus Neon Sign"},"content":{"rendered":"<p>Unser &#8220;Jesus\u201c Neon-Schild strahlt Hoffnung, Glaube und Frieden aus. Mit seinem leuchtenden Design schafft es eine beruhigende und spirituelle Atmosph\u00e4re \u2013 perfekt f\u00fcr Kirchen, Gebetsr\u00e4ume, christliche Caf\u00e9s oder als besondere Wanddekoration zu Hause. Ein bedeutungsvolles Symbol, das Herzen ber\u00fchrt und R\u00e4ume erhellt.<\/p>","protected":false},"excerpt":{"rendered":"<p>&#8220;Jesus\u201c Neon-Schild perfekt f\u00fcr Kirchen, Gebetsr\u00e4ume, christliche Caf\u00e9s oder als besondere Wanddekoration zu Hause. Ein bedeutungsvolles Symbol, das Herzen ber\u00fchrt und R\u00e4ume erhellt.<\/p>","protected":false},"featured_media":6407,"comment_status":"open","ping_status":"closed","template":"","meta":{"_acf_changed":false,"_monsterinsights_skip_tracking":false,"_monsterinsights_sitenote_active":false,"_monsterinsights_sitenote_note":"","_monsterinsights_sitenote_category":0,"_kad_post_transparent":"default","_kad_post_title":"","_kad_post_layout":"default","_kad_post_sidebar_id":"","_kad_post_content_style":"default","_kad_post_vertical_padding":"default","_kad_post_feature":"","_kad_post_feature_position":"","_kad_post_header":false,"_kad_post_footer":false},"product_cat":[44,84],"product_tag":[83],"acf":[],"yoast_head":"<!-- This site is optimized with the Yoast SEO plugin v22.9 - https:\/\/yoast.com\/wordpress\/plugins\/seo\/ -->\n<title>Jesus Neon Sign - neon4ever.com<\/title>\n<meta name=\"description\" content=\"&quot;Jesus\u201c Neon-Schild strahlt Hoffnung, Glaube und Frieden aus. Mit seinem leuchtenden Design schafft es eine beruhigende und spirituelle Atmosph\u00e4re\" \/>\n<meta name=\"robots\" content=\"index, follow, max-snippet:-1, max-image-preview:large, max-video-preview:-1\" \/>\n<link rel=\"canonical\" href=\"https:\/\/neon4ever.com\/de\/produkt\/jesus-neon-sign\/\" \/>\n<meta property=\"og:locale\" content=\"de_DE\" \/>\n<meta property=\"og:type\" content=\"article\" \/>\n<meta property=\"og:title\" content=\"Jesus Neon Sign - neon4ever.com\" \/>\n<meta property=\"og:description\" content=\"&quot;Jesus\u201c Neon-Schild strahlt Hoffnung, Glaube und Frieden aus. Mit seinem leuchtenden Design schafft es eine beruhigende und spirituelle Atmosph\u00e4re\" \/>\n<meta property=\"og:url\" content=\"https:\/\/neon4ever.com\/de\/produkt\/jesus-neon-sign\/\" \/>\n<meta property=\"og:site_name\" content=\"neon4ever.com\" \/>\n<meta property=\"article:modified_time\" content=\"2025-02-11T22:37:32+00:00\" \/>\n<meta property=\"og:image\" content=\"https:\/\/neon4ever.com\/wp-content\/uploads\/2024\/03\/13-1.jpg\" \/>\n\t<meta property=\"og:image:width\" content=\"1080\" \/>\n\t<meta property=\"og:image:height\" content=\"1080\" \/>\n\t<meta property=\"og:image:type\" content=\"image\/jpeg\" \/>\n<meta name=\"twitter:card\" content=\"summary_large_image\" \/>\n<meta name=\"twitter:label1\" content=\"Preis\" \/>\n\t<meta name=\"twitter:data1\" content=\"&#036;290.00\" \/>\n\t<meta name=\"twitter:label2\" content=\"Verf\u00fcgbarkeit\" \/>\n\t<meta name=\"twitter:data2\" content=\"Auf Lager\" \/>\n<script type=\"application\/ld+json\" class=\"yoast-schema-graph\">{\"@context\":\"https:\/\/schema.org\",\"@graph\":[{\"@type\":\"WebPage\",\"@id\":\"https:\/\/neon4ever.com\/product\/jesus-neon-sign\/\",\"url\":\"https:\/\/neon4ever.com\/product\/jesus-neon-sign\/\",\"name\":\"Jesus Neon Sign - neon4ever.com\",\"isPartOf\":{\"@id\":\"https:\/\/neon4ever.com\/#website\"},\"primaryImageOfPage\":{\"@id\":\"https:\/\/neon4ever.com\/product\/jesus-neon-sign\/#primaryimage\"},\"image\":{\"@id\":\"https:\/\/neon4ever.com\/product\/jesus-neon-sign\/#primaryimage\"},\"thumbnailUrl\":\"https:\/\/neon4ever.com\/wp-content\/uploads\/2024\/03\/13-1.jpg\",\"datePublished\":\"2024-04-07T17:19:13+00:00\",\"dateModified\":\"2025-02-11T22:37:32+00:00\",\"description\":\"\\\"Jesus\u201c Neon-Schild strahlt Hoffnung, Glaube und Frieden aus. Mit seinem leuchtenden Design schafft es eine beruhigende und spirituelle Atmosph\u00e4re\",\"breadcrumb\":{\"@id\":\"https:\/\/neon4ever.com\/product\/jesus-neon-sign\/#breadcrumb\"},\"inLanguage\":\"de\",\"potentialAction\":[{\"@type\":\"ReadAction\",\"target\":[\"https:\/\/neon4ever.com\/product\/jesus-neon-sign\/\"]}]},{\"@type\":\"ImageObject\",\"inLanguage\":\"de\",\"@id\":\"https:\/\/neon4ever.com\/product\/jesus-neon-sign\/#primaryimage\",\"url\":\"https:\/\/neon4ever.com\/wp-content\/uploads\/2024\/03\/13-1.jpg\",\"contentUrl\":\"https:\/\/neon4ever.com\/wp-content\/uploads\/2024\/03\/13-1.jpg\",\"width\":1080,\"height\":1080,\"caption\":\"Jesus Neon Schild Neon sign\"},{\"@type\":\"BreadcrumbList\",\"@id\":\"https:\/\/neon4ever.com\/product\/jesus-neon-sign\/#breadcrumb\",\"itemListElement\":[{\"@type\":\"ListItem\",\"position\":1,\"name\":\"Home\",\"item\":\"https:\/\/neon4ever.com\/\"},{\"@type\":\"ListItem\",\"position\":2,\"name\":\"Products\",\"item\":\"https:\/\/neon4ever.com\/shop\/\"},{\"@type\":\"ListItem\",\"position\":3,\"name\":\"Jesus Neon Sign\"}]},{\"@type\":\"WebSite\",\"@id\":\"https:\/\/neon4ever.com\/#website\",\"url\":\"https:\/\/neon4ever.com\/\",\"name\":\"neon4ever.com\",\"description\":\"Neon 4 Ever\u00ae - Crafting Custom Neon Signs &amp; LED Lights for the USA &amp; Germany.\",\"publisher\":{\"@id\":\"https:\/\/neon4ever.com\/#organization\"},\"potentialAction\":[{\"@type\":\"SearchAction\",\"target\":{\"@type\":\"EntryPoint\",\"urlTemplate\":\"https:\/\/neon4ever.com\/?s={search_term_string}\"},\"query-input\":\"required name=search_term_string\"}],\"inLanguage\":\"de\"},{\"@type\":\"Organization\",\"@id\":\"https:\/\/neon4ever.com\/#organization\",\"name\":\"neon4ever.com\",\"url\":\"https:\/\/neon4ever.com\/\",\"logo\":{\"@type\":\"ImageObject\",\"inLanguage\":\"de\",\"@id\":\"https:\/\/neon4ever.com\/#\/schema\/logo\/image\/\",\"url\":\"https:\/\/neon4ever.com\/wp-content\/uploads\/2024\/03\/cropped-neon4ever.png\",\"contentUrl\":\"https:\/\/neon4ever.com\/wp-content\/uploads\/2024\/03\/cropped-neon4ever.png\",\"width\":425,\"height\":224,\"caption\":\"neon4ever.com\"},\"image\":{\"@id\":\"https:\/\/neon4ever.com\/#\/schema\/logo\/image\/\"}}]}<\/script>\n<meta property=\"product:price:amount\" content=\"290.00\" \/>\n<meta property=\"product:price:currency\" content=\"USD\" \/>\n<meta property=\"og:availability\" content=\"instock\" \/>\n<meta property=\"product:availability\" content=\"instock\" \/>\n<meta property=\"product:retailer_item_id\" content=\"J-1-1\" \/>\n<meta property=\"product:condition\" content=\"new\" \/>\n<!-- \/ Yoast SEO plugin. -->","yoast_head_json":{"title":"Jesus Neon Sign - neon4ever.com","description":"\"Jesus\u201c Neon-Schild strahlt Hoffnung, Glaube und Frieden aus. Mit seinem leuchtenden Design schafft es eine beruhigende und spirituelle Atmosph\u00e4re","robots":{"index":"index","follow":"follow","max-snippet":"max-snippet:-1","max-image-preview":"max-image-preview:large","max-video-preview":"max-video-preview:-1"},"canonical":"https:\/\/neon4ever.com\/de\/produkt\/jesus-neon-sign\/","og_locale":"de_DE","og_type":"article","og_title":"Jesus Neon Sign - neon4ever.com","og_description":"\"Jesus\u201c Neon-Schild strahlt Hoffnung, Glaube und Frieden aus. Mit seinem leuchtenden Design schafft es eine beruhigende und spirituelle Atmosph\u00e4re","og_url":"https:\/\/neon4ever.com\/de\/produkt\/jesus-neon-sign\/","og_site_name":"neon4ever.com","article_modified_time":"2025-02-11T22:37:32+00:00","og_image":[{"width":1080,"height":1080,"url":"https:\/\/neon4ever.com\/wp-content\/uploads\/2024\/03\/13-1.jpg","type":"image\/jpeg"}],"twitter_card":"summary_large_image","twitter_misc":{"Preis":"&#36;290.00","Verf\u00fcgbarkeit":"Auf Lager"},"schema":{"@context":"https:\/\/schema.org","@graph":[{"@type":"WebPage","@id":"https:\/\/neon4ever.com\/product\/jesus-neon-sign\/","url":"https:\/\/neon4ever.com\/product\/jesus-neon-sign\/","name":"Jesus Neon Sign - neon4ever.com","isPartOf":{"@id":"https:\/\/neon4ever.com\/#website"},"primaryImageOfPage":{"@id":"https:\/\/neon4ever.com\/product\/jesus-neon-sign\/#primaryimage"},"image":{"@id":"https:\/\/neon4ever.com\/product\/jesus-neon-sign\/#primaryimage"},"thumbnailUrl":"https:\/\/neon4ever.com\/wp-content\/uploads\/2024\/03\/13-1.jpg","datePublished":"2024-04-07T17:19:13+00:00","dateModified":"2025-02-11T22:37:32+00:00","description":"\"Jesus\u201c Neon-Schild strahlt Hoffnung, Glaube und Frieden aus. Mit seinem leuchtenden Design schafft es eine beruhigende und spirituelle Atmosph\u00e4re","breadcrumb":{"@id":"https:\/\/neon4ever.com\/product\/jesus-neon-sign\/#breadcrumb"},"inLanguage":"de","potentialAction":[{"@type":"ReadAction","target":["https:\/\/neon4ever.com\/product\/jesus-neon-sign\/"]}]},{"@type":"ImageObject","inLanguage":"de","@id":"https:\/\/neon4ever.com\/product\/jesus-neon-sign\/#primaryimage","url":"https:\/\/neon4ever.com\/wp-content\/uploads\/2024\/03\/13-1.jpg","contentUrl":"https:\/\/neon4ever.com\/wp-content\/uploads\/2024\/03\/13-1.jpg","width":1080,"height":1080,"caption":"Jesus Neon Schild Neon sign"},{"@type":"BreadcrumbList","@id":"https:\/\/neon4ever.com\/product\/jesus-neon-sign\/#breadcrumb","itemListElement":[{"@type":"ListItem","position":1,"name":"Home","item":"https:\/\/neon4ever.com\/"},{"@type":"ListItem","position":2,"name":"Products","item":"https:\/\/neon4ever.com\/shop\/"},{"@type":"ListItem","position":3,"name":"Jesus Neon Sign"}]},{"@type":"WebSite","@id":"https:\/\/neon4ever.com\/#website","url":"https:\/\/neon4ever.com\/","name":"neon4ever.com","description":"Neon 4 Ever\u00ae - Crafting Custom Neon Signs &amp; LED Lights for the USA &amp; Germany.","publisher":{"@id":"https:\/\/neon4ever.com\/#organization"},"potentialAction":[{"@type":"SearchAction","target":{"@type":"EntryPoint","urlTemplate":"https:\/\/neon4ever.com\/?s={search_term_string}"},"query-input":"required name=search_term_string"}],"inLanguage":"de"},{"@type":"Organization","@id":"https:\/\/neon4ever.com\/#organization","name":"neon4ever.com","url":"https:\/\/neon4ever.com\/","logo":{"@type":"ImageObject","inLanguage":"de","@id":"https:\/\/neon4ever.com\/#\/schema\/logo\/image\/","url":"https:\/\/neon4ever.com\/wp-content\/uploads\/2024\/03\/cropped-neon4ever.png","contentUrl":"https:\/\/neon4ever.com\/wp-content\/uploads\/2024\/03\/cropped-neon4ever.png","width":425,"height":224,"caption":"neon4ever.com"},"image":{"@id":"https:\/\/neon4ever.com\/#\/schema\/logo\/image\/"}}]},"product_price_amount":"290.00","product_price_currency":"USD","og_availability":"instock","product_availability":"instock","product_retailer_item_id":"J-1-1","product_condition":"new"},"_links":{"self":[{"href":"https:\/\/neon4ever.com\/de\/wp-json\/wp\/v2\/product\/7538"}],"collection":[{"href":"https:\/\/neon4ever.com\/de\/wp-json\/wp\/v2\/product"}],"about":[{"href":"https:\/\/neon4ever.com\/de\/wp-json\/wp\/v2\/types\/product"}],"replies":[{"embeddable":true,"href":"https:\/\/neon4ever.com\/de\/wp-json\/wp\/v2\/comments?post=7538"}],"wp:featuredmedia":[{"embeddable":true,"href":"https:\/\/neon4ever.com\/de\/wp-json\/wp\/v2\/media\/6407"}],"wp:attachment":[{"href":"https:\/\/neon4ever.com\/de\/wp-json\/wp\/v2\/media?parent=7538"}],"wp:term":[{"taxonomy":"product_cat","embeddable":true,"href":"https:\/\/neon4ever.com\/de\/wp-json\/wp\/v2\/product_cat?post=7538"},{"taxonomy":"product_tag","embeddable":true,"href":"https:\/\/neon4ever.com\/de\/wp-json\/wp\/v2\/product_tag?post=7538"}],"curies":[{"name":"wp","href":"https:\/\/api.w.org\/{rel}","templated":true}]}}