{"id":7535,"date":"2024-04-07T18:15:52","date_gmt":"2024-04-07T17:15:52","guid":{"rendered":"https:\/\/neon4ever.com\/?post_type=product&#038;p=7535"},"modified":"2024-09-16T18:59:54","modified_gmt":"2024-09-16T17:59:54","slug":"pet-neon-schild","status":"publish","type":"product","link":"https:\/\/neon4ever.com\/de\/produkt\/pet-neon-schild\/","title":{"rendered":"Pet"},"content":{"rendered":"<p>Unser ma\u00dfgeschneidertes &#8220;Pet&#8221; Neon-Schild-Design f\u00fcr Haustierl\u00e4den bringt Leben in Ihre Verkaufsfl\u00e4che. Setzen Sie mit einzigartigen, leuchtenden Schildern stilvolle Akzente, die die Aufmerksamkeit von Tierliebhabern auf sich ziehen. Perfekt, um wichtige Bereiche Ihres Ladens, wie Futterstationen, Spielzeugregale oder Pflegebereiche, hervorzuheben. Bringen Sie mit unseren individuellen Neon-Schildern einen Hauch von Kreativit\u00e4t in Ihren Laden und schaffen Sie eine einladende Atmosph\u00e4re f\u00fcr Ihre Kunden und deren tierische Begleiter.&#8221;<\/p>","protected":false},"excerpt":{"rendered":"<p>Unser ma\u00dfgeschneidertes &#8220;Pet&#8221; Neon-Schild-Design f\u00fcr Haustierl\u00e4den bringt Leben in Ihre Verkaufsfl\u00e4che. Setzen Sie mit einzigartigen, leuchtenden Schildern stilvolle Akzente, die die Aufmerksamkeit von Tierliebhabern auf sich ziehen. Perfekt, um wichtige Bereiche Ihres Ladens, wie Futterstationen, Spielzeugregale oder Pflegebereiche, hervorzuheben. Bringen Sie mit unseren individuellen Neon-Schildern einen Hauch von Kreativit\u00e4t in Ihren Laden und schaffen Sie&#8230;<\/p>","protected":false},"featured_media":6412,"comment_status":"open","ping_status":"closed","template":"","meta":{"_acf_changed":false,"_monsterinsights_skip_tracking":false,"_monsterinsights_sitenote_active":false,"_monsterinsights_sitenote_note":"","_monsterinsights_sitenote_category":0,"_kad_post_transparent":"default","_kad_post_title":"","_kad_post_layout":"default","_kad_post_sidebar_id":"","_kad_post_content_style":"default","_kad_post_vertical_padding":"default","_kad_post_feature":"","_kad_post_feature_position":"","_kad_post_header":false,"_kad_post_footer":false},"product_cat":[44,84],"product_tag":[83],"acf":[],"yoast_head":"<!-- This site is optimized with the Yoast SEO plugin v22.9 - https:\/\/yoast.com\/wordpress\/plugins\/seo\/ -->\n<title>Pet - neon4ever.com<\/title>\n<meta name=\"description\" content=\"Unser ma\u00dfgeschneidertes &quot;Pet&quot; Neon-Schild-Design f\u00fcr Haustierl\u00e4den bringt Leben in Ihre Verkaufsfl\u00e4che.\" \/>\n<meta name=\"robots\" content=\"index, follow, max-snippet:-1, max-image-preview:large, max-video-preview:-1\" \/>\n<link rel=\"canonical\" href=\"https:\/\/neon4ever.com\/de\/produkt\/pet-neon-schild\/\" \/>\n<meta property=\"og:locale\" content=\"de_DE\" \/>\n<meta property=\"og:type\" content=\"article\" \/>\n<meta property=\"og:title\" content=\"Pet - neon4ever.com\" \/>\n<meta property=\"og:description\" content=\"Unser ma\u00dfgeschneidertes &quot;Pet&quot; Neon-Schild-Design f\u00fcr Haustierl\u00e4den bringt Leben in Ihre Verkaufsfl\u00e4che.\" \/>\n<meta property=\"og:url\" content=\"https:\/\/neon4ever.com\/de\/produkt\/pet-neon-schild\/\" \/>\n<meta property=\"og:site_name\" content=\"neon4ever.com\" \/>\n<meta property=\"article:modified_time\" content=\"2024-09-16T17:59:54+00:00\" \/>\n<meta property=\"og:image\" content=\"https:\/\/neon4ever.com\/wp-content\/uploads\/2024\/03\/20-1.jpg\" \/>\n\t<meta property=\"og:image:width\" content=\"1080\" \/>\n\t<meta property=\"og:image:height\" content=\"1080\" \/>\n\t<meta property=\"og:image:type\" content=\"image\/jpeg\" \/>\n<meta name=\"twitter:card\" content=\"summary_large_image\" \/>\n<meta name=\"twitter:label1\" content=\"Preis\" \/>\n\t<meta name=\"twitter:data1\" content=\"&#036;259.00\" \/>\n\t<meta name=\"twitter:label2\" content=\"Verf\u00fcgbarkeit\" \/>\n\t<meta name=\"twitter:data2\" content=\"Auf Lager\" \/>\n<script type=\"application\/ld+json\" class=\"yoast-schema-graph\">{\"@context\":\"https:\/\/schema.org\",\"@graph\":[{\"@type\":\"WebPage\",\"@id\":\"https:\/\/neon4ever.com\/product\/pet-neon-schild\/\",\"url\":\"https:\/\/neon4ever.com\/product\/pet-neon-schild\/\",\"name\":\"Pet - neon4ever.com\",\"isPartOf\":{\"@id\":\"https:\/\/neon4ever.com\/#website\"},\"primaryImageOfPage\":{\"@id\":\"https:\/\/neon4ever.com\/product\/pet-neon-schild\/#primaryimage\"},\"image\":{\"@id\":\"https:\/\/neon4ever.com\/product\/pet-neon-schild\/#primaryimage\"},\"thumbnailUrl\":\"https:\/\/neon4ever.com\/wp-content\/uploads\/2024\/03\/20-1.jpg\",\"datePublished\":\"2024-04-07T17:15:52+00:00\",\"dateModified\":\"2024-09-16T17:59:54+00:00\",\"description\":\"Unser ma\u00dfgeschneidertes \\\"Pet\\\" Neon-Schild-Design f\u00fcr Haustierl\u00e4den bringt Leben in Ihre Verkaufsfl\u00e4che.\",\"breadcrumb\":{\"@id\":\"https:\/\/neon4ever.com\/product\/pet-neon-schild\/#breadcrumb\"},\"inLanguage\":\"de\",\"potentialAction\":[{\"@type\":\"ReadAction\",\"target\":[\"https:\/\/neon4ever.com\/product\/pet-neon-schild\/\"]}]},{\"@type\":\"ImageObject\",\"inLanguage\":\"de\",\"@id\":\"https:\/\/neon4ever.com\/product\/pet-neon-schild\/#primaryimage\",\"url\":\"https:\/\/neon4ever.com\/wp-content\/uploads\/2024\/03\/20-1.jpg\",\"contentUrl\":\"https:\/\/neon4ever.com\/wp-content\/uploads\/2024\/03\/20-1.jpg\",\"width\":1080,\"height\":1080,\"caption\":\"Pet neon signs\"},{\"@type\":\"BreadcrumbList\",\"@id\":\"https:\/\/neon4ever.com\/product\/pet-neon-schild\/#breadcrumb\",\"itemListElement\":[{\"@type\":\"ListItem\",\"position\":1,\"name\":\"Home\",\"item\":\"https:\/\/neon4ever.com\/\"},{\"@type\":\"ListItem\",\"position\":2,\"name\":\"Products\",\"item\":\"https:\/\/neon4ever.com\/shop\/\"},{\"@type\":\"ListItem\",\"position\":3,\"name\":\"Pet\"}]},{\"@type\":\"WebSite\",\"@id\":\"https:\/\/neon4ever.com\/#website\",\"url\":\"https:\/\/neon4ever.com\/\",\"name\":\"neon4ever.com\",\"description\":\"Neon 4 Ever\u00ae - Crafting Custom Neon Signs &amp; LED Lights for the USA &amp; Germany.\",\"publisher\":{\"@id\":\"https:\/\/neon4ever.com\/#organization\"},\"potentialAction\":[{\"@type\":\"SearchAction\",\"target\":{\"@type\":\"EntryPoint\",\"urlTemplate\":\"https:\/\/neon4ever.com\/?s={search_term_string}\"},\"query-input\":\"required name=search_term_string\"}],\"inLanguage\":\"de\"},{\"@type\":\"Organization\",\"@id\":\"https:\/\/neon4ever.com\/#organization\",\"name\":\"neon4ever.com\",\"url\":\"https:\/\/neon4ever.com\/\",\"logo\":{\"@type\":\"ImageObject\",\"inLanguage\":\"de\",\"@id\":\"https:\/\/neon4ever.com\/#\/schema\/logo\/image\/\",\"url\":\"https:\/\/neon4ever.com\/wp-content\/uploads\/2024\/03\/cropped-neon4ever.png\",\"contentUrl\":\"https:\/\/neon4ever.com\/wp-content\/uploads\/2024\/03\/cropped-neon4ever.png\",\"width\":425,\"height\":224,\"caption\":\"neon4ever.com\"},\"image\":{\"@id\":\"https:\/\/neon4ever.com\/#\/schema\/logo\/image\/\"}}]}<\/script>\n<meta property=\"product:price:amount\" content=\"259.00\" \/>\n<meta property=\"product:price:currency\" content=\"USD\" \/>\n<meta property=\"og:availability\" content=\"instock\" \/>\n<meta property=\"product:availability\" content=\"instock\" \/>\n<meta property=\"product:retailer_item_id\" content=\"P-3-1\" \/>\n<meta property=\"product:condition\" content=\"new\" \/>\n<!-- \/ Yoast SEO plugin. -->","yoast_head_json":{"title":"Pet - neon4ever.com","description":"Unser ma\u00dfgeschneidertes \"Pet\" Neon-Schild-Design f\u00fcr Haustierl\u00e4den bringt Leben in Ihre Verkaufsfl\u00e4che.","robots":{"index":"index","follow":"follow","max-snippet":"max-snippet:-1","max-image-preview":"max-image-preview:large","max-video-preview":"max-video-preview:-1"},"canonical":"https:\/\/neon4ever.com\/de\/produkt\/pet-neon-schild\/","og_locale":"de_DE","og_type":"article","og_title":"Pet - neon4ever.com","og_description":"Unser ma\u00dfgeschneidertes \"Pet\" Neon-Schild-Design f\u00fcr Haustierl\u00e4den bringt Leben in Ihre Verkaufsfl\u00e4che.","og_url":"https:\/\/neon4ever.com\/de\/produkt\/pet-neon-schild\/","og_site_name":"neon4ever.com","article_modified_time":"2024-09-16T17:59:54+00:00","og_image":[{"width":1080,"height":1080,"url":"https:\/\/neon4ever.com\/wp-content\/uploads\/2024\/03\/20-1.jpg","type":"image\/jpeg"}],"twitter_card":"summary_large_image","twitter_misc":{"Preis":"&#36;259.00","Verf\u00fcgbarkeit":"Auf Lager"},"schema":{"@context":"https:\/\/schema.org","@graph":[{"@type":"WebPage","@id":"https:\/\/neon4ever.com\/product\/pet-neon-schild\/","url":"https:\/\/neon4ever.com\/product\/pet-neon-schild\/","name":"Pet - neon4ever.com","isPartOf":{"@id":"https:\/\/neon4ever.com\/#website"},"primaryImageOfPage":{"@id":"https:\/\/neon4ever.com\/product\/pet-neon-schild\/#primaryimage"},"image":{"@id":"https:\/\/neon4ever.com\/product\/pet-neon-schild\/#primaryimage"},"thumbnailUrl":"https:\/\/neon4ever.com\/wp-content\/uploads\/2024\/03\/20-1.jpg","datePublished":"2024-04-07T17:15:52+00:00","dateModified":"2024-09-16T17:59:54+00:00","description":"Unser ma\u00dfgeschneidertes \"Pet\" Neon-Schild-Design f\u00fcr Haustierl\u00e4den bringt Leben in Ihre Verkaufsfl\u00e4che.","breadcrumb":{"@id":"https:\/\/neon4ever.com\/product\/pet-neon-schild\/#breadcrumb"},"inLanguage":"de","potentialAction":[{"@type":"ReadAction","target":["https:\/\/neon4ever.com\/product\/pet-neon-schild\/"]}]},{"@type":"ImageObject","inLanguage":"de","@id":"https:\/\/neon4ever.com\/product\/pet-neon-schild\/#primaryimage","url":"https:\/\/neon4ever.com\/wp-content\/uploads\/2024\/03\/20-1.jpg","contentUrl":"https:\/\/neon4ever.com\/wp-content\/uploads\/2024\/03\/20-1.jpg","width":1080,"height":1080,"caption":"Pet neon signs"},{"@type":"BreadcrumbList","@id":"https:\/\/neon4ever.com\/product\/pet-neon-schild\/#breadcrumb","itemListElement":[{"@type":"ListItem","position":1,"name":"Home","item":"https:\/\/neon4ever.com\/"},{"@type":"ListItem","position":2,"name":"Products","item":"https:\/\/neon4ever.com\/shop\/"},{"@type":"ListItem","position":3,"name":"Pet"}]},{"@type":"WebSite","@id":"https:\/\/neon4ever.com\/#website","url":"https:\/\/neon4ever.com\/","name":"neon4ever.com","description":"Neon 4 Ever\u00ae - Crafting Custom Neon Signs &amp; LED Lights for the USA &amp; Germany.","publisher":{"@id":"https:\/\/neon4ever.com\/#organization"},"potentialAction":[{"@type":"SearchAction","target":{"@type":"EntryPoint","urlTemplate":"https:\/\/neon4ever.com\/?s={search_term_string}"},"query-input":"required name=search_term_string"}],"inLanguage":"de"},{"@type":"Organization","@id":"https:\/\/neon4ever.com\/#organization","name":"neon4ever.com","url":"https:\/\/neon4ever.com\/","logo":{"@type":"ImageObject","inLanguage":"de","@id":"https:\/\/neon4ever.com\/#\/schema\/logo\/image\/","url":"https:\/\/neon4ever.com\/wp-content\/uploads\/2024\/03\/cropped-neon4ever.png","contentUrl":"https:\/\/neon4ever.com\/wp-content\/uploads\/2024\/03\/cropped-neon4ever.png","width":425,"height":224,"caption":"neon4ever.com"},"image":{"@id":"https:\/\/neon4ever.com\/#\/schema\/logo\/image\/"}}]},"product_price_amount":"259.00","product_price_currency":"USD","og_availability":"instock","product_availability":"instock","product_retailer_item_id":"P-3-1","product_condition":"new"},"_links":{"self":[{"href":"https:\/\/neon4ever.com\/de\/wp-json\/wp\/v2\/product\/7535"}],"collection":[{"href":"https:\/\/neon4ever.com\/de\/wp-json\/wp\/v2\/product"}],"about":[{"href":"https:\/\/neon4ever.com\/de\/wp-json\/wp\/v2\/types\/product"}],"replies":[{"embeddable":true,"href":"https:\/\/neon4ever.com\/de\/wp-json\/wp\/v2\/comments?post=7535"}],"wp:featuredmedia":[{"embeddable":true,"href":"https:\/\/neon4ever.com\/de\/wp-json\/wp\/v2\/media\/6412"}],"wp:attachment":[{"href":"https:\/\/neon4ever.com\/de\/wp-json\/wp\/v2\/media?parent=7535"}],"wp:term":[{"taxonomy":"product_cat","embeddable":true,"href":"https:\/\/neon4ever.com\/de\/wp-json\/wp\/v2\/product_cat?post=7535"},{"taxonomy":"product_tag","embeddable":true,"href":"https:\/\/neon4ever.com\/de\/wp-json\/wp\/v2\/product_tag?post=7535"}],"curies":[{"name":"wp","href":"https:\/\/api.w.org\/{rel}","templated":true}]}}