{"id":7531,"date":"2024-04-07T18:10:52","date_gmt":"2024-04-07T17:10:52","guid":{"rendered":"https:\/\/neon4ever.com\/?post_type=product&#038;p=7531"},"modified":"2024-04-20T16:19:24","modified_gmt":"2024-04-20T15:19:24","slug":"bridal-car-led-neon-sign","status":"publish","type":"product","link":"https:\/\/neon4ever.com\/de\/produkt\/bridal-car-led-neon-sign\/","title":{"rendered":"Bridal Car Led Neon Sign"},"content":{"rendered":"<p>Mit leuchtenden Farben und auff\u00e4lligem Design wird dieses Schild die Aufmerksamkeit Ihrer Kunden auf sich ziehen.<\/p>\n<p>Unsere Lets Party LED-Leuchtreklame ist die ideale Erg\u00e4nzung zu Ihrer Werbeausstattung. Die leuchtenden Farben und das klare, gut sichtbare Design sorgen daf\u00fcr, dass Ihr Angebot nicht \u00fcbersehen wird und sich Ihre Kunden direkt angesprochen f\u00fchlen.<\/p>\n<p>Das Schild besteht aus hochwertigem, flexiblem LED-Neon und ist leicht und einfach an der Wand oder im Schaufenster zu montieren. Das energieeffiziente Beleuchtungssystem ist langlebig und wartungsfrei, sodass Sie sich um die Beleuchtung Ihres Grundst\u00fccks keine Sorgen machen m\u00fcssen.<\/p>","protected":false},"excerpt":{"rendered":"<p>Unsere exklusive Brautauto-Leuchtreklame ist die ideale Erg\u00e4nzung zu Ihrer Werbeausstattung.<\/p>","protected":false},"featured_media":6422,"comment_status":"closed","ping_status":"closed","template":"","meta":{"_acf_changed":false,"_monsterinsights_skip_tracking":false,"_monsterinsights_sitenote_active":false,"_monsterinsights_sitenote_note":"","_monsterinsights_sitenote_category":0,"_kad_post_transparent":"default","_kad_post_title":"","_kad_post_layout":"default","_kad_post_sidebar_id":"","_kad_post_content_style":"default","_kad_post_vertical_padding":"default","_kad_post_feature":"","_kad_post_feature_position":"","_kad_post_header":false,"_kad_post_footer":false},"product_cat":[43,44,37,73],"product_tag":[83],"acf":[],"yoast_head":"<!-- This site is optimized with the Yoast SEO plugin v22.9 - https:\/\/yoast.com\/wordpress\/plugins\/seo\/ -->\n<title>Bridal Car Led Neon Sign - neon4ever.com<\/title>\n<meta name=\"robots\" content=\"index, follow, max-snippet:-1, max-image-preview:large, max-video-preview:-1\" \/>\n<link rel=\"canonical\" href=\"https:\/\/neon4ever.com\/de\/produkt\/bridal-car-led-neon-sign\/\" \/>\n<meta property=\"og:locale\" content=\"de_DE\" \/>\n<meta property=\"og:type\" content=\"article\" \/>\n<meta property=\"og:title\" content=\"Bridal Car Led Neon Sign - neon4ever.com\" \/>\n<meta property=\"og:description\" content=\"Our exclusive bridal car neon sign is the ideal addition to your advertising equipment.\" \/>\n<meta property=\"og:url\" content=\"https:\/\/neon4ever.com\/de\/produkt\/bridal-car-led-neon-sign\/\" \/>\n<meta property=\"og:site_name\" content=\"neon4ever.com\" \/>\n<meta property=\"article:modified_time\" content=\"2024-04-20T15:19:24+00:00\" \/>\n<meta property=\"og:image\" content=\"https:\/\/neon4ever.com\/wp-content\/uploads\/2024\/03\/elegant-bride-s-attire-2-1.jpg\" \/>\n\t<meta property=\"og:image:width\" content=\"1000\" \/>\n\t<meta property=\"og:image:height\" content=\"1000\" \/>\n\t<meta property=\"og:image:type\" content=\"image\/jpeg\" \/>\n<meta name=\"twitter:card\" content=\"summary_large_image\" \/>\n<meta name=\"twitter:label1\" content=\"Verf\u00fcgbarkeit\" \/>\n\t<meta name=\"twitter:data1\" content=\"Auf Lager\" \/>\n<script type=\"application\/ld+json\" class=\"yoast-schema-graph\">{\"@context\":\"https:\/\/schema.org\",\"@graph\":[{\"@type\":\"WebPage\",\"@id\":\"https:\/\/neon4ever.com\/product\/bridal-car-led-neon-sign\/\",\"url\":\"https:\/\/neon4ever.com\/product\/bridal-car-led-neon-sign\/\",\"name\":\"Bridal Car Led Neon Sign - neon4ever.com\",\"isPartOf\":{\"@id\":\"https:\/\/neon4ever.com\/#website\"},\"primaryImageOfPage\":{\"@id\":\"https:\/\/neon4ever.com\/product\/bridal-car-led-neon-sign\/#primaryimage\"},\"image\":{\"@id\":\"https:\/\/neon4ever.com\/product\/bridal-car-led-neon-sign\/#primaryimage\"},\"thumbnailUrl\":\"https:\/\/neon4ever.com\/wp-content\/uploads\/2024\/03\/elegant-bride-s-attire-2-1.jpg\",\"datePublished\":\"2024-04-07T17:10:52+00:00\",\"dateModified\":\"2024-04-20T15:19:24+00:00\",\"breadcrumb\":{\"@id\":\"https:\/\/neon4ever.com\/product\/bridal-car-led-neon-sign\/#breadcrumb\"},\"inLanguage\":\"de\",\"potentialAction\":[{\"@type\":\"ReadAction\",\"target\":[\"https:\/\/neon4ever.com\/product\/bridal-car-led-neon-sign\/\"]}]},{\"@type\":\"ImageObject\",\"inLanguage\":\"de\",\"@id\":\"https:\/\/neon4ever.com\/product\/bridal-car-led-neon-sign\/#primaryimage\",\"url\":\"https:\/\/neon4ever.com\/wp-content\/uploads\/2024\/03\/elegant-bride-s-attire-2-1.jpg\",\"contentUrl\":\"https:\/\/neon4ever.com\/wp-content\/uploads\/2024\/03\/elegant-bride-s-attire-2-1.jpg\",\"width\":1000,\"height\":1000,\"caption\":\"Brautwagen Led Neon Schild\"},{\"@type\":\"BreadcrumbList\",\"@id\":\"https:\/\/neon4ever.com\/product\/bridal-car-led-neon-sign\/#breadcrumb\",\"itemListElement\":[{\"@type\":\"ListItem\",\"position\":1,\"name\":\"Home\",\"item\":\"https:\/\/neon4ever.com\/\"},{\"@type\":\"ListItem\",\"position\":2,\"name\":\"Products\",\"item\":\"https:\/\/neon4ever.com\/shop\/\"},{\"@type\":\"ListItem\",\"position\":3,\"name\":\"Bridal Car Led Neon Sign\"}]},{\"@type\":\"WebSite\",\"@id\":\"https:\/\/neon4ever.com\/#website\",\"url\":\"https:\/\/neon4ever.com\/\",\"name\":\"neon4ever.com\",\"description\":\"Neon 4 Ever\u00ae - Crafting Custom Neon Signs &amp; LED Lights for the USA &amp; Germany.\",\"publisher\":{\"@id\":\"https:\/\/neon4ever.com\/#organization\"},\"potentialAction\":[{\"@type\":\"SearchAction\",\"target\":{\"@type\":\"EntryPoint\",\"urlTemplate\":\"https:\/\/neon4ever.com\/?s={search_term_string}\"},\"query-input\":\"required name=search_term_string\"}],\"inLanguage\":\"de\"},{\"@type\":\"Organization\",\"@id\":\"https:\/\/neon4ever.com\/#organization\",\"name\":\"neon4ever.com\",\"url\":\"https:\/\/neon4ever.com\/\",\"logo\":{\"@type\":\"ImageObject\",\"inLanguage\":\"de\",\"@id\":\"https:\/\/neon4ever.com\/#\/schema\/logo\/image\/\",\"url\":\"https:\/\/neon4ever.com\/wp-content\/uploads\/2024\/03\/cropped-neon4ever.png\",\"contentUrl\":\"https:\/\/neon4ever.com\/wp-content\/uploads\/2024\/03\/cropped-neon4ever.png\",\"width\":425,\"height\":224,\"caption\":\"neon4ever.com\"},\"image\":{\"@id\":\"https:\/\/neon4ever.com\/#\/schema\/logo\/image\/\"}}]}<\/script>\n<meta property=\"og:availability\" content=\"instock\" \/>\n<meta property=\"product:availability\" content=\"instock\" \/>\n<meta property=\"product:retailer_item_id\" content=\"B-7-1\" \/>\n<meta property=\"product:condition\" content=\"new\" \/>\n<!-- \/ Yoast SEO plugin. -->","yoast_head_json":{"title":"Bridal Car Led Neon Sign - neon4ever.com","robots":{"index":"index","follow":"follow","max-snippet":"max-snippet:-1","max-image-preview":"max-image-preview:large","max-video-preview":"max-video-preview:-1"},"canonical":"https:\/\/neon4ever.com\/de\/produkt\/bridal-car-led-neon-sign\/","og_locale":"de_DE","og_type":"article","og_title":"Bridal Car Led Neon Sign - neon4ever.com","og_description":"Our exclusive bridal car neon sign is the ideal addition to your advertising equipment.","og_url":"https:\/\/neon4ever.com\/de\/produkt\/bridal-car-led-neon-sign\/","og_site_name":"neon4ever.com","article_modified_time":"2024-04-20T15:19:24+00:00","og_image":[{"width":1000,"height":1000,"url":"https:\/\/neon4ever.com\/wp-content\/uploads\/2024\/03\/elegant-bride-s-attire-2-1.jpg","type":"image\/jpeg"}],"twitter_card":"summary_large_image","twitter_misc":{"Verf\u00fcgbarkeit":"Auf Lager"},"schema":{"@context":"https:\/\/schema.org","@graph":[{"@type":"WebPage","@id":"https:\/\/neon4ever.com\/product\/bridal-car-led-neon-sign\/","url":"https:\/\/neon4ever.com\/product\/bridal-car-led-neon-sign\/","name":"Bridal Car Led Neon Sign - neon4ever.com","isPartOf":{"@id":"https:\/\/neon4ever.com\/#website"},"primaryImageOfPage":{"@id":"https:\/\/neon4ever.com\/product\/bridal-car-led-neon-sign\/#primaryimage"},"image":{"@id":"https:\/\/neon4ever.com\/product\/bridal-car-led-neon-sign\/#primaryimage"},"thumbnailUrl":"https:\/\/neon4ever.com\/wp-content\/uploads\/2024\/03\/elegant-bride-s-attire-2-1.jpg","datePublished":"2024-04-07T17:10:52+00:00","dateModified":"2024-04-20T15:19:24+00:00","breadcrumb":{"@id":"https:\/\/neon4ever.com\/product\/bridal-car-led-neon-sign\/#breadcrumb"},"inLanguage":"de","potentialAction":[{"@type":"ReadAction","target":["https:\/\/neon4ever.com\/product\/bridal-car-led-neon-sign\/"]}]},{"@type":"ImageObject","inLanguage":"de","@id":"https:\/\/neon4ever.com\/product\/bridal-car-led-neon-sign\/#primaryimage","url":"https:\/\/neon4ever.com\/wp-content\/uploads\/2024\/03\/elegant-bride-s-attire-2-1.jpg","contentUrl":"https:\/\/neon4ever.com\/wp-content\/uploads\/2024\/03\/elegant-bride-s-attire-2-1.jpg","width":1000,"height":1000,"caption":"Brautwagen Led Neon Schild"},{"@type":"BreadcrumbList","@id":"https:\/\/neon4ever.com\/product\/bridal-car-led-neon-sign\/#breadcrumb","itemListElement":[{"@type":"ListItem","position":1,"name":"Home","item":"https:\/\/neon4ever.com\/"},{"@type":"ListItem","position":2,"name":"Products","item":"https:\/\/neon4ever.com\/shop\/"},{"@type":"ListItem","position":3,"name":"Bridal Car Led Neon Sign"}]},{"@type":"WebSite","@id":"https:\/\/neon4ever.com\/#website","url":"https:\/\/neon4ever.com\/","name":"neon4ever.com","description":"Neon 4 Ever\u00ae - Crafting Custom Neon Signs &amp; LED Lights for the USA &amp; Germany.","publisher":{"@id":"https:\/\/neon4ever.com\/#organization"},"potentialAction":[{"@type":"SearchAction","target":{"@type":"EntryPoint","urlTemplate":"https:\/\/neon4ever.com\/?s={search_term_string}"},"query-input":"required name=search_term_string"}],"inLanguage":"de"},{"@type":"Organization","@id":"https:\/\/neon4ever.com\/#organization","name":"neon4ever.com","url":"https:\/\/neon4ever.com\/","logo":{"@type":"ImageObject","inLanguage":"de","@id":"https:\/\/neon4ever.com\/#\/schema\/logo\/image\/","url":"https:\/\/neon4ever.com\/wp-content\/uploads\/2024\/03\/cropped-neon4ever.png","contentUrl":"https:\/\/neon4ever.com\/wp-content\/uploads\/2024\/03\/cropped-neon4ever.png","width":425,"height":224,"caption":"neon4ever.com"},"image":{"@id":"https:\/\/neon4ever.com\/#\/schema\/logo\/image\/"}}]},"og_availability":"instock","product_availability":"instock","product_retailer_item_id":"B-7-1","product_condition":"new"},"_links":{"self":[{"href":"https:\/\/neon4ever.com\/de\/wp-json\/wp\/v2\/product\/7531"}],"collection":[{"href":"https:\/\/neon4ever.com\/de\/wp-json\/wp\/v2\/product"}],"about":[{"href":"https:\/\/neon4ever.com\/de\/wp-json\/wp\/v2\/types\/product"}],"replies":[{"embeddable":true,"href":"https:\/\/neon4ever.com\/de\/wp-json\/wp\/v2\/comments?post=7531"}],"wp:featuredmedia":[{"embeddable":true,"href":"https:\/\/neon4ever.com\/de\/wp-json\/wp\/v2\/media\/6422"}],"wp:attachment":[{"href":"https:\/\/neon4ever.com\/de\/wp-json\/wp\/v2\/media?parent=7531"}],"wp:term":[{"taxonomy":"product_cat","embeddable":true,"href":"https:\/\/neon4ever.com\/de\/wp-json\/wp\/v2\/product_cat?post=7531"},{"taxonomy":"product_tag","embeddable":true,"href":"https:\/\/neon4ever.com\/de\/wp-json\/wp\/v2\/product_tag?post=7531"}],"curies":[{"name":"wp","href":"https:\/\/api.w.org\/{rel}","templated":true}]}}