{"id":7529,"date":"2024-04-07T18:09:36","date_gmt":"2024-04-07T17:09:36","guid":{"rendered":"https:\/\/neon4ever.com\/?post_type=product&#038;p=7529"},"modified":"2025-02-13T16:54:12","modified_gmt":"2025-02-13T16:54:12","slug":"its-a-boy-sign","status":"publish","type":"product","link":"https:\/\/neon4ever.com\/de\/produkt\/its-a-boy-sign\/","title":{"rendered":"its a Boy"},"content":{"rendered":"<p>Feiern Sie den Beginn des Abenteuers mit unserem exklusiven LED-Neonschild \u201eIt\u2019s a Boy\u201c. Dieses bezaubernde Design verleiht der Babyparty eine festliche Atmosph\u00e4re und strahlt Freude \u00fcber die Ankunft des kleinen Jungen aus. Ein einzigartiges Geschenk und dekoratives Highlight f\u00fcr diesen besonderen Anlass.<\/p>","protected":false},"excerpt":{"rendered":"<p>Unsere LED-Leuchtreklame \u201eits a Boy\u201c im exklusiven Design ist die ideale Erg\u00e4nzung f\u00fcr Ihre Babyparty.<\/p>","protected":false},"featured_media":6425,"comment_status":"closed","ping_status":"closed","template":"","meta":{"_acf_changed":false,"_monsterinsights_skip_tracking":false,"_monsterinsights_sitenote_active":false,"_monsterinsights_sitenote_note":"","_monsterinsights_sitenote_category":0,"_kad_post_transparent":"default","_kad_post_title":"","_kad_post_layout":"default","_kad_post_sidebar_id":"","_kad_post_content_style":"default","_kad_post_vertical_padding":"default","_kad_post_feature":"","_kad_post_feature_position":"","_kad_post_header":false,"_kad_post_footer":false},"product_cat":[43,37,84],"product_tag":[83],"acf":[],"yoast_head":"<!-- This site is optimized with the Yoast SEO plugin v22.9 - https:\/\/yoast.com\/wordpress\/plugins\/seo\/ -->\n<title>its a Boy - neon4ever.com<\/title>\n<meta name=\"robots\" content=\"index, follow, max-snippet:-1, max-image-preview:large, max-video-preview:-1\" \/>\n<link rel=\"canonical\" href=\"https:\/\/neon4ever.com\/de\/produkt\/its-a-boy-sign\/\" \/>\n<meta property=\"og:locale\" content=\"de_DE\" \/>\n<meta property=\"og:type\" content=\"article\" \/>\n<meta property=\"og:title\" content=\"its a Boy - neon4ever.com\" \/>\n<meta property=\"og:description\" content=\"Our exclusive design &quot;its a Boy&quot; LED neon sign is the ideal addition to your baby shower.\" \/>\n<meta property=\"og:url\" content=\"https:\/\/neon4ever.com\/de\/produkt\/its-a-boy-sign\/\" \/>\n<meta property=\"og:site_name\" content=\"neon4ever.com\" \/>\n<meta property=\"article:modified_time\" content=\"2025-02-13T16:54:12+00:00\" \/>\n<meta property=\"og:image\" content=\"https:\/\/neon4ever.com\/wp-content\/uploads\/2024\/03\/photo-zone-with-balloons-holiday-web-scaled-2.jpg\" \/>\n\t<meta property=\"og:image:width\" content=\"2560\" \/>\n\t<meta property=\"og:image:height\" content=\"2560\" \/>\n\t<meta property=\"og:image:type\" content=\"image\/jpeg\" \/>\n<meta name=\"twitter:card\" content=\"summary_large_image\" \/>\n<meta name=\"twitter:label1\" content=\"Verf\u00fcgbarkeit\" \/>\n\t<meta name=\"twitter:data1\" content=\"Auf Lager\" \/>\n<script type=\"application\/ld+json\" class=\"yoast-schema-graph\">{\"@context\":\"https:\/\/schema.org\",\"@graph\":[{\"@type\":\"WebPage\",\"@id\":\"https:\/\/neon4ever.com\/product\/its-a-boy-sign\/\",\"url\":\"https:\/\/neon4ever.com\/product\/its-a-boy-sign\/\",\"name\":\"its a Boy - neon4ever.com\",\"isPartOf\":{\"@id\":\"https:\/\/neon4ever.com\/#website\"},\"primaryImageOfPage\":{\"@id\":\"https:\/\/neon4ever.com\/product\/its-a-boy-sign\/#primaryimage\"},\"image\":{\"@id\":\"https:\/\/neon4ever.com\/product\/its-a-boy-sign\/#primaryimage\"},\"thumbnailUrl\":\"https:\/\/neon4ever.com\/wp-content\/uploads\/2024\/03\/photo-zone-with-balloons-holiday-web-scaled-2.jpg\",\"datePublished\":\"2024-04-07T17:09:36+00:00\",\"dateModified\":\"2025-02-13T16:54:12+00:00\",\"breadcrumb\":{\"@id\":\"https:\/\/neon4ever.com\/product\/its-a-boy-sign\/#breadcrumb\"},\"inLanguage\":\"de\",\"potentialAction\":[{\"@type\":\"ReadAction\",\"target\":[\"https:\/\/neon4ever.com\/product\/its-a-boy-sign\/\"]}]},{\"@type\":\"ImageObject\",\"inLanguage\":\"de\",\"@id\":\"https:\/\/neon4ever.com\/product\/its-a-boy-sign\/#primaryimage\",\"url\":\"https:\/\/neon4ever.com\/wp-content\/uploads\/2024\/03\/photo-zone-with-balloons-holiday-web-scaled-2.jpg\",\"contentUrl\":\"https:\/\/neon4ever.com\/wp-content\/uploads\/2024\/03\/photo-zone-with-balloons-holiday-web-scaled-2.jpg\",\"width\":2560,\"height\":2560,\"caption\":\"its a Boy neon signs\"},{\"@type\":\"BreadcrumbList\",\"@id\":\"https:\/\/neon4ever.com\/product\/its-a-boy-sign\/#breadcrumb\",\"itemListElement\":[{\"@type\":\"ListItem\",\"position\":1,\"name\":\"Home\",\"item\":\"https:\/\/neon4ever.com\/\"},{\"@type\":\"ListItem\",\"position\":2,\"name\":\"Products\",\"item\":\"https:\/\/neon4ever.com\/shop\/\"},{\"@type\":\"ListItem\",\"position\":3,\"name\":\"its a Boy\"}]},{\"@type\":\"WebSite\",\"@id\":\"https:\/\/neon4ever.com\/#website\",\"url\":\"https:\/\/neon4ever.com\/\",\"name\":\"neon4ever.com\",\"description\":\"Neon 4 Ever\u00ae - Crafting Custom Neon Signs &amp; LED Lights for the USA &amp; Germany.\",\"publisher\":{\"@id\":\"https:\/\/neon4ever.com\/#organization\"},\"potentialAction\":[{\"@type\":\"SearchAction\",\"target\":{\"@type\":\"EntryPoint\",\"urlTemplate\":\"https:\/\/neon4ever.com\/?s={search_term_string}\"},\"query-input\":\"required name=search_term_string\"}],\"inLanguage\":\"de\"},{\"@type\":\"Organization\",\"@id\":\"https:\/\/neon4ever.com\/#organization\",\"name\":\"neon4ever.com\",\"url\":\"https:\/\/neon4ever.com\/\",\"logo\":{\"@type\":\"ImageObject\",\"inLanguage\":\"de\",\"@id\":\"https:\/\/neon4ever.com\/#\/schema\/logo\/image\/\",\"url\":\"https:\/\/neon4ever.com\/wp-content\/uploads\/2024\/03\/cropped-neon4ever.png\",\"contentUrl\":\"https:\/\/neon4ever.com\/wp-content\/uploads\/2024\/03\/cropped-neon4ever.png\",\"width\":425,\"height\":224,\"caption\":\"neon4ever.com\"},\"image\":{\"@id\":\"https:\/\/neon4ever.com\/#\/schema\/logo\/image\/\"}}]}<\/script>\n<meta property=\"og:availability\" content=\"instock\" \/>\n<meta property=\"product:availability\" content=\"instock\" \/>\n<meta property=\"product:retailer_item_id\" content=\"L-4-1\" \/>\n<meta property=\"product:condition\" content=\"new\" \/>\n<!-- \/ Yoast SEO plugin. -->","yoast_head_json":{"title":"its a Boy - neon4ever.com","robots":{"index":"index","follow":"follow","max-snippet":"max-snippet:-1","max-image-preview":"max-image-preview:large","max-video-preview":"max-video-preview:-1"},"canonical":"https:\/\/neon4ever.com\/de\/produkt\/its-a-boy-sign\/","og_locale":"de_DE","og_type":"article","og_title":"its a Boy - neon4ever.com","og_description":"Our exclusive design \"its a Boy\" LED neon sign is the ideal addition to your baby shower.","og_url":"https:\/\/neon4ever.com\/de\/produkt\/its-a-boy-sign\/","og_site_name":"neon4ever.com","article_modified_time":"2025-02-13T16:54:12+00:00","og_image":[{"width":2560,"height":2560,"url":"https:\/\/neon4ever.com\/wp-content\/uploads\/2024\/03\/photo-zone-with-balloons-holiday-web-scaled-2.jpg","type":"image\/jpeg"}],"twitter_card":"summary_large_image","twitter_misc":{"Verf\u00fcgbarkeit":"Auf Lager"},"schema":{"@context":"https:\/\/schema.org","@graph":[{"@type":"WebPage","@id":"https:\/\/neon4ever.com\/product\/its-a-boy-sign\/","url":"https:\/\/neon4ever.com\/product\/its-a-boy-sign\/","name":"its a Boy - neon4ever.com","isPartOf":{"@id":"https:\/\/neon4ever.com\/#website"},"primaryImageOfPage":{"@id":"https:\/\/neon4ever.com\/product\/its-a-boy-sign\/#primaryimage"},"image":{"@id":"https:\/\/neon4ever.com\/product\/its-a-boy-sign\/#primaryimage"},"thumbnailUrl":"https:\/\/neon4ever.com\/wp-content\/uploads\/2024\/03\/photo-zone-with-balloons-holiday-web-scaled-2.jpg","datePublished":"2024-04-07T17:09:36+00:00","dateModified":"2025-02-13T16:54:12+00:00","breadcrumb":{"@id":"https:\/\/neon4ever.com\/product\/its-a-boy-sign\/#breadcrumb"},"inLanguage":"de","potentialAction":[{"@type":"ReadAction","target":["https:\/\/neon4ever.com\/product\/its-a-boy-sign\/"]}]},{"@type":"ImageObject","inLanguage":"de","@id":"https:\/\/neon4ever.com\/product\/its-a-boy-sign\/#primaryimage","url":"https:\/\/neon4ever.com\/wp-content\/uploads\/2024\/03\/photo-zone-with-balloons-holiday-web-scaled-2.jpg","contentUrl":"https:\/\/neon4ever.com\/wp-content\/uploads\/2024\/03\/photo-zone-with-balloons-holiday-web-scaled-2.jpg","width":2560,"height":2560,"caption":"its a Boy neon signs"},{"@type":"BreadcrumbList","@id":"https:\/\/neon4ever.com\/product\/its-a-boy-sign\/#breadcrumb","itemListElement":[{"@type":"ListItem","position":1,"name":"Home","item":"https:\/\/neon4ever.com\/"},{"@type":"ListItem","position":2,"name":"Products","item":"https:\/\/neon4ever.com\/shop\/"},{"@type":"ListItem","position":3,"name":"its a Boy"}]},{"@type":"WebSite","@id":"https:\/\/neon4ever.com\/#website","url":"https:\/\/neon4ever.com\/","name":"neon4ever.com","description":"Neon 4 Ever\u00ae - Crafting Custom Neon Signs &amp; LED Lights for the USA &amp; Germany.","publisher":{"@id":"https:\/\/neon4ever.com\/#organization"},"potentialAction":[{"@type":"SearchAction","target":{"@type":"EntryPoint","urlTemplate":"https:\/\/neon4ever.com\/?s={search_term_string}"},"query-input":"required name=search_term_string"}],"inLanguage":"de"},{"@type":"Organization","@id":"https:\/\/neon4ever.com\/#organization","name":"neon4ever.com","url":"https:\/\/neon4ever.com\/","logo":{"@type":"ImageObject","inLanguage":"de","@id":"https:\/\/neon4ever.com\/#\/schema\/logo\/image\/","url":"https:\/\/neon4ever.com\/wp-content\/uploads\/2024\/03\/cropped-neon4ever.png","contentUrl":"https:\/\/neon4ever.com\/wp-content\/uploads\/2024\/03\/cropped-neon4ever.png","width":425,"height":224,"caption":"neon4ever.com"},"image":{"@id":"https:\/\/neon4ever.com\/#\/schema\/logo\/image\/"}}]},"og_availability":"instock","product_availability":"instock","product_retailer_item_id":"L-4-1","product_condition":"new"},"_links":{"self":[{"href":"https:\/\/neon4ever.com\/de\/wp-json\/wp\/v2\/product\/7529"}],"collection":[{"href":"https:\/\/neon4ever.com\/de\/wp-json\/wp\/v2\/product"}],"about":[{"href":"https:\/\/neon4ever.com\/de\/wp-json\/wp\/v2\/types\/product"}],"replies":[{"embeddable":true,"href":"https:\/\/neon4ever.com\/de\/wp-json\/wp\/v2\/comments?post=7529"}],"wp:featuredmedia":[{"embeddable":true,"href":"https:\/\/neon4ever.com\/de\/wp-json\/wp\/v2\/media\/6425"}],"wp:attachment":[{"href":"https:\/\/neon4ever.com\/de\/wp-json\/wp\/v2\/media?parent=7529"}],"wp:term":[{"taxonomy":"product_cat","embeddable":true,"href":"https:\/\/neon4ever.com\/de\/wp-json\/wp\/v2\/product_cat?post=7529"},{"taxonomy":"product_tag","embeddable":true,"href":"https:\/\/neon4ever.com\/de\/wp-json\/wp\/v2\/product_tag?post=7529"}],"curies":[{"name":"wp","href":"https:\/\/api.w.org\/{rel}","templated":true}]}}