{"id":11635,"date":"2024-10-13T23:32:46","date_gmt":"2024-10-13T22:32:46","guid":{"rendered":"https:\/\/neon4ever.com\/?post_type=product&#038;p=11635"},"modified":"2025-02-13T16:39:20","modified_gmt":"2025-02-13T16:39:20","slug":"unvergessliche-dekorationen","status":"publish","type":"product","link":"https:\/\/neon4ever.com\/de\/produkt\/unvergessliche-dekorationen\/","title":{"rendered":"Unvergessliche Dekorationen"},"content":{"rendered":"<p>Wir gestalten unvergessliche Dekorationen f\u00fcr besondere Anl\u00e4sse wie Geburtstage, Hochzeiten, Verlobungen und romantische Momente. Ob als \u00dcberraschung f\u00fcr den Partner oder f\u00fcr einen besonderen Tag, wir bringen mit Ballons, Neonschildern, Blumen und vielem mehr eine zauberhafte Atmosph\u00e4re in Ihr Zuhause, Hotelzimmer, Krankenhauszimmer oder auch an Outdoor-Locations. Lassen Sie uns Ihren Moment unvergesslich machen!<\/p>","protected":false},"excerpt":{"rendered":"<p>Wir gestalten unvergessliche Dekorationen f\u00fcr besondere Anl\u00e4sse wie Geburtstage, Hochzeiten, Verlobungen und romantische Momente.<\/p>","protected":false},"featured_media":11636,"comment_status":"closed","ping_status":"closed","template":"","meta":{"_acf_changed":false,"_monsterinsights_skip_tracking":false,"_monsterinsights_sitenote_active":false,"_monsterinsights_sitenote_note":"","_monsterinsights_sitenote_category":0,"_kad_post_transparent":"default","_kad_post_title":"","_kad_post_layout":"default","_kad_post_sidebar_id":"","_kad_post_content_style":"default","_kad_post_vertical_padding":"default","_kad_post_feature":"","_kad_post_feature_position":"","_kad_post_header":false,"_kad_post_footer":false},"product_cat":[57,43,37,85,73],"product_tag":[],"acf":[],"yoast_head":"<!-- This site is optimized with the Yoast SEO plugin v22.9 - https:\/\/yoast.com\/wordpress\/plugins\/seo\/ -->\n<title>Unvergessliche Dekorationen - neon4ever.com<\/title>\n<meta name=\"description\" content=\"Wir gestalten unvergessliche Dekorationen f\u00fcr besondere Anl\u00e4sse wie Geburtstage, Hochzeiten, Verlobungen und romantische Momente.\" \/>\n<meta name=\"robots\" content=\"index, follow, max-snippet:-1, max-image-preview:large, max-video-preview:-1\" \/>\n<link rel=\"canonical\" href=\"https:\/\/neon4ever.com\/de\/produkt\/unvergessliche-dekorationen\/\" \/>\n<meta property=\"og:locale\" content=\"de_DE\" \/>\n<meta property=\"og:type\" content=\"article\" \/>\n<meta property=\"og:title\" content=\"Unvergessliche Dekorationen - neon4ever.com\" \/>\n<meta property=\"og:description\" content=\"Wir gestalten unvergessliche Dekorationen f\u00fcr besondere Anl\u00e4sse wie Geburtstage, Hochzeiten, Verlobungen und romantische Momente.\" \/>\n<meta property=\"og:url\" content=\"https:\/\/neon4ever.com\/de\/produkt\/unvergessliche-dekorationen\/\" \/>\n<meta property=\"og:site_name\" content=\"neon4ever.com\" \/>\n<meta property=\"article:modified_time\" content=\"2025-02-13T16:39:20+00:00\" \/>\n<meta property=\"og:image\" content=\"https:\/\/neon4ever.com\/wp-content\/uploads\/dekoration-1.jpg\" \/>\n\t<meta property=\"og:image:width\" content=\"1027\" \/>\n\t<meta property=\"og:image:height\" content=\"1027\" \/>\n\t<meta property=\"og:image:type\" content=\"image\/jpeg\" \/>\n<meta name=\"twitter:card\" content=\"summary_large_image\" \/>\n<meta name=\"twitter:label1\" content=\"Preis\" \/>\n\t<meta name=\"twitter:data1\" content=\"&#036;190.00\" \/>\n\t<meta name=\"twitter:label2\" content=\"Verf\u00fcgbarkeit\" \/>\n\t<meta name=\"twitter:data2\" content=\"Auf Lager\" \/>\n<script type=\"application\/ld+json\" class=\"yoast-schema-graph\">{\"@context\":\"https:\/\/schema.org\",\"@graph\":[{\"@type\":\"WebPage\",\"@id\":\"https:\/\/neon4ever.com\/product\/unvergessliche-dekorationen\/\",\"url\":\"https:\/\/neon4ever.com\/product\/unvergessliche-dekorationen\/\",\"name\":\"Unvergessliche Dekorationen - neon4ever.com\",\"isPartOf\":{\"@id\":\"https:\/\/neon4ever.com\/#website\"},\"primaryImageOfPage\":{\"@id\":\"https:\/\/neon4ever.com\/product\/unvergessliche-dekorationen\/#primaryimage\"},\"image\":{\"@id\":\"https:\/\/neon4ever.com\/product\/unvergessliche-dekorationen\/#primaryimage\"},\"thumbnailUrl\":\"https:\/\/neon4ever.com\/wp-content\/uploads\/dekoration-1.jpg\",\"datePublished\":\"2024-10-13T22:32:46+00:00\",\"dateModified\":\"2025-02-13T16:39:20+00:00\",\"description\":\"Wir gestalten unvergessliche Dekorationen f\u00fcr besondere Anl\u00e4sse wie Geburtstage, Hochzeiten, Verlobungen und romantische Momente.\",\"breadcrumb\":{\"@id\":\"https:\/\/neon4ever.com\/product\/unvergessliche-dekorationen\/#breadcrumb\"},\"inLanguage\":\"de\",\"potentialAction\":[{\"@type\":\"ReadAction\",\"target\":[\"https:\/\/neon4ever.com\/product\/unvergessliche-dekorationen\/\"]}]},{\"@type\":\"ImageObject\",\"inLanguage\":\"de\",\"@id\":\"https:\/\/neon4ever.com\/product\/unvergessliche-dekorationen\/#primaryimage\",\"url\":\"https:\/\/neon4ever.com\/wp-content\/uploads\/dekoration-1.jpg\",\"contentUrl\":\"https:\/\/neon4ever.com\/wp-content\/uploads\/dekoration-1.jpg\",\"width\":1027,\"height\":1027,\"caption\":\"neon\"},{\"@type\":\"BreadcrumbList\",\"@id\":\"https:\/\/neon4ever.com\/product\/unvergessliche-dekorationen\/#breadcrumb\",\"itemListElement\":[{\"@type\":\"ListItem\",\"position\":1,\"name\":\"Home\",\"item\":\"https:\/\/neon4ever.com\/\"},{\"@type\":\"ListItem\",\"position\":2,\"name\":\"Products\",\"item\":\"https:\/\/neon4ever.com\/shop\/\"},{\"@type\":\"ListItem\",\"position\":3,\"name\":\"Unvergessliche Dekorationen\"}]},{\"@type\":\"WebSite\",\"@id\":\"https:\/\/neon4ever.com\/#website\",\"url\":\"https:\/\/neon4ever.com\/\",\"name\":\"neon4ever.com\",\"description\":\"Neon 4 Ever\u00ae - Crafting Custom Neon Signs &amp; LED Lights for the USA &amp; Germany.\",\"publisher\":{\"@id\":\"https:\/\/neon4ever.com\/#organization\"},\"potentialAction\":[{\"@type\":\"SearchAction\",\"target\":{\"@type\":\"EntryPoint\",\"urlTemplate\":\"https:\/\/neon4ever.com\/?s={search_term_string}\"},\"query-input\":\"required name=search_term_string\"}],\"inLanguage\":\"de\"},{\"@type\":\"Organization\",\"@id\":\"https:\/\/neon4ever.com\/#organization\",\"name\":\"neon4ever.com\",\"url\":\"https:\/\/neon4ever.com\/\",\"logo\":{\"@type\":\"ImageObject\",\"inLanguage\":\"de\",\"@id\":\"https:\/\/neon4ever.com\/#\/schema\/logo\/image\/\",\"url\":\"https:\/\/neon4ever.com\/wp-content\/uploads\/2024\/03\/cropped-neon4ever.png\",\"contentUrl\":\"https:\/\/neon4ever.com\/wp-content\/uploads\/2024\/03\/cropped-neon4ever.png\",\"width\":425,\"height\":224,\"caption\":\"neon4ever.com\"},\"image\":{\"@id\":\"https:\/\/neon4ever.com\/#\/schema\/logo\/image\/\"}}]}<\/script>\n<meta property=\"product:price:amount\" content=\"190.00\" \/>\n<meta property=\"product:price:currency\" content=\"USD\" \/>\n<meta property=\"og:availability\" content=\"instock\" \/>\n<meta property=\"product:availability\" content=\"instock\" \/>\n<meta property=\"product:condition\" content=\"new\" \/>\n<!-- \/ Yoast SEO plugin. -->","yoast_head_json":{"title":"Unvergessliche Dekorationen - neon4ever.com","description":"Wir gestalten unvergessliche Dekorationen f\u00fcr besondere Anl\u00e4sse wie Geburtstage, Hochzeiten, Verlobungen und romantische Momente.","robots":{"index":"index","follow":"follow","max-snippet":"max-snippet:-1","max-image-preview":"max-image-preview:large","max-video-preview":"max-video-preview:-1"},"canonical":"https:\/\/neon4ever.com\/de\/produkt\/unvergessliche-dekorationen\/","og_locale":"de_DE","og_type":"article","og_title":"Unvergessliche Dekorationen - neon4ever.com","og_description":"Wir gestalten unvergessliche Dekorationen f\u00fcr besondere Anl\u00e4sse wie Geburtstage, Hochzeiten, Verlobungen und romantische Momente.","og_url":"https:\/\/neon4ever.com\/de\/produkt\/unvergessliche-dekorationen\/","og_site_name":"neon4ever.com","article_modified_time":"2025-02-13T16:39:20+00:00","og_image":[{"width":1027,"height":1027,"url":"https:\/\/neon4ever.com\/wp-content\/uploads\/dekoration-1.jpg","type":"image\/jpeg"}],"twitter_card":"summary_large_image","twitter_misc":{"Preis":"&#36;190.00","Verf\u00fcgbarkeit":"Auf Lager"},"schema":{"@context":"https:\/\/schema.org","@graph":[{"@type":"WebPage","@id":"https:\/\/neon4ever.com\/product\/unvergessliche-dekorationen\/","url":"https:\/\/neon4ever.com\/product\/unvergessliche-dekorationen\/","name":"Unvergessliche Dekorationen - neon4ever.com","isPartOf":{"@id":"https:\/\/neon4ever.com\/#website"},"primaryImageOfPage":{"@id":"https:\/\/neon4ever.com\/product\/unvergessliche-dekorationen\/#primaryimage"},"image":{"@id":"https:\/\/neon4ever.com\/product\/unvergessliche-dekorationen\/#primaryimage"},"thumbnailUrl":"https:\/\/neon4ever.com\/wp-content\/uploads\/dekoration-1.jpg","datePublished":"2024-10-13T22:32:46+00:00","dateModified":"2025-02-13T16:39:20+00:00","description":"Wir gestalten unvergessliche Dekorationen f\u00fcr besondere Anl\u00e4sse wie Geburtstage, Hochzeiten, Verlobungen und romantische Momente.","breadcrumb":{"@id":"https:\/\/neon4ever.com\/product\/unvergessliche-dekorationen\/#breadcrumb"},"inLanguage":"de","potentialAction":[{"@type":"ReadAction","target":["https:\/\/neon4ever.com\/product\/unvergessliche-dekorationen\/"]}]},{"@type":"ImageObject","inLanguage":"de","@id":"https:\/\/neon4ever.com\/product\/unvergessliche-dekorationen\/#primaryimage","url":"https:\/\/neon4ever.com\/wp-content\/uploads\/dekoration-1.jpg","contentUrl":"https:\/\/neon4ever.com\/wp-content\/uploads\/dekoration-1.jpg","width":1027,"height":1027,"caption":"neon"},{"@type":"BreadcrumbList","@id":"https:\/\/neon4ever.com\/product\/unvergessliche-dekorationen\/#breadcrumb","itemListElement":[{"@type":"ListItem","position":1,"name":"Home","item":"https:\/\/neon4ever.com\/"},{"@type":"ListItem","position":2,"name":"Products","item":"https:\/\/neon4ever.com\/shop\/"},{"@type":"ListItem","position":3,"name":"Unvergessliche Dekorationen"}]},{"@type":"WebSite","@id":"https:\/\/neon4ever.com\/#website","url":"https:\/\/neon4ever.com\/","name":"neon4ever.com","description":"Neon 4 Ever\u00ae - Crafting Custom Neon Signs &amp; LED Lights for the USA &amp; Germany.","publisher":{"@id":"https:\/\/neon4ever.com\/#organization"},"potentialAction":[{"@type":"SearchAction","target":{"@type":"EntryPoint","urlTemplate":"https:\/\/neon4ever.com\/?s={search_term_string}"},"query-input":"required name=search_term_string"}],"inLanguage":"de"},{"@type":"Organization","@id":"https:\/\/neon4ever.com\/#organization","name":"neon4ever.com","url":"https:\/\/neon4ever.com\/","logo":{"@type":"ImageObject","inLanguage":"de","@id":"https:\/\/neon4ever.com\/#\/schema\/logo\/image\/","url":"https:\/\/neon4ever.com\/wp-content\/uploads\/2024\/03\/cropped-neon4ever.png","contentUrl":"https:\/\/neon4ever.com\/wp-content\/uploads\/2024\/03\/cropped-neon4ever.png","width":425,"height":224,"caption":"neon4ever.com"},"image":{"@id":"https:\/\/neon4ever.com\/#\/schema\/logo\/image\/"}}]},"product_price_amount":"190.00","product_price_currency":"USD","og_availability":"instock","product_availability":"instock","product_condition":"new"},"_links":{"self":[{"href":"https:\/\/neon4ever.com\/de\/wp-json\/wp\/v2\/product\/11635"}],"collection":[{"href":"https:\/\/neon4ever.com\/de\/wp-json\/wp\/v2\/product"}],"about":[{"href":"https:\/\/neon4ever.com\/de\/wp-json\/wp\/v2\/types\/product"}],"replies":[{"embeddable":true,"href":"https:\/\/neon4ever.com\/de\/wp-json\/wp\/v2\/comments?post=11635"}],"wp:featuredmedia":[{"embeddable":true,"href":"https:\/\/neon4ever.com\/de\/wp-json\/wp\/v2\/media\/11636"}],"wp:attachment":[{"href":"https:\/\/neon4ever.com\/de\/wp-json\/wp\/v2\/media?parent=11635"}],"wp:term":[{"taxonomy":"product_cat","embeddable":true,"href":"https:\/\/neon4ever.com\/de\/wp-json\/wp\/v2\/product_cat?post=11635"},{"taxonomy":"product_tag","embeddable":true,"href":"https:\/\/neon4ever.com\/de\/wp-json\/wp\/v2\/product_tag?post=11635"}],"curies":[{"name":"wp","href":"https:\/\/api.w.org\/{rel}","templated":true}]}}