{"id":11438,"date":"2024-09-16T22:39:26","date_gmt":"2024-09-16T21:39:26","guid":{"rendered":"https:\/\/neon4ever.com\/?post_type=product&#038;p=11438"},"modified":"2024-09-16T22:39:26","modified_gmt":"2024-09-16T21:39:26","slug":"personaliesierte-ihr-name","status":"publish","type":"product","link":"https:\/\/neon4ever.com\/de\/produkt\/personaliesierte-ihr-name\/","title":{"rendered":"Personaliesierte Ihr Name"},"content":{"rendered":"<p>&#8220;Unser personalisiertes Neon-Schild mit Ihrem Wunschnamen ist die perfekte M\u00f6glichkeit, jedem Anlass eine individuelle Note zu verleihen. Ob f\u00fcr Geburtstage, Hochzeiten oder als romantisches Valentinstagsgeschenk \u2013 jedes Schild wird nach Ihren Vorstellungen gestaltet und bringt mit leuchtenden Farben eine stilvolle und pers\u00f6nliche Atmosph\u00e4re in jeden Raum. \u00dcberraschen Sie Ihre Liebsten mit einem einzigartigen, handgefertigten Neon-Schild, das den Namen in strahlendem Licht erleuchten l\u00e4sst.&#8221;<\/p>","protected":false},"excerpt":{"rendered":"<p>&#8220;Unser personalisiertes Neon-Schild mit Ihrem Wunschnamen ist die perfekte M\u00f6glichkeit, jedem Anlass eine individuelle Note zu verleihen. Ob f\u00fcr Geburtstage, Hochzeiten oder als romantisches Valentinstagsgeschenk \u2013 jedes Schild wird nach Ihren Vorstellungen gestaltet und bringt mit leuchtenden Farben eine stilvolle und pers\u00f6nliche Atmosph\u00e4re in jeden Raum. \u00dcberraschen Sie Ihre Liebsten mit einem einzigartigen, handgefertigten Neon-Schild,&#8230;<\/p>","protected":false},"featured_media":11439,"comment_status":"closed","ping_status":"closed","template":"","meta":{"_acf_changed":false,"_monsterinsights_skip_tracking":false,"_monsterinsights_sitenote_active":false,"_monsterinsights_sitenote_note":"","_monsterinsights_sitenote_category":0,"_kad_post_transparent":"default","_kad_post_title":"","_kad_post_layout":"default","_kad_post_sidebar_id":"","_kad_post_content_style":"default","_kad_post_vertical_padding":"default","_kad_post_feature":"","_kad_post_feature_position":"","_kad_post_header":false,"_kad_post_footer":false},"product_cat":[57,43,44,84],"product_tag":[],"acf":[],"yoast_head":"<!-- This site is optimized with the Yoast SEO plugin v22.9 - https:\/\/yoast.com\/wordpress\/plugins\/seo\/ -->\n<title>Personaliesierte Ihr Name - neon4ever.com<\/title>\n<meta name=\"description\" content=\"personalisiertes Neon-Schild mit Ihrem Wunschnamen ist die perfekte M\u00f6glichkeit, f\u00fcr Geburtstage, Hochzeiten oder als romantisches Valentinstagsgeschenk\" \/>\n<meta name=\"robots\" content=\"index, follow, max-snippet:-1, max-image-preview:large, max-video-preview:-1\" \/>\n<link rel=\"canonical\" href=\"https:\/\/neon4ever.com\/de\/produkt\/personaliesierte-ihr-name\/\" \/>\n<meta property=\"og:locale\" content=\"de_DE\" \/>\n<meta property=\"og:type\" content=\"article\" \/>\n<meta property=\"og:title\" content=\"Personaliesierte Ihr Name - neon4ever.com\" \/>\n<meta property=\"og:description\" content=\"personalisiertes Neon-Schild mit Ihrem Wunschnamen ist die perfekte M\u00f6glichkeit, f\u00fcr Geburtstage, Hochzeiten oder als romantisches Valentinstagsgeschenk\" \/>\n<meta property=\"og:url\" content=\"https:\/\/neon4ever.com\/de\/produkt\/personaliesierte-ihr-name\/\" \/>\n<meta property=\"og:site_name\" content=\"neon4ever.com\" \/>\n<meta property=\"og:image\" content=\"https:\/\/neon4ever.com\/wp-content\/uploads\/website-size-scaled.jpg\" \/>\n\t<meta property=\"og:image:width\" content=\"2560\" \/>\n\t<meta property=\"og:image:height\" content=\"2560\" \/>\n\t<meta property=\"og:image:type\" content=\"image\/jpeg\" \/>\n<meta name=\"twitter:card\" content=\"summary_large_image\" \/>\n<meta name=\"twitter:label1\" content=\"Preis\" \/>\n\t<meta name=\"twitter:data1\" content=\"&#036;129.00\" \/>\n\t<meta name=\"twitter:label2\" content=\"Verf\u00fcgbarkeit\" \/>\n\t<meta name=\"twitter:data2\" content=\"Auf Lager\" \/>\n<script type=\"application\/ld+json\" class=\"yoast-schema-graph\">{\"@context\":\"https:\/\/schema.org\",\"@graph\":[{\"@type\":\"WebPage\",\"@id\":\"https:\/\/neon4ever.com\/product\/personaliesierte-ihr-name\/\",\"url\":\"https:\/\/neon4ever.com\/product\/personaliesierte-ihr-name\/\",\"name\":\"Personaliesierte Ihr Name - neon4ever.com\",\"isPartOf\":{\"@id\":\"https:\/\/neon4ever.com\/#website\"},\"primaryImageOfPage\":{\"@id\":\"https:\/\/neon4ever.com\/product\/personaliesierte-ihr-name\/#primaryimage\"},\"image\":{\"@id\":\"https:\/\/neon4ever.com\/product\/personaliesierte-ihr-name\/#primaryimage\"},\"thumbnailUrl\":\"https:\/\/neon4ever.com\/wp-content\/uploads\/website-size-scaled.jpg\",\"datePublished\":\"2024-09-16T21:39:26+00:00\",\"dateModified\":\"2024-09-16T21:39:26+00:00\",\"description\":\"personalisiertes Neon-Schild mit Ihrem Wunschnamen ist die perfekte M\u00f6glichkeit, f\u00fcr Geburtstage, Hochzeiten oder als romantisches Valentinstagsgeschenk\",\"breadcrumb\":{\"@id\":\"https:\/\/neon4ever.com\/product\/personaliesierte-ihr-name\/#breadcrumb\"},\"inLanguage\":\"de\",\"potentialAction\":[{\"@type\":\"ReadAction\",\"target\":[\"https:\/\/neon4ever.com\/product\/personaliesierte-ihr-name\/\"]}]},{\"@type\":\"ImageObject\",\"inLanguage\":\"de\",\"@id\":\"https:\/\/neon4ever.com\/product\/personaliesierte-ihr-name\/#primaryimage\",\"url\":\"https:\/\/neon4ever.com\/wp-content\/uploads\/website-size-scaled.jpg\",\"contentUrl\":\"https:\/\/neon4ever.com\/wp-content\/uploads\/website-size-scaled.jpg\",\"width\":2560,\"height\":2560,\"caption\":\"neon\"},{\"@type\":\"BreadcrumbList\",\"@id\":\"https:\/\/neon4ever.com\/product\/personaliesierte-ihr-name\/#breadcrumb\",\"itemListElement\":[{\"@type\":\"ListItem\",\"position\":1,\"name\":\"Home\",\"item\":\"https:\/\/neon4ever.com\/\"},{\"@type\":\"ListItem\",\"position\":2,\"name\":\"Products\",\"item\":\"https:\/\/neon4ever.com\/shop\/\"},{\"@type\":\"ListItem\",\"position\":3,\"name\":\"Personaliesierte Ihr Name\"}]},{\"@type\":\"WebSite\",\"@id\":\"https:\/\/neon4ever.com\/#website\",\"url\":\"https:\/\/neon4ever.com\/\",\"name\":\"neon4ever.com\",\"description\":\"Neon 4 Ever\u00ae - Crafting Custom Neon Signs &amp; LED Lights for the USA &amp; Germany.\",\"publisher\":{\"@id\":\"https:\/\/neon4ever.com\/#organization\"},\"potentialAction\":[{\"@type\":\"SearchAction\",\"target\":{\"@type\":\"EntryPoint\",\"urlTemplate\":\"https:\/\/neon4ever.com\/?s={search_term_string}\"},\"query-input\":\"required name=search_term_string\"}],\"inLanguage\":\"de\"},{\"@type\":\"Organization\",\"@id\":\"https:\/\/neon4ever.com\/#organization\",\"name\":\"neon4ever.com\",\"url\":\"https:\/\/neon4ever.com\/\",\"logo\":{\"@type\":\"ImageObject\",\"inLanguage\":\"de\",\"@id\":\"https:\/\/neon4ever.com\/#\/schema\/logo\/image\/\",\"url\":\"https:\/\/neon4ever.com\/wp-content\/uploads\/2024\/03\/cropped-neon4ever.png\",\"contentUrl\":\"https:\/\/neon4ever.com\/wp-content\/uploads\/2024\/03\/cropped-neon4ever.png\",\"width\":425,\"height\":224,\"caption\":\"neon4ever.com\"},\"image\":{\"@id\":\"https:\/\/neon4ever.com\/#\/schema\/logo\/image\/\"}}]}<\/script>\n<meta property=\"product:price:amount\" content=\"129.00\" \/>\n<meta property=\"product:price:currency\" content=\"USD\" \/>\n<meta property=\"og:availability\" content=\"instock\" \/>\n<meta property=\"product:availability\" content=\"instock\" \/>\n<meta property=\"product:condition\" content=\"new\" \/>\n<!-- \/ Yoast SEO plugin. -->","yoast_head_json":{"title":"Personaliesierte Ihr Name - neon4ever.com","description":"personalisiertes Neon-Schild mit Ihrem Wunschnamen ist die perfekte M\u00f6glichkeit, f\u00fcr Geburtstage, Hochzeiten oder als romantisches Valentinstagsgeschenk","robots":{"index":"index","follow":"follow","max-snippet":"max-snippet:-1","max-image-preview":"max-image-preview:large","max-video-preview":"max-video-preview:-1"},"canonical":"https:\/\/neon4ever.com\/de\/produkt\/personaliesierte-ihr-name\/","og_locale":"de_DE","og_type":"article","og_title":"Personaliesierte Ihr Name - neon4ever.com","og_description":"personalisiertes Neon-Schild mit Ihrem Wunschnamen ist die perfekte M\u00f6glichkeit, f\u00fcr Geburtstage, Hochzeiten oder als romantisches Valentinstagsgeschenk","og_url":"https:\/\/neon4ever.com\/de\/produkt\/personaliesierte-ihr-name\/","og_site_name":"neon4ever.com","og_image":[{"width":2560,"height":2560,"url":"https:\/\/neon4ever.com\/wp-content\/uploads\/website-size-scaled.jpg","type":"image\/jpeg"}],"twitter_card":"summary_large_image","twitter_misc":{"Preis":"&#36;129.00","Verf\u00fcgbarkeit":"Auf Lager"},"schema":{"@context":"https:\/\/schema.org","@graph":[{"@type":"WebPage","@id":"https:\/\/neon4ever.com\/product\/personaliesierte-ihr-name\/","url":"https:\/\/neon4ever.com\/product\/personaliesierte-ihr-name\/","name":"Personaliesierte Ihr Name - neon4ever.com","isPartOf":{"@id":"https:\/\/neon4ever.com\/#website"},"primaryImageOfPage":{"@id":"https:\/\/neon4ever.com\/product\/personaliesierte-ihr-name\/#primaryimage"},"image":{"@id":"https:\/\/neon4ever.com\/product\/personaliesierte-ihr-name\/#primaryimage"},"thumbnailUrl":"https:\/\/neon4ever.com\/wp-content\/uploads\/website-size-scaled.jpg","datePublished":"2024-09-16T21:39:26+00:00","dateModified":"2024-09-16T21:39:26+00:00","description":"personalisiertes Neon-Schild mit Ihrem Wunschnamen ist die perfekte M\u00f6glichkeit, f\u00fcr Geburtstage, Hochzeiten oder als romantisches Valentinstagsgeschenk","breadcrumb":{"@id":"https:\/\/neon4ever.com\/product\/personaliesierte-ihr-name\/#breadcrumb"},"inLanguage":"de","potentialAction":[{"@type":"ReadAction","target":["https:\/\/neon4ever.com\/product\/personaliesierte-ihr-name\/"]}]},{"@type":"ImageObject","inLanguage":"de","@id":"https:\/\/neon4ever.com\/product\/personaliesierte-ihr-name\/#primaryimage","url":"https:\/\/neon4ever.com\/wp-content\/uploads\/website-size-scaled.jpg","contentUrl":"https:\/\/neon4ever.com\/wp-content\/uploads\/website-size-scaled.jpg","width":2560,"height":2560,"caption":"neon"},{"@type":"BreadcrumbList","@id":"https:\/\/neon4ever.com\/product\/personaliesierte-ihr-name\/#breadcrumb","itemListElement":[{"@type":"ListItem","position":1,"name":"Home","item":"https:\/\/neon4ever.com\/"},{"@type":"ListItem","position":2,"name":"Products","item":"https:\/\/neon4ever.com\/shop\/"},{"@type":"ListItem","position":3,"name":"Personaliesierte Ihr Name"}]},{"@type":"WebSite","@id":"https:\/\/neon4ever.com\/#website","url":"https:\/\/neon4ever.com\/","name":"neon4ever.com","description":"Neon 4 Ever\u00ae - Crafting Custom Neon Signs &amp; LED Lights for the USA &amp; Germany.","publisher":{"@id":"https:\/\/neon4ever.com\/#organization"},"potentialAction":[{"@type":"SearchAction","target":{"@type":"EntryPoint","urlTemplate":"https:\/\/neon4ever.com\/?s={search_term_string}"},"query-input":"required name=search_term_string"}],"inLanguage":"de"},{"@type":"Organization","@id":"https:\/\/neon4ever.com\/#organization","name":"neon4ever.com","url":"https:\/\/neon4ever.com\/","logo":{"@type":"ImageObject","inLanguage":"de","@id":"https:\/\/neon4ever.com\/#\/schema\/logo\/image\/","url":"https:\/\/neon4ever.com\/wp-content\/uploads\/2024\/03\/cropped-neon4ever.png","contentUrl":"https:\/\/neon4ever.com\/wp-content\/uploads\/2024\/03\/cropped-neon4ever.png","width":425,"height":224,"caption":"neon4ever.com"},"image":{"@id":"https:\/\/neon4ever.com\/#\/schema\/logo\/image\/"}}]},"product_price_amount":"129.00","product_price_currency":"USD","og_availability":"instock","product_availability":"instock","product_condition":"new"},"_links":{"self":[{"href":"https:\/\/neon4ever.com\/de\/wp-json\/wp\/v2\/product\/11438"}],"collection":[{"href":"https:\/\/neon4ever.com\/de\/wp-json\/wp\/v2\/product"}],"about":[{"href":"https:\/\/neon4ever.com\/de\/wp-json\/wp\/v2\/types\/product"}],"replies":[{"embeddable":true,"href":"https:\/\/neon4ever.com\/de\/wp-json\/wp\/v2\/comments?post=11438"}],"wp:featuredmedia":[{"embeddable":true,"href":"https:\/\/neon4ever.com\/de\/wp-json\/wp\/v2\/media\/11439"}],"wp:attachment":[{"href":"https:\/\/neon4ever.com\/de\/wp-json\/wp\/v2\/media?parent=11438"}],"wp:term":[{"taxonomy":"product_cat","embeddable":true,"href":"https:\/\/neon4ever.com\/de\/wp-json\/wp\/v2\/product_cat?post=11438"},{"taxonomy":"product_tag","embeddable":true,"href":"https:\/\/neon4ever.com\/de\/wp-json\/wp\/v2\/product_tag?post=11438"}],"curies":[{"name":"wp","href":"https:\/\/api.w.org\/{rel}","templated":true}]}}