{"id":11056,"date":"2024-05-07T04:25:45","date_gmt":"2024-05-07T03:25:45","guid":{"rendered":"https:\/\/neon4ever.com\/?post_type=product&#038;p=11056"},"modified":"2024-08-29T14:51:51","modified_gmt":"2024-08-29T13:51:51","slug":"happy-birthday-neonschild","status":"publish","type":"product","link":"https:\/\/neon4ever.com\/de\/produkt\/happy-birthday-neonschild\/","title":{"rendered":"Happy Birthday Neonschild"},"content":{"rendered":"<p>Unser exklusives Happy Birthday LedNeon-Schild ist das perfekte Geschenk f\u00fcr alle Geburtstagsliebhaber. Mit seinem wundersch\u00f6nen, gl\u00e4nzenden Design in leuchtenden Farben aus kristallklarem Acrylglas verleiht es jedem Geburtstag eine besondere Note. Die edle Optik des Schildes wird jeden Raum aufwerten und ist ein Hingucker auf jeder Geburtstagsfeier. Das Led-Neon Licht macht das Schild besonders energieeffizient und langlebig, perfekt als Erinnerung an den besonderen Tag. Unser exklusives Happy Birthday LedNeon-Schild wird sicherlich ein unvergessliches Geschenk f\u00fcr deiner Geburtstag sein.<br \/>\nKontaktieren Sie uns f\u00fcr weitere Fragen oder reservieren und ihr individuelles Neon-Schild Design unter der WhatsApp-Nummer: +49 1739090514 Deutschland<br \/>\n+1 3473228083 USA<\/p>","protected":false},"excerpt":{"rendered":"<p>Unser exklusives Happy Birthday LedNeon-Schild ist das perfekte Geschenk f\u00fcr alle Geburtstagsliebhaber<\/p>","protected":false},"featured_media":11127,"comment_status":"open","ping_status":"closed","template":"","meta":{"_acf_changed":false,"_monsterinsights_skip_tracking":false,"_monsterinsights_sitenote_active":false,"_monsterinsights_sitenote_note":"","_monsterinsights_sitenote_category":0,"_kad_post_transparent":"default","_kad_post_title":"","_kad_post_layout":"default","_kad_post_sidebar_id":"","_kad_post_content_style":"default","_kad_post_vertical_padding":"default","_kad_post_feature":"","_kad_post_feature_position":"","_kad_post_header":false,"_kad_post_footer":false},"product_cat":[85],"product_tag":[],"acf":[],"yoast_head":"<!-- This site is optimized with the Yoast SEO plugin v22.9 - https:\/\/yoast.com\/wordpress\/plugins\/seo\/ -->\n<title>Happy Birthday Neonschild - neon4ever.com<\/title>\n<meta name=\"description\" content=\"Unser exklusives Happy Birthday LedNeon-Schild ist das perfekte Geschenk f\u00fcr alle Geburtstagsliebhaber. zu vermieten und verkaufen\" \/>\n<meta name=\"robots\" content=\"index, follow, max-snippet:-1, max-image-preview:large, max-video-preview:-1\" \/>\n<link rel=\"canonical\" href=\"https:\/\/neon4ever.com\/de\/produkt\/happy-birthday-neonschild\/\" \/>\n<meta property=\"og:locale\" content=\"de_DE\" \/>\n<meta property=\"og:type\" content=\"article\" \/>\n<meta property=\"og:title\" content=\"Happy Birthday Neonschild - neon4ever.com\" \/>\n<meta property=\"og:description\" content=\"Unser exklusives Happy Birthday LedNeon-Schild ist das perfekte Geschenk f\u00fcr alle Geburtstagsliebhaber. zu vermieten und verkaufen\" \/>\n<meta property=\"og:url\" content=\"https:\/\/neon4ever.com\/de\/produkt\/happy-birthday-neonschild\/\" \/>\n<meta property=\"og:site_name\" content=\"neon4ever.com\" \/>\n<meta property=\"article:modified_time\" content=\"2024-08-29T13:51:51+00:00\" \/>\n<meta property=\"og:image\" content=\"https:\/\/neon4ever.com\/wp-content\/uploads\/IMG_20230829_155014_389.jpg\" \/>\n\t<meta property=\"og:image:width\" content=\"1000\" \/>\n\t<meta property=\"og:image:height\" content=\"1000\" \/>\n\t<meta property=\"og:image:type\" content=\"image\/jpeg\" \/>\n<meta name=\"twitter:card\" content=\"summary_large_image\" \/>\n<meta name=\"twitter:label1\" content=\"Preis\" \/>\n\t<meta name=\"twitter:data1\" content=\"&#036;49.00\" \/>\n\t<meta name=\"twitter:label2\" content=\"Verf\u00fcgbarkeit\" \/>\n\t<meta name=\"twitter:data2\" content=\"Auf Lager\" \/>\n<script type=\"application\/ld+json\" class=\"yoast-schema-graph\">{\"@context\":\"https:\/\/schema.org\",\"@graph\":[{\"@type\":\"WebPage\",\"@id\":\"https:\/\/neon4ever.com\/product\/happy-birthday-neonschild\/\",\"url\":\"https:\/\/neon4ever.com\/product\/happy-birthday-neonschild\/\",\"name\":\"Happy Birthday Neonschild - neon4ever.com\",\"isPartOf\":{\"@id\":\"https:\/\/neon4ever.com\/#website\"},\"primaryImageOfPage\":{\"@id\":\"https:\/\/neon4ever.com\/product\/happy-birthday-neonschild\/#primaryimage\"},\"image\":{\"@id\":\"https:\/\/neon4ever.com\/product\/happy-birthday-neonschild\/#primaryimage\"},\"thumbnailUrl\":\"https:\/\/neon4ever.com\/wp-content\/uploads\/IMG_20230829_155014_389.jpg\",\"datePublished\":\"2024-05-07T03:25:45+00:00\",\"dateModified\":\"2024-08-29T13:51:51+00:00\",\"description\":\"Unser exklusives Happy Birthday LedNeon-Schild ist das perfekte Geschenk f\u00fcr alle Geburtstagsliebhaber. zu vermieten und verkaufen\",\"breadcrumb\":{\"@id\":\"https:\/\/neon4ever.com\/product\/happy-birthday-neonschild\/#breadcrumb\"},\"inLanguage\":\"de\",\"potentialAction\":[{\"@type\":\"ReadAction\",\"target\":[\"https:\/\/neon4ever.com\/product\/happy-birthday-neonschild\/\"]}]},{\"@type\":\"ImageObject\",\"inLanguage\":\"de\",\"@id\":\"https:\/\/neon4ever.com\/product\/happy-birthday-neonschild\/#primaryimage\",\"url\":\"https:\/\/neon4ever.com\/wp-content\/uploads\/IMG_20230829_155014_389.jpg\",\"contentUrl\":\"https:\/\/neon4ever.com\/wp-content\/uploads\/IMG_20230829_155014_389.jpg\",\"width\":1000,\"height\":1000},{\"@type\":\"BreadcrumbList\",\"@id\":\"https:\/\/neon4ever.com\/product\/happy-birthday-neonschild\/#breadcrumb\",\"itemListElement\":[{\"@type\":\"ListItem\",\"position\":1,\"name\":\"Home\",\"item\":\"https:\/\/neon4ever.com\/\"},{\"@type\":\"ListItem\",\"position\":2,\"name\":\"Products\",\"item\":\"https:\/\/neon4ever.com\/shop\/\"},{\"@type\":\"ListItem\",\"position\":3,\"name\":\"Happy Birthday Neonschild\"}]},{\"@type\":\"WebSite\",\"@id\":\"https:\/\/neon4ever.com\/#website\",\"url\":\"https:\/\/neon4ever.com\/\",\"name\":\"neon4ever.com\",\"description\":\"Neon 4 Ever\u00ae - Crafting Custom Neon Signs &amp; LED Lights for the USA &amp; Germany.\",\"publisher\":{\"@id\":\"https:\/\/neon4ever.com\/#organization\"},\"potentialAction\":[{\"@type\":\"SearchAction\",\"target\":{\"@type\":\"EntryPoint\",\"urlTemplate\":\"https:\/\/neon4ever.com\/?s={search_term_string}\"},\"query-input\":\"required name=search_term_string\"}],\"inLanguage\":\"de\"},{\"@type\":\"Organization\",\"@id\":\"https:\/\/neon4ever.com\/#organization\",\"name\":\"neon4ever.com\",\"url\":\"https:\/\/neon4ever.com\/\",\"logo\":{\"@type\":\"ImageObject\",\"inLanguage\":\"de\",\"@id\":\"https:\/\/neon4ever.com\/#\/schema\/logo\/image\/\",\"url\":\"https:\/\/neon4ever.com\/wp-content\/uploads\/2024\/03\/cropped-neon4ever.png\",\"contentUrl\":\"https:\/\/neon4ever.com\/wp-content\/uploads\/2024\/03\/cropped-neon4ever.png\",\"width\":425,\"height\":224,\"caption\":\"neon4ever.com\"},\"image\":{\"@id\":\"https:\/\/neon4ever.com\/#\/schema\/logo\/image\/\"}}]}<\/script>\n<meta property=\"product:price:amount\" content=\"49.00\" \/>\n<meta property=\"product:price:currency\" content=\"USD\" \/>\n<meta property=\"og:availability\" content=\"instock\" \/>\n<meta property=\"product:availability\" content=\"instock\" \/>\n<meta property=\"product:retailer_item_id\" content=\"H-12\" \/>\n<meta property=\"product:condition\" content=\"new\" \/>\n<!-- \/ Yoast SEO plugin. -->","yoast_head_json":{"title":"Happy Birthday Neonschild - neon4ever.com","description":"Unser exklusives Happy Birthday LedNeon-Schild ist das perfekte Geschenk f\u00fcr alle Geburtstagsliebhaber. zu vermieten und verkaufen","robots":{"index":"index","follow":"follow","max-snippet":"max-snippet:-1","max-image-preview":"max-image-preview:large","max-video-preview":"max-video-preview:-1"},"canonical":"https:\/\/neon4ever.com\/de\/produkt\/happy-birthday-neonschild\/","og_locale":"de_DE","og_type":"article","og_title":"Happy Birthday Neonschild - neon4ever.com","og_description":"Unser exklusives Happy Birthday LedNeon-Schild ist das perfekte Geschenk f\u00fcr alle Geburtstagsliebhaber. zu vermieten und verkaufen","og_url":"https:\/\/neon4ever.com\/de\/produkt\/happy-birthday-neonschild\/","og_site_name":"neon4ever.com","article_modified_time":"2024-08-29T13:51:51+00:00","og_image":[{"width":1000,"height":1000,"url":"https:\/\/neon4ever.com\/wp-content\/uploads\/IMG_20230829_155014_389.jpg","type":"image\/jpeg"}],"twitter_card":"summary_large_image","twitter_misc":{"Preis":"&#36;49.00","Verf\u00fcgbarkeit":"Auf Lager"},"schema":{"@context":"https:\/\/schema.org","@graph":[{"@type":"WebPage","@id":"https:\/\/neon4ever.com\/product\/happy-birthday-neonschild\/","url":"https:\/\/neon4ever.com\/product\/happy-birthday-neonschild\/","name":"Happy Birthday Neonschild - neon4ever.com","isPartOf":{"@id":"https:\/\/neon4ever.com\/#website"},"primaryImageOfPage":{"@id":"https:\/\/neon4ever.com\/product\/happy-birthday-neonschild\/#primaryimage"},"image":{"@id":"https:\/\/neon4ever.com\/product\/happy-birthday-neonschild\/#primaryimage"},"thumbnailUrl":"https:\/\/neon4ever.com\/wp-content\/uploads\/IMG_20230829_155014_389.jpg","datePublished":"2024-05-07T03:25:45+00:00","dateModified":"2024-08-29T13:51:51+00:00","description":"Unser exklusives Happy Birthday LedNeon-Schild ist das perfekte Geschenk f\u00fcr alle Geburtstagsliebhaber. zu vermieten und verkaufen","breadcrumb":{"@id":"https:\/\/neon4ever.com\/product\/happy-birthday-neonschild\/#breadcrumb"},"inLanguage":"de","potentialAction":[{"@type":"ReadAction","target":["https:\/\/neon4ever.com\/product\/happy-birthday-neonschild\/"]}]},{"@type":"ImageObject","inLanguage":"de","@id":"https:\/\/neon4ever.com\/product\/happy-birthday-neonschild\/#primaryimage","url":"https:\/\/neon4ever.com\/wp-content\/uploads\/IMG_20230829_155014_389.jpg","contentUrl":"https:\/\/neon4ever.com\/wp-content\/uploads\/IMG_20230829_155014_389.jpg","width":1000,"height":1000},{"@type":"BreadcrumbList","@id":"https:\/\/neon4ever.com\/product\/happy-birthday-neonschild\/#breadcrumb","itemListElement":[{"@type":"ListItem","position":1,"name":"Home","item":"https:\/\/neon4ever.com\/"},{"@type":"ListItem","position":2,"name":"Products","item":"https:\/\/neon4ever.com\/shop\/"},{"@type":"ListItem","position":3,"name":"Happy Birthday Neonschild"}]},{"@type":"WebSite","@id":"https:\/\/neon4ever.com\/#website","url":"https:\/\/neon4ever.com\/","name":"neon4ever.com","description":"Neon 4 Ever\u00ae - Crafting Custom Neon Signs &amp; LED Lights for the USA &amp; Germany.","publisher":{"@id":"https:\/\/neon4ever.com\/#organization"},"potentialAction":[{"@type":"SearchAction","target":{"@type":"EntryPoint","urlTemplate":"https:\/\/neon4ever.com\/?s={search_term_string}"},"query-input":"required name=search_term_string"}],"inLanguage":"de"},{"@type":"Organization","@id":"https:\/\/neon4ever.com\/#organization","name":"neon4ever.com","url":"https:\/\/neon4ever.com\/","logo":{"@type":"ImageObject","inLanguage":"de","@id":"https:\/\/neon4ever.com\/#\/schema\/logo\/image\/","url":"https:\/\/neon4ever.com\/wp-content\/uploads\/2024\/03\/cropped-neon4ever.png","contentUrl":"https:\/\/neon4ever.com\/wp-content\/uploads\/2024\/03\/cropped-neon4ever.png","width":425,"height":224,"caption":"neon4ever.com"},"image":{"@id":"https:\/\/neon4ever.com\/#\/schema\/logo\/image\/"}}]},"product_price_amount":"49.00","product_price_currency":"USD","og_availability":"instock","product_availability":"instock","product_retailer_item_id":"H-12","product_condition":"new"},"_links":{"self":[{"href":"https:\/\/neon4ever.com\/de\/wp-json\/wp\/v2\/product\/11056"}],"collection":[{"href":"https:\/\/neon4ever.com\/de\/wp-json\/wp\/v2\/product"}],"about":[{"href":"https:\/\/neon4ever.com\/de\/wp-json\/wp\/v2\/types\/product"}],"replies":[{"embeddable":true,"href":"https:\/\/neon4ever.com\/de\/wp-json\/wp\/v2\/comments?post=11056"}],"wp:featuredmedia":[{"embeddable":true,"href":"https:\/\/neon4ever.com\/de\/wp-json\/wp\/v2\/media\/11127"}],"wp:attachment":[{"href":"https:\/\/neon4ever.com\/de\/wp-json\/wp\/v2\/media?parent=11056"}],"wp:term":[{"taxonomy":"product_cat","embeddable":true,"href":"https:\/\/neon4ever.com\/de\/wp-json\/wp\/v2\/product_cat?post=11056"},{"taxonomy":"product_tag","embeddable":true,"href":"https:\/\/neon4ever.com\/de\/wp-json\/wp\/v2\/product_tag?post=11056"}],"curies":[{"name":"wp","href":"https:\/\/api.w.org\/{rel}","templated":true}]}}