{"id":11053,"date":"2024-05-07T04:25:45","date_gmt":"2024-05-07T03:25:45","guid":{"rendered":"https:\/\/neon4ever.com\/?post_type=product&#038;p=11053"},"modified":"2024-09-13T11:00:14","modified_gmt":"2024-09-13T10:00:14","slug":"will-you-marry-me","status":"publish","type":"product","link":"https:\/\/neon4ever.com\/de\/produkt\/will-you-marry-me\/","title":{"rendered":"Will you marry me?"},"content":{"rendered":"<p>Unser exklusives, handgefertigtes Schild&#8221; Will you marry me&#8221; \u00fcberzeugt mit einzigartigem Design. Die Farbe ist ausw\u00e4hlbar und die Helligkeit kann man \u00fcber eine Fernbedinung einstellen. Dazu sind alle unsere LED Neon Schilder ein wahrer Blickfang, die langlebig, wie auch stromsparend sind. Da wir unsere Schilder in Deutschland fertigen, sind schnelle Anfertigungen und rasche Lieferung kein Problem.<\/p>","protected":false},"excerpt":{"rendered":"<p>Unser exklusives, handgefertigtes Schild&#8221; Will you marry me&#8221; \u00fcberzeugt mit einzigartigem Design. Die Farbe ist ausw\u00e4hlbar und die Helligkeit kann man \u00fcber eine Fernbedinung einstellen. Dazu sind alle unsere LED Neon Schilder ein wahrer Blickfang, die langlebig, wie auch stromsparend sind. Da wir unsere Schilder in Deutschland fertigen, sind schnelle Anfertigungen und rasche Lieferung kein&#8230;<\/p>","protected":false},"featured_media":11124,"comment_status":"open","ping_status":"closed","template":"","meta":{"_acf_changed":false,"_monsterinsights_skip_tracking":false,"_monsterinsights_sitenote_active":false,"_monsterinsights_sitenote_note":"","_monsterinsights_sitenote_category":0,"_kad_post_transparent":"default","_kad_post_title":"","_kad_post_layout":"default","_kad_post_sidebar_id":"","_kad_post_content_style":"default","_kad_post_vertical_padding":"default","_kad_post_feature":"","_kad_post_feature_position":"","_kad_post_header":false,"_kad_post_footer":false},"product_cat":[84],"product_tag":[],"acf":[],"yoast_head":"<!-- This site is optimized with the Yoast SEO plugin v22.9 - https:\/\/yoast.com\/wordpress\/plugins\/seo\/ -->\n<title>Will you marry me? - neon4ever.com<\/title>\n<meta name=\"description\" content=\"Unser exklusives, handgefertigtes Schild&quot; Will you marry me&quot; \u00fcberzeugt mit einzigartigem Design und Die Farbe ist ausw\u00e4hlbar.\" \/>\n<meta name=\"robots\" content=\"index, follow, max-snippet:-1, max-image-preview:large, max-video-preview:-1\" \/>\n<link rel=\"canonical\" href=\"https:\/\/neon4ever.com\/de\/produkt\/will-you-marry-me\/\" \/>\n<meta property=\"og:locale\" content=\"de_DE\" \/>\n<meta property=\"og:type\" content=\"article\" \/>\n<meta property=\"og:title\" content=\"Will you marry me? - neon4ever.com\" \/>\n<meta property=\"og:description\" content=\"Unser exklusives, handgefertigtes Schild&quot; Will you marry me&quot; \u00fcberzeugt mit einzigartigem Design und Die Farbe ist ausw\u00e4hlbar.\" \/>\n<meta property=\"og:url\" content=\"https:\/\/neon4ever.com\/de\/produkt\/will-you-marry-me\/\" \/>\n<meta property=\"og:site_name\" content=\"neon4ever.com\" \/>\n<meta property=\"article:modified_time\" content=\"2024-09-13T10:00:14+00:00\" \/>\n<meta property=\"og:image\" content=\"https:\/\/neon4ever.com\/wp-content\/uploads\/area_photography_wedding_beautiful_design_photo_shoot_holiday_web.jpg\" \/>\n\t<meta property=\"og:image:width\" content=\"2260\" \/>\n\t<meta property=\"og:image:height\" content=\"2260\" \/>\n\t<meta property=\"og:image:type\" content=\"image\/jpeg\" \/>\n<meta name=\"twitter:card\" content=\"summary_large_image\" \/>\n<meta name=\"twitter:label1\" content=\"Preis\" \/>\n\t<meta name=\"twitter:data1\" content=\"&#036;449.00\" \/>\n\t<meta name=\"twitter:label2\" content=\"Verf\u00fcgbarkeit\" \/>\n\t<meta name=\"twitter:data2\" content=\"Auf Lager\" \/>\n<script type=\"application\/ld+json\" class=\"yoast-schema-graph\">{\"@context\":\"https:\/\/schema.org\",\"@graph\":[{\"@type\":\"WebPage\",\"@id\":\"https:\/\/neon4ever.com\/product\/will-you-marry-me\/\",\"url\":\"https:\/\/neon4ever.com\/product\/will-you-marry-me\/\",\"name\":\"Will you marry me? - neon4ever.com\",\"isPartOf\":{\"@id\":\"https:\/\/neon4ever.com\/#website\"},\"primaryImageOfPage\":{\"@id\":\"https:\/\/neon4ever.com\/product\/will-you-marry-me\/#primaryimage\"},\"image\":{\"@id\":\"https:\/\/neon4ever.com\/product\/will-you-marry-me\/#primaryimage\"},\"thumbnailUrl\":\"https:\/\/neon4ever.com\/wp-content\/uploads\/area_photography_wedding_beautiful_design_photo_shoot_holiday_web.jpg\",\"datePublished\":\"2024-05-07T03:25:45+00:00\",\"dateModified\":\"2024-09-13T10:00:14+00:00\",\"description\":\"Unser exklusives, handgefertigtes Schild\\\" Will you marry me\\\" \u00fcberzeugt mit einzigartigem Design und Die Farbe ist ausw\u00e4hlbar.\",\"breadcrumb\":{\"@id\":\"https:\/\/neon4ever.com\/product\/will-you-marry-me\/#breadcrumb\"},\"inLanguage\":\"de\",\"potentialAction\":[{\"@type\":\"ReadAction\",\"target\":[\"https:\/\/neon4ever.com\/product\/will-you-marry-me\/\"]}]},{\"@type\":\"ImageObject\",\"inLanguage\":\"de\",\"@id\":\"https:\/\/neon4ever.com\/product\/will-you-marry-me\/#primaryimage\",\"url\":\"https:\/\/neon4ever.com\/wp-content\/uploads\/area_photography_wedding_beautiful_design_photo_shoot_holiday_web.jpg\",\"contentUrl\":\"https:\/\/neon4ever.com\/wp-content\/uploads\/area_photography_wedding_beautiful_design_photo_shoot_holiday_web.jpg\",\"width\":2260,\"height\":2260},{\"@type\":\"BreadcrumbList\",\"@id\":\"https:\/\/neon4ever.com\/product\/will-you-marry-me\/#breadcrumb\",\"itemListElement\":[{\"@type\":\"ListItem\",\"position\":1,\"name\":\"Home\",\"item\":\"https:\/\/neon4ever.com\/\"},{\"@type\":\"ListItem\",\"position\":2,\"name\":\"Products\",\"item\":\"https:\/\/neon4ever.com\/shop\/\"},{\"@type\":\"ListItem\",\"position\":3,\"name\":\"Will you marry me?\"}]},{\"@type\":\"WebSite\",\"@id\":\"https:\/\/neon4ever.com\/#website\",\"url\":\"https:\/\/neon4ever.com\/\",\"name\":\"neon4ever.com\",\"description\":\"Neon 4 Ever\u00ae - Crafting Custom Neon Signs &amp; LED Lights for the USA &amp; Germany.\",\"publisher\":{\"@id\":\"https:\/\/neon4ever.com\/#organization\"},\"potentialAction\":[{\"@type\":\"SearchAction\",\"target\":{\"@type\":\"EntryPoint\",\"urlTemplate\":\"https:\/\/neon4ever.com\/?s={search_term_string}\"},\"query-input\":\"required name=search_term_string\"}],\"inLanguage\":\"de\"},{\"@type\":\"Organization\",\"@id\":\"https:\/\/neon4ever.com\/#organization\",\"name\":\"neon4ever.com\",\"url\":\"https:\/\/neon4ever.com\/\",\"logo\":{\"@type\":\"ImageObject\",\"inLanguage\":\"de\",\"@id\":\"https:\/\/neon4ever.com\/#\/schema\/logo\/image\/\",\"url\":\"https:\/\/neon4ever.com\/wp-content\/uploads\/2024\/03\/cropped-neon4ever.png\",\"contentUrl\":\"https:\/\/neon4ever.com\/wp-content\/uploads\/2024\/03\/cropped-neon4ever.png\",\"width\":425,\"height\":224,\"caption\":\"neon4ever.com\"},\"image\":{\"@id\":\"https:\/\/neon4ever.com\/#\/schema\/logo\/image\/\"}}]}<\/script>\n<meta property=\"product:price:amount\" content=\"449.00\" \/>\n<meta property=\"product:price:currency\" content=\"USD\" \/>\n<meta property=\"og:availability\" content=\"instock\" \/>\n<meta property=\"product:availability\" content=\"instock\" \/>\n<meta property=\"product:retailer_item_id\" content=\"W10\" \/>\n<meta property=\"product:condition\" content=\"new\" \/>\n<!-- \/ Yoast SEO plugin. -->","yoast_head_json":{"title":"Will you marry me? - neon4ever.com","description":"Unser exklusives, handgefertigtes Schild\" Will you marry me\" \u00fcberzeugt mit einzigartigem Design und Die Farbe ist ausw\u00e4hlbar.","robots":{"index":"index","follow":"follow","max-snippet":"max-snippet:-1","max-image-preview":"max-image-preview:large","max-video-preview":"max-video-preview:-1"},"canonical":"https:\/\/neon4ever.com\/de\/produkt\/will-you-marry-me\/","og_locale":"de_DE","og_type":"article","og_title":"Will you marry me? - neon4ever.com","og_description":"Unser exklusives, handgefertigtes Schild\" Will you marry me\" \u00fcberzeugt mit einzigartigem Design und Die Farbe ist ausw\u00e4hlbar.","og_url":"https:\/\/neon4ever.com\/de\/produkt\/will-you-marry-me\/","og_site_name":"neon4ever.com","article_modified_time":"2024-09-13T10:00:14+00:00","og_image":[{"width":2260,"height":2260,"url":"https:\/\/neon4ever.com\/wp-content\/uploads\/area_photography_wedding_beautiful_design_photo_shoot_holiday_web.jpg","type":"image\/jpeg"}],"twitter_card":"summary_large_image","twitter_misc":{"Preis":"&#36;449.00","Verf\u00fcgbarkeit":"Auf Lager"},"schema":{"@context":"https:\/\/schema.org","@graph":[{"@type":"WebPage","@id":"https:\/\/neon4ever.com\/product\/will-you-marry-me\/","url":"https:\/\/neon4ever.com\/product\/will-you-marry-me\/","name":"Will you marry me? - neon4ever.com","isPartOf":{"@id":"https:\/\/neon4ever.com\/#website"},"primaryImageOfPage":{"@id":"https:\/\/neon4ever.com\/product\/will-you-marry-me\/#primaryimage"},"image":{"@id":"https:\/\/neon4ever.com\/product\/will-you-marry-me\/#primaryimage"},"thumbnailUrl":"https:\/\/neon4ever.com\/wp-content\/uploads\/area_photography_wedding_beautiful_design_photo_shoot_holiday_web.jpg","datePublished":"2024-05-07T03:25:45+00:00","dateModified":"2024-09-13T10:00:14+00:00","description":"Unser exklusives, handgefertigtes Schild\" Will you marry me\" \u00fcberzeugt mit einzigartigem Design und Die Farbe ist ausw\u00e4hlbar.","breadcrumb":{"@id":"https:\/\/neon4ever.com\/product\/will-you-marry-me\/#breadcrumb"},"inLanguage":"de","potentialAction":[{"@type":"ReadAction","target":["https:\/\/neon4ever.com\/product\/will-you-marry-me\/"]}]},{"@type":"ImageObject","inLanguage":"de","@id":"https:\/\/neon4ever.com\/product\/will-you-marry-me\/#primaryimage","url":"https:\/\/neon4ever.com\/wp-content\/uploads\/area_photography_wedding_beautiful_design_photo_shoot_holiday_web.jpg","contentUrl":"https:\/\/neon4ever.com\/wp-content\/uploads\/area_photography_wedding_beautiful_design_photo_shoot_holiday_web.jpg","width":2260,"height":2260},{"@type":"BreadcrumbList","@id":"https:\/\/neon4ever.com\/product\/will-you-marry-me\/#breadcrumb","itemListElement":[{"@type":"ListItem","position":1,"name":"Home","item":"https:\/\/neon4ever.com\/"},{"@type":"ListItem","position":2,"name":"Products","item":"https:\/\/neon4ever.com\/shop\/"},{"@type":"ListItem","position":3,"name":"Will you marry me?"}]},{"@type":"WebSite","@id":"https:\/\/neon4ever.com\/#website","url":"https:\/\/neon4ever.com\/","name":"neon4ever.com","description":"Neon 4 Ever\u00ae - Crafting Custom Neon Signs &amp; LED Lights for the USA &amp; Germany.","publisher":{"@id":"https:\/\/neon4ever.com\/#organization"},"potentialAction":[{"@type":"SearchAction","target":{"@type":"EntryPoint","urlTemplate":"https:\/\/neon4ever.com\/?s={search_term_string}"},"query-input":"required name=search_term_string"}],"inLanguage":"de"},{"@type":"Organization","@id":"https:\/\/neon4ever.com\/#organization","name":"neon4ever.com","url":"https:\/\/neon4ever.com\/","logo":{"@type":"ImageObject","inLanguage":"de","@id":"https:\/\/neon4ever.com\/#\/schema\/logo\/image\/","url":"https:\/\/neon4ever.com\/wp-content\/uploads\/2024\/03\/cropped-neon4ever.png","contentUrl":"https:\/\/neon4ever.com\/wp-content\/uploads\/2024\/03\/cropped-neon4ever.png","width":425,"height":224,"caption":"neon4ever.com"},"image":{"@id":"https:\/\/neon4ever.com\/#\/schema\/logo\/image\/"}}]},"product_price_amount":"449.00","product_price_currency":"USD","og_availability":"instock","product_availability":"instock","product_retailer_item_id":"W10","product_condition":"new"},"_links":{"self":[{"href":"https:\/\/neon4ever.com\/de\/wp-json\/wp\/v2\/product\/11053"}],"collection":[{"href":"https:\/\/neon4ever.com\/de\/wp-json\/wp\/v2\/product"}],"about":[{"href":"https:\/\/neon4ever.com\/de\/wp-json\/wp\/v2\/types\/product"}],"replies":[{"embeddable":true,"href":"https:\/\/neon4ever.com\/de\/wp-json\/wp\/v2\/comments?post=11053"}],"wp:featuredmedia":[{"embeddable":true,"href":"https:\/\/neon4ever.com\/de\/wp-json\/wp\/v2\/media\/11124"}],"wp:attachment":[{"href":"https:\/\/neon4ever.com\/de\/wp-json\/wp\/v2\/media?parent=11053"}],"wp:term":[{"taxonomy":"product_cat","embeddable":true,"href":"https:\/\/neon4ever.com\/de\/wp-json\/wp\/v2\/product_cat?post=11053"},{"taxonomy":"product_tag","embeddable":true,"href":"https:\/\/neon4ever.com\/de\/wp-json\/wp\/v2\/product_tag?post=11053"}],"curies":[{"name":"wp","href":"https:\/\/api.w.org\/{rel}","templated":true}]}}