{"id":11051,"date":"2024-05-07T04:25:45","date_gmt":"2024-05-07T03:25:45","guid":{"rendered":"https:\/\/neon4ever.com\/?post_type=product&#038;p=11051"},"modified":"2025-02-11T22:55:06","modified_gmt":"2025-02-11T22:55:06","slug":"traubogen-mit-schildloveyou","status":"publish","type":"product","link":"https:\/\/neon4ever.com\/de\/produkt\/traubogen-mit-schildloveyou\/","title":{"rendered":"Traubogen mit Schild(loveyou)"},"content":{"rendered":"<p>Traubogen mit Neon-Schild<\/p>\n<p>Sch\u00f6n ausgeleuchtete Fotos mit besonderem Blickfang. Daf\u00fcr ist unsere Traubogen und Schild perfekt, dies k\u00f6nnen Sie mieten. Kontaktieren Sie uns f\u00fcr weitere Fragen oder reservieren und ihr individuelles Neon-Schild Design unter der WhatsApp-Nummer: +49 1739090514 Deutschland<br \/>\n+1 3473228083 USA<\/p>","protected":false},"excerpt":{"rendered":"<p>Sch\u00f6n ausgeleuchtete Fotos mit besonderem Blickfang. Daf\u00fcr ist unsere Traubogen und Schild perfekt, dies k\u00f6nnen Sie mieten.<\/p>","protected":false},"featured_media":11117,"comment_status":"open","ping_status":"closed","template":"","meta":{"_acf_changed":false,"_monsterinsights_skip_tracking":false,"_monsterinsights_sitenote_active":false,"_monsterinsights_sitenote_note":"","_monsterinsights_sitenote_category":0,"_kad_post_transparent":"default","_kad_post_title":"","_kad_post_layout":"default","_kad_post_sidebar_id":"","_kad_post_content_style":"default","_kad_post_vertical_padding":"default","_kad_post_feature":"","_kad_post_feature_position":"","_kad_post_header":false,"_kad_post_footer":false},"product_cat":[57,37,85,73],"product_tag":[],"acf":[],"yoast_head":"<!-- This site is optimized with the Yoast SEO plugin v22.9 - https:\/\/yoast.com\/wordpress\/plugins\/seo\/ -->\n<title>Traubogen mit Schild(loveyou) - neon4ever.com<\/title>\n<meta name=\"description\" content=\"Sch\u00f6n ausgeleuchtete Fotos mit besonderem Blickfang. Daf\u00fcr ist unsere Traubogen und Schild perfekt, dies k\u00f6nnen Sie mieten.\" \/>\n<meta name=\"robots\" content=\"index, follow, max-snippet:-1, max-image-preview:large, max-video-preview:-1\" \/>\n<link rel=\"canonical\" href=\"https:\/\/neon4ever.com\/de\/produkt\/traubogen-mit-schildloveyou\/\" \/>\n<meta property=\"og:locale\" content=\"de_DE\" \/>\n<meta property=\"og:type\" content=\"article\" \/>\n<meta property=\"og:title\" content=\"Traubogen mit Schild(loveyou) - neon4ever.com\" \/>\n<meta property=\"og:description\" content=\"Sch\u00f6n ausgeleuchtete Fotos mit besonderem Blickfang. Daf\u00fcr ist unsere Traubogen und Schild perfekt, dies k\u00f6nnen Sie mieten.\" \/>\n<meta property=\"og:url\" content=\"https:\/\/neon4ever.com\/de\/produkt\/traubogen-mit-schildloveyou\/\" \/>\n<meta property=\"og:site_name\" content=\"neon4ever.com\" \/>\n<meta property=\"article:modified_time\" content=\"2025-02-11T22:55:06+00:00\" \/>\n<meta property=\"og:image\" content=\"https:\/\/neon4ever.com\/wp-content\/uploads\/20230521_004203.jpg\" \/>\n\t<meta property=\"og:image:width\" content=\"2400\" \/>\n\t<meta property=\"og:image:height\" content=\"2252\" \/>\n\t<meta property=\"og:image:type\" content=\"image\/jpeg\" \/>\n<meta name=\"twitter:card\" content=\"summary_large_image\" \/>\n<meta name=\"twitter:label1\" content=\"Preis\" \/>\n\t<meta name=\"twitter:data1\" content=\"&#036;99.00\" \/>\n\t<meta name=\"twitter:label2\" content=\"Verf\u00fcgbarkeit\" \/>\n\t<meta name=\"twitter:data2\" content=\"Auf Lager\" \/>\n<script type=\"application\/ld+json\" class=\"yoast-schema-graph\">{\"@context\":\"https:\/\/schema.org\",\"@graph\":[{\"@type\":\"WebPage\",\"@id\":\"https:\/\/neon4ever.com\/product\/traubogen-mit-schildloveyou\/\",\"url\":\"https:\/\/neon4ever.com\/product\/traubogen-mit-schildloveyou\/\",\"name\":\"Traubogen mit Schild(loveyou) - neon4ever.com\",\"isPartOf\":{\"@id\":\"https:\/\/neon4ever.com\/#website\"},\"primaryImageOfPage\":{\"@id\":\"https:\/\/neon4ever.com\/product\/traubogen-mit-schildloveyou\/#primaryimage\"},\"image\":{\"@id\":\"https:\/\/neon4ever.com\/product\/traubogen-mit-schildloveyou\/#primaryimage\"},\"thumbnailUrl\":\"https:\/\/neon4ever.com\/wp-content\/uploads\/20230521_004203.jpg\",\"datePublished\":\"2024-05-07T03:25:45+00:00\",\"dateModified\":\"2025-02-11T22:55:06+00:00\",\"description\":\"Sch\u00f6n ausgeleuchtete Fotos mit besonderem Blickfang. Daf\u00fcr ist unsere Traubogen und Schild perfekt, dies k\u00f6nnen Sie mieten.\",\"breadcrumb\":{\"@id\":\"https:\/\/neon4ever.com\/product\/traubogen-mit-schildloveyou\/#breadcrumb\"},\"inLanguage\":\"de\",\"potentialAction\":[{\"@type\":\"ReadAction\",\"target\":[\"https:\/\/neon4ever.com\/product\/traubogen-mit-schildloveyou\/\"]}]},{\"@type\":\"ImageObject\",\"inLanguage\":\"de\",\"@id\":\"https:\/\/neon4ever.com\/product\/traubogen-mit-schildloveyou\/#primaryimage\",\"url\":\"https:\/\/neon4ever.com\/wp-content\/uploads\/20230521_004203.jpg\",\"contentUrl\":\"https:\/\/neon4ever.com\/wp-content\/uploads\/20230521_004203.jpg\",\"width\":2400,\"height\":2252,\"caption\":\"Traubogen-mit- Love you-Neon.Schild\"},{\"@type\":\"BreadcrumbList\",\"@id\":\"https:\/\/neon4ever.com\/product\/traubogen-mit-schildloveyou\/#breadcrumb\",\"itemListElement\":[{\"@type\":\"ListItem\",\"position\":1,\"name\":\"Home\",\"item\":\"https:\/\/neon4ever.com\/\"},{\"@type\":\"ListItem\",\"position\":2,\"name\":\"Products\",\"item\":\"https:\/\/neon4ever.com\/shop\/\"},{\"@type\":\"ListItem\",\"position\":3,\"name\":\"Traubogen mit Schild(loveyou)\"}]},{\"@type\":\"WebSite\",\"@id\":\"https:\/\/neon4ever.com\/#website\",\"url\":\"https:\/\/neon4ever.com\/\",\"name\":\"neon4ever.com\",\"description\":\"Neon 4 Ever\u00ae - Crafting Custom Neon Signs &amp; LED Lights for the USA &amp; Germany.\",\"publisher\":{\"@id\":\"https:\/\/neon4ever.com\/#organization\"},\"potentialAction\":[{\"@type\":\"SearchAction\",\"target\":{\"@type\":\"EntryPoint\",\"urlTemplate\":\"https:\/\/neon4ever.com\/?s={search_term_string}\"},\"query-input\":\"required name=search_term_string\"}],\"inLanguage\":\"de\"},{\"@type\":\"Organization\",\"@id\":\"https:\/\/neon4ever.com\/#organization\",\"name\":\"neon4ever.com\",\"url\":\"https:\/\/neon4ever.com\/\",\"logo\":{\"@type\":\"ImageObject\",\"inLanguage\":\"de\",\"@id\":\"https:\/\/neon4ever.com\/#\/schema\/logo\/image\/\",\"url\":\"https:\/\/neon4ever.com\/wp-content\/uploads\/2024\/03\/cropped-neon4ever.png\",\"contentUrl\":\"https:\/\/neon4ever.com\/wp-content\/uploads\/2024\/03\/cropped-neon4ever.png\",\"width\":425,\"height\":224,\"caption\":\"neon4ever.com\"},\"image\":{\"@id\":\"https:\/\/neon4ever.com\/#\/schema\/logo\/image\/\"}}]}<\/script>\n<meta property=\"product:price:amount\" content=\"99.00\" \/>\n<meta property=\"product:price:currency\" content=\"USD\" \/>\n<meta property=\"og:availability\" content=\"instock\" \/>\n<meta property=\"product:availability\" content=\"instock\" \/>\n<meta property=\"product:condition\" content=\"new\" \/>\n<!-- \/ Yoast SEO plugin. -->","yoast_head_json":{"title":"Traubogen mit Schild(loveyou) - neon4ever.com","description":"Sch\u00f6n ausgeleuchtete Fotos mit besonderem Blickfang. Daf\u00fcr ist unsere Traubogen und Schild perfekt, dies k\u00f6nnen Sie mieten.","robots":{"index":"index","follow":"follow","max-snippet":"max-snippet:-1","max-image-preview":"max-image-preview:large","max-video-preview":"max-video-preview:-1"},"canonical":"https:\/\/neon4ever.com\/de\/produkt\/traubogen-mit-schildloveyou\/","og_locale":"de_DE","og_type":"article","og_title":"Traubogen mit Schild(loveyou) - neon4ever.com","og_description":"Sch\u00f6n ausgeleuchtete Fotos mit besonderem Blickfang. Daf\u00fcr ist unsere Traubogen und Schild perfekt, dies k\u00f6nnen Sie mieten.","og_url":"https:\/\/neon4ever.com\/de\/produkt\/traubogen-mit-schildloveyou\/","og_site_name":"neon4ever.com","article_modified_time":"2025-02-11T22:55:06+00:00","og_image":[{"width":2400,"height":2252,"url":"https:\/\/neon4ever.com\/wp-content\/uploads\/20230521_004203.jpg","type":"image\/jpeg"}],"twitter_card":"summary_large_image","twitter_misc":{"Preis":"&#36;99.00","Verf\u00fcgbarkeit":"Auf Lager"},"schema":{"@context":"https:\/\/schema.org","@graph":[{"@type":"WebPage","@id":"https:\/\/neon4ever.com\/product\/traubogen-mit-schildloveyou\/","url":"https:\/\/neon4ever.com\/product\/traubogen-mit-schildloveyou\/","name":"Traubogen mit Schild(loveyou) - neon4ever.com","isPartOf":{"@id":"https:\/\/neon4ever.com\/#website"},"primaryImageOfPage":{"@id":"https:\/\/neon4ever.com\/product\/traubogen-mit-schildloveyou\/#primaryimage"},"image":{"@id":"https:\/\/neon4ever.com\/product\/traubogen-mit-schildloveyou\/#primaryimage"},"thumbnailUrl":"https:\/\/neon4ever.com\/wp-content\/uploads\/20230521_004203.jpg","datePublished":"2024-05-07T03:25:45+00:00","dateModified":"2025-02-11T22:55:06+00:00","description":"Sch\u00f6n ausgeleuchtete Fotos mit besonderem Blickfang. Daf\u00fcr ist unsere Traubogen und Schild perfekt, dies k\u00f6nnen Sie mieten.","breadcrumb":{"@id":"https:\/\/neon4ever.com\/product\/traubogen-mit-schildloveyou\/#breadcrumb"},"inLanguage":"de","potentialAction":[{"@type":"ReadAction","target":["https:\/\/neon4ever.com\/product\/traubogen-mit-schildloveyou\/"]}]},{"@type":"ImageObject","inLanguage":"de","@id":"https:\/\/neon4ever.com\/product\/traubogen-mit-schildloveyou\/#primaryimage","url":"https:\/\/neon4ever.com\/wp-content\/uploads\/20230521_004203.jpg","contentUrl":"https:\/\/neon4ever.com\/wp-content\/uploads\/20230521_004203.jpg","width":2400,"height":2252,"caption":"Traubogen-mit- Love you-Neon.Schild"},{"@type":"BreadcrumbList","@id":"https:\/\/neon4ever.com\/product\/traubogen-mit-schildloveyou\/#breadcrumb","itemListElement":[{"@type":"ListItem","position":1,"name":"Home","item":"https:\/\/neon4ever.com\/"},{"@type":"ListItem","position":2,"name":"Products","item":"https:\/\/neon4ever.com\/shop\/"},{"@type":"ListItem","position":3,"name":"Traubogen mit Schild(loveyou)"}]},{"@type":"WebSite","@id":"https:\/\/neon4ever.com\/#website","url":"https:\/\/neon4ever.com\/","name":"neon4ever.com","description":"Neon 4 Ever\u00ae - Crafting Custom Neon Signs &amp; LED Lights for the USA &amp; Germany.","publisher":{"@id":"https:\/\/neon4ever.com\/#organization"},"potentialAction":[{"@type":"SearchAction","target":{"@type":"EntryPoint","urlTemplate":"https:\/\/neon4ever.com\/?s={search_term_string}"},"query-input":"required name=search_term_string"}],"inLanguage":"de"},{"@type":"Organization","@id":"https:\/\/neon4ever.com\/#organization","name":"neon4ever.com","url":"https:\/\/neon4ever.com\/","logo":{"@type":"ImageObject","inLanguage":"de","@id":"https:\/\/neon4ever.com\/#\/schema\/logo\/image\/","url":"https:\/\/neon4ever.com\/wp-content\/uploads\/2024\/03\/cropped-neon4ever.png","contentUrl":"https:\/\/neon4ever.com\/wp-content\/uploads\/2024\/03\/cropped-neon4ever.png","width":425,"height":224,"caption":"neon4ever.com"},"image":{"@id":"https:\/\/neon4ever.com\/#\/schema\/logo\/image\/"}}]},"product_price_amount":"99.00","product_price_currency":"USD","og_availability":"instock","product_availability":"instock","product_condition":"new"},"_links":{"self":[{"href":"https:\/\/neon4ever.com\/de\/wp-json\/wp\/v2\/product\/11051"}],"collection":[{"href":"https:\/\/neon4ever.com\/de\/wp-json\/wp\/v2\/product"}],"about":[{"href":"https:\/\/neon4ever.com\/de\/wp-json\/wp\/v2\/types\/product"}],"replies":[{"embeddable":true,"href":"https:\/\/neon4ever.com\/de\/wp-json\/wp\/v2\/comments?post=11051"}],"wp:featuredmedia":[{"embeddable":true,"href":"https:\/\/neon4ever.com\/de\/wp-json\/wp\/v2\/media\/11117"}],"wp:attachment":[{"href":"https:\/\/neon4ever.com\/de\/wp-json\/wp\/v2\/media?parent=11051"}],"wp:term":[{"taxonomy":"product_cat","embeddable":true,"href":"https:\/\/neon4ever.com\/de\/wp-json\/wp\/v2\/product_cat?post=11051"},{"taxonomy":"product_tag","embeddable":true,"href":"https:\/\/neon4ever.com\/de\/wp-json\/wp\/v2\/product_tag?post=11051"}],"curies":[{"name":"wp","href":"https:\/\/api.w.org\/{rel}","templated":true}]}}