{"id":11040,"date":"2024-05-07T04:25:44","date_gmt":"2024-05-07T03:25:44","guid":{"rendered":"https:\/\/neon4ever.com\/?post_type=product&#038;p=11040"},"modified":"2024-05-07T04:27:41","modified_gmt":"2024-05-07T03:27:41","slug":"mrmrs-mit-traubogen","status":"publish","type":"product","link":"https:\/\/neon4ever.com\/de\/produkt\/mrmrs-mit-traubogen\/","title":{"rendered":"Mr&#038;Mrs mit Traubogen"},"content":{"rendered":"<p>Mr&amp;Mrs Neon-Schild mit Traubogen mieten<\/p>\n<p>Machen Sie Ihre Trauung zu einem ganz besonderen Erlebnis. Mit unserem Traubogen voller Rosen<br \/>\nin Wei\u00df oder Wei\u00df-Pink setzen Sie ein passendes Zeichen. Die Gr\u00f6\u00dfe betr\u00e4gt 170 x 170 cm , 190 x 190 und die<br \/>\nKosten liegen je Tag\/Nacht bei 149 \u20ac\u00a0 mit Traubogen inkl. 19% MwSt.,<\/p>\n<p>Weitere Informationen finden Sie direkt bei und unter:<\/p>\n<p>Whats app: 01739090514<\/p>\n<p>Email: Info@hochzeitledsign.de<\/p>","protected":false},"excerpt":{"rendered":"<p>Mr&amp;Mrs Neon-Schild mit Traubogen mieten Machen Sie Ihre Trauung zu einem ganz besonderen Erlebnis. Mit unserem Traubogen voller Rosen in Wei\u00df oder Wei\u00df-Pink setzen Sie ein passendes Zeichen. Die Gr\u00f6\u00dfe betr\u00e4gt 170 x 170 cm , 190 x 190 und die Kosten liegen je Tag\/Nacht bei 149 \u20ac\u00a0 mit Traubogen inkl. 19% MwSt., Weitere Informationen&#8230;<\/p>","protected":false},"featured_media":11097,"comment_status":"open","ping_status":"closed","template":"","meta":{"_acf_changed":false,"_monsterinsights_skip_tracking":false,"_monsterinsights_sitenote_active":false,"_monsterinsights_sitenote_note":"","_monsterinsights_sitenote_category":0,"_kad_post_transparent":"","_kad_post_title":"","_kad_post_layout":"","_kad_post_sidebar_id":"","_kad_post_content_style":"","_kad_post_vertical_padding":"","_kad_post_feature":"","_kad_post_feature_position":"","_kad_post_header":false,"_kad_post_footer":false},"product_cat":[85],"product_tag":[],"acf":[],"yoast_head":"<!-- This site is optimized with the Yoast SEO plugin v22.9 - https:\/\/yoast.com\/wordpress\/plugins\/seo\/ -->\n<title>Mr&amp;Mrs mit Traubogen - neon4ever.com<\/title>\n<meta name=\"robots\" content=\"index, follow, max-snippet:-1, max-image-preview:large, max-video-preview:-1\" \/>\n<link rel=\"canonical\" href=\"https:\/\/neon4ever.com\/de\/produkt\/mrmrs-mit-traubogen\/\" \/>\n<meta property=\"og:locale\" content=\"de_DE\" \/>\n<meta property=\"og:type\" content=\"article\" \/>\n<meta property=\"og:title\" content=\"Mr&amp;Mrs mit Traubogen - neon4ever.com\" \/>\n<meta property=\"og:description\" content=\"Mr&amp;Mrs Neon-Schild mit Traubogen mieten Machen Sie Ihre Trauung zu einem ganz besonderen Erlebnis. Mit unserem Traubogen voller Rosen in Wei\u00df oder Wei\u00df-Pink setzen Sie ein passendes Zeichen. Die Gr\u00f6\u00dfe betr\u00e4gt 170 x 170 cm , 190 x 190 und die Kosten liegen je Tag\/Nacht bei 149 \u20ac\u00a0 mit Traubogen inkl. 19% MwSt., Weitere Informationen...\" \/>\n<meta property=\"og:url\" content=\"https:\/\/neon4ever.com\/de\/produkt\/mrmrs-mit-traubogen\/\" \/>\n<meta property=\"og:site_name\" content=\"neon4ever.com\" \/>\n<meta property=\"article:modified_time\" content=\"2024-05-07T03:27:41+00:00\" \/>\n<meta property=\"og:image\" content=\"https:\/\/neon4ever.com\/wp-content\/uploads\/try-hard-copy-1.jpg\" \/>\n\t<meta property=\"og:image:width\" content=\"1000\" \/>\n\t<meta property=\"og:image:height\" content=\"1000\" \/>\n\t<meta property=\"og:image:type\" content=\"image\/jpeg\" \/>\n<meta name=\"twitter:card\" content=\"summary_large_image\" \/>\n<meta name=\"twitter:label1\" content=\"Preis\" \/>\n\t<meta name=\"twitter:data1\" content=\"&#036;149.00\" \/>\n\t<meta name=\"twitter:label2\" content=\"Verf\u00fcgbarkeit\" \/>\n\t<meta name=\"twitter:data2\" content=\"Auf Lager\" \/>\n<script type=\"application\/ld+json\" class=\"yoast-schema-graph\">{\"@context\":\"https:\/\/schema.org\",\"@graph\":[{\"@type\":\"WebPage\",\"@id\":\"https:\/\/neon4ever.com\/product\/mrmrs-mit-traubogen\/\",\"url\":\"https:\/\/neon4ever.com\/product\/mrmrs-mit-traubogen\/\",\"name\":\"Mr&Mrs mit Traubogen - neon4ever.com\",\"isPartOf\":{\"@id\":\"https:\/\/neon4ever.com\/#website\"},\"primaryImageOfPage\":{\"@id\":\"https:\/\/neon4ever.com\/product\/mrmrs-mit-traubogen\/#primaryimage\"},\"image\":{\"@id\":\"https:\/\/neon4ever.com\/product\/mrmrs-mit-traubogen\/#primaryimage\"},\"thumbnailUrl\":\"https:\/\/neon4ever.com\/wp-content\/uploads\/try-hard-copy-1.jpg\",\"datePublished\":\"2024-05-07T03:25:44+00:00\",\"dateModified\":\"2024-05-07T03:27:41+00:00\",\"breadcrumb\":{\"@id\":\"https:\/\/neon4ever.com\/product\/mrmrs-mit-traubogen\/#breadcrumb\"},\"inLanguage\":\"de\",\"potentialAction\":[{\"@type\":\"ReadAction\",\"target\":[\"https:\/\/neon4ever.com\/product\/mrmrs-mit-traubogen\/\"]}]},{\"@type\":\"ImageObject\",\"inLanguage\":\"de\",\"@id\":\"https:\/\/neon4ever.com\/product\/mrmrs-mit-traubogen\/#primaryimage\",\"url\":\"https:\/\/neon4ever.com\/wp-content\/uploads\/try-hard-copy-1.jpg\",\"contentUrl\":\"https:\/\/neon4ever.com\/wp-content\/uploads\/try-hard-copy-1.jpg\",\"width\":1000,\"height\":1000},{\"@type\":\"BreadcrumbList\",\"@id\":\"https:\/\/neon4ever.com\/product\/mrmrs-mit-traubogen\/#breadcrumb\",\"itemListElement\":[{\"@type\":\"ListItem\",\"position\":1,\"name\":\"Home\",\"item\":\"https:\/\/neon4ever.com\/\"},{\"@type\":\"ListItem\",\"position\":2,\"name\":\"Products\",\"item\":\"https:\/\/neon4ever.com\/shop\/\"},{\"@type\":\"ListItem\",\"position\":3,\"name\":\"Mr&#038;Mrs mit Traubogen\"}]},{\"@type\":\"WebSite\",\"@id\":\"https:\/\/neon4ever.com\/#website\",\"url\":\"https:\/\/neon4ever.com\/\",\"name\":\"neon4ever.com\",\"description\":\"Neon 4 Ever\u00ae - Crafting Custom Neon Signs &amp; LED Lights for the USA &amp; Germany.\",\"publisher\":{\"@id\":\"https:\/\/neon4ever.com\/#organization\"},\"potentialAction\":[{\"@type\":\"SearchAction\",\"target\":{\"@type\":\"EntryPoint\",\"urlTemplate\":\"https:\/\/neon4ever.com\/?s={search_term_string}\"},\"query-input\":\"required name=search_term_string\"}],\"inLanguage\":\"de\"},{\"@type\":\"Organization\",\"@id\":\"https:\/\/neon4ever.com\/#organization\",\"name\":\"neon4ever.com\",\"url\":\"https:\/\/neon4ever.com\/\",\"logo\":{\"@type\":\"ImageObject\",\"inLanguage\":\"de\",\"@id\":\"https:\/\/neon4ever.com\/#\/schema\/logo\/image\/\",\"url\":\"https:\/\/neon4ever.com\/wp-content\/uploads\/2024\/03\/cropped-neon4ever.png\",\"contentUrl\":\"https:\/\/neon4ever.com\/wp-content\/uploads\/2024\/03\/cropped-neon4ever.png\",\"width\":425,\"height\":224,\"caption\":\"neon4ever.com\"},\"image\":{\"@id\":\"https:\/\/neon4ever.com\/#\/schema\/logo\/image\/\"}}]}<\/script>\n<meta property=\"product:price:amount\" content=\"149.00\" \/>\n<meta property=\"product:price:currency\" content=\"USD\" \/>\n<meta property=\"og:availability\" content=\"instock\" \/>\n<meta property=\"product:availability\" content=\"instock\" \/>\n<meta property=\"product:condition\" content=\"new\" \/>\n<!-- \/ Yoast SEO plugin. -->","yoast_head_json":{"title":"Mr&Mrs mit Traubogen - neon4ever.com","robots":{"index":"index","follow":"follow","max-snippet":"max-snippet:-1","max-image-preview":"max-image-preview:large","max-video-preview":"max-video-preview:-1"},"canonical":"https:\/\/neon4ever.com\/de\/produkt\/mrmrs-mit-traubogen\/","og_locale":"de_DE","og_type":"article","og_title":"Mr&Mrs mit Traubogen - neon4ever.com","og_description":"Mr&amp;Mrs Neon-Schild mit Traubogen mieten Machen Sie Ihre Trauung zu einem ganz besonderen Erlebnis. Mit unserem Traubogen voller Rosen in Wei\u00df oder Wei\u00df-Pink setzen Sie ein passendes Zeichen. Die Gr\u00f6\u00dfe betr\u00e4gt 170 x 170 cm , 190 x 190 und die Kosten liegen je Tag\/Nacht bei 149 \u20ac\u00a0 mit Traubogen inkl. 19% MwSt., Weitere Informationen...","og_url":"https:\/\/neon4ever.com\/de\/produkt\/mrmrs-mit-traubogen\/","og_site_name":"neon4ever.com","article_modified_time":"2024-05-07T03:27:41+00:00","og_image":[{"width":1000,"height":1000,"url":"https:\/\/neon4ever.com\/wp-content\/uploads\/try-hard-copy-1.jpg","type":"image\/jpeg"}],"twitter_card":"summary_large_image","twitter_misc":{"Preis":"&#36;149.00","Verf\u00fcgbarkeit":"Auf Lager"},"schema":{"@context":"https:\/\/schema.org","@graph":[{"@type":"WebPage","@id":"https:\/\/neon4ever.com\/product\/mrmrs-mit-traubogen\/","url":"https:\/\/neon4ever.com\/product\/mrmrs-mit-traubogen\/","name":"Mr&Mrs mit Traubogen - neon4ever.com","isPartOf":{"@id":"https:\/\/neon4ever.com\/#website"},"primaryImageOfPage":{"@id":"https:\/\/neon4ever.com\/product\/mrmrs-mit-traubogen\/#primaryimage"},"image":{"@id":"https:\/\/neon4ever.com\/product\/mrmrs-mit-traubogen\/#primaryimage"},"thumbnailUrl":"https:\/\/neon4ever.com\/wp-content\/uploads\/try-hard-copy-1.jpg","datePublished":"2024-05-07T03:25:44+00:00","dateModified":"2024-05-07T03:27:41+00:00","breadcrumb":{"@id":"https:\/\/neon4ever.com\/product\/mrmrs-mit-traubogen\/#breadcrumb"},"inLanguage":"de","potentialAction":[{"@type":"ReadAction","target":["https:\/\/neon4ever.com\/product\/mrmrs-mit-traubogen\/"]}]},{"@type":"ImageObject","inLanguage":"de","@id":"https:\/\/neon4ever.com\/product\/mrmrs-mit-traubogen\/#primaryimage","url":"https:\/\/neon4ever.com\/wp-content\/uploads\/try-hard-copy-1.jpg","contentUrl":"https:\/\/neon4ever.com\/wp-content\/uploads\/try-hard-copy-1.jpg","width":1000,"height":1000},{"@type":"BreadcrumbList","@id":"https:\/\/neon4ever.com\/product\/mrmrs-mit-traubogen\/#breadcrumb","itemListElement":[{"@type":"ListItem","position":1,"name":"Home","item":"https:\/\/neon4ever.com\/"},{"@type":"ListItem","position":2,"name":"Products","item":"https:\/\/neon4ever.com\/shop\/"},{"@type":"ListItem","position":3,"name":"Mr&#038;Mrs mit Traubogen"}]},{"@type":"WebSite","@id":"https:\/\/neon4ever.com\/#website","url":"https:\/\/neon4ever.com\/","name":"neon4ever.com","description":"Neon 4 Ever\u00ae - Crafting Custom Neon Signs &amp; LED Lights for the USA &amp; Germany.","publisher":{"@id":"https:\/\/neon4ever.com\/#organization"},"potentialAction":[{"@type":"SearchAction","target":{"@type":"EntryPoint","urlTemplate":"https:\/\/neon4ever.com\/?s={search_term_string}"},"query-input":"required name=search_term_string"}],"inLanguage":"de"},{"@type":"Organization","@id":"https:\/\/neon4ever.com\/#organization","name":"neon4ever.com","url":"https:\/\/neon4ever.com\/","logo":{"@type":"ImageObject","inLanguage":"de","@id":"https:\/\/neon4ever.com\/#\/schema\/logo\/image\/","url":"https:\/\/neon4ever.com\/wp-content\/uploads\/2024\/03\/cropped-neon4ever.png","contentUrl":"https:\/\/neon4ever.com\/wp-content\/uploads\/2024\/03\/cropped-neon4ever.png","width":425,"height":224,"caption":"neon4ever.com"},"image":{"@id":"https:\/\/neon4ever.com\/#\/schema\/logo\/image\/"}}]},"product_price_amount":"149.00","product_price_currency":"USD","og_availability":"instock","product_availability":"instock","product_condition":"new"},"_links":{"self":[{"href":"https:\/\/neon4ever.com\/de\/wp-json\/wp\/v2\/product\/11040"}],"collection":[{"href":"https:\/\/neon4ever.com\/de\/wp-json\/wp\/v2\/product"}],"about":[{"href":"https:\/\/neon4ever.com\/de\/wp-json\/wp\/v2\/types\/product"}],"replies":[{"embeddable":true,"href":"https:\/\/neon4ever.com\/de\/wp-json\/wp\/v2\/comments?post=11040"}],"wp:featuredmedia":[{"embeddable":true,"href":"https:\/\/neon4ever.com\/de\/wp-json\/wp\/v2\/media\/11097"}],"wp:attachment":[{"href":"https:\/\/neon4ever.com\/de\/wp-json\/wp\/v2\/media?parent=11040"}],"wp:term":[{"taxonomy":"product_cat","embeddable":true,"href":"https:\/\/neon4ever.com\/de\/wp-json\/wp\/v2\/product_cat?post=11040"},{"taxonomy":"product_tag","embeddable":true,"href":"https:\/\/neon4ever.com\/de\/wp-json\/wp\/v2\/product_tag?post=11040"}],"curies":[{"name":"wp","href":"https:\/\/api.w.org\/{rel}","templated":true}]}}