{"id":11024,"date":"2024-05-02T17:01:42","date_gmt":"2024-05-02T16:01:42","guid":{"rendered":"https:\/\/neon4ever.com\/?post_type=product&#038;p=11024"},"modified":"2024-05-07T09:26:35","modified_gmt":"2024-05-07T08:26:35","slug":"all-you-need-is-love-neon-schild","status":"publish","type":"product","link":"https:\/\/neon4ever.com\/de\/produkt\/all-you-need-is-love-neon-schild\/","title":{"rendered":"\u201cAll You Need Is Love\u201d Neon-Schild"},"content":{"rendered":"<p>Dieses wundersch\u00f6ne Neon-Schild mit dem inspirierenden Schriftzug \u201cAll You Need Is Love\u201d ist ein Blickfang f\u00fcr jeden Anlass. Ob Hochzeit, Verlobung oder einfach als Dekoration \u2013 es vermittelt eine positive Botschaft und sorgt f\u00fcr eine romantische Atmosph\u00e4re.<br \/>\nDesign: Der Schriftzug ist aus transparentem Acrylglas gefertigt und leuchtet in Gelb und Rot. Die Buchstaben sind stilvoll gestaltet und erinnern an klassische Neon-Schilder.<br \/>\nFunktionen:<br \/>\nDas Neon-Sign kann per Schalter oder Fernbedienung ein- und ausgeschaltet werden.<br \/>\nEs ist mit einem transparenten Stromkabel und einem Standard-Stromstecker ausgestattet, der in eine haushalts\u00fcbliche Steckdose passt.<br \/>\nIm Acrylglas befinden sich 2 L\u00f6cher, sodass Sie das Schild problemlos mit einer Schnur an der Wand oder am Traubogen aufh\u00e4ngen k\u00f6nnen.<\/p>","protected":false},"excerpt":{"rendered":"<p>Egal ob Hochzeit, Event oder als Geschenk \u2013 dieses &#8221; all you need is love&#8221; Neon-Schild verbreitet Liebe und positive Energie! \ud83c\udf1f<\/p>","protected":false},"featured_media":6385,"comment_status":"open","ping_status":"closed","template":"","meta":{"_acf_changed":false,"_monsterinsights_skip_tracking":false,"_monsterinsights_sitenote_active":false,"_monsterinsights_sitenote_note":"","_monsterinsights_sitenote_category":0,"_kad_post_transparent":"default","_kad_post_title":"","_kad_post_layout":"default","_kad_post_sidebar_id":"","_kad_post_content_style":"default","_kad_post_vertical_padding":"default","_kad_post_feature":"","_kad_post_feature_position":"","_kad_post_header":false,"_kad_post_footer":false},"product_cat":[57,43,37,85],"product_tag":[],"acf":[],"yoast_head":"<!-- This site is optimized with the Yoast SEO plugin v22.9 - https:\/\/yoast.com\/wordpress\/plugins\/seo\/ -->\n<title>\u201cAll You Need Is Love\u201d Neon-Schild - neon4ever.com<\/title>\n<meta name=\"robots\" content=\"index, follow, max-snippet:-1, max-image-preview:large, max-video-preview:-1\" \/>\n<link rel=\"canonical\" href=\"https:\/\/neon4ever.com\/de\/produkt\/all-you-need-is-love-neon-schild\/\" \/>\n<meta property=\"og:locale\" content=\"de_DE\" \/>\n<meta property=\"og:type\" content=\"article\" \/>\n<meta property=\"og:title\" content=\"\u201cAll You Need Is Love\u201d Neon-Schild - neon4ever.com\" \/>\n<meta property=\"og:description\" content=\"Egal ob Hochzeit, Event oder als Geschenk \u2013 dieses &quot; all you need is love&quot; Neon-Schild verbreitet Liebe und positive Energie! \ud83c\udf1f\" \/>\n<meta property=\"og:url\" content=\"https:\/\/neon4ever.com\/de\/produkt\/all-you-need-is-love-neon-schild\/\" \/>\n<meta property=\"og:site_name\" content=\"neon4ever.com\" \/>\n<meta property=\"article:modified_time\" content=\"2024-05-07T08:26:35+00:00\" \/>\n<meta property=\"og:image\" content=\"https:\/\/neon4ever.com\/wp-content\/uploads\/2024\/03\/all-you-need-is-web-scaled-2.jpg\" \/>\n\t<meta property=\"og:image:width\" content=\"2560\" \/>\n\t<meta property=\"og:image:height\" content=\"2560\" \/>\n\t<meta property=\"og:image:type\" content=\"image\/jpeg\" \/>\n<meta name=\"twitter:card\" content=\"summary_large_image\" \/>\n<meta name=\"twitter:label1\" content=\"Preis\" \/>\n\t<meta name=\"twitter:data1\" content=\"&#036;59.00\" \/>\n\t<meta name=\"twitter:label2\" content=\"Verf\u00fcgbarkeit\" \/>\n\t<meta name=\"twitter:data2\" content=\"Auf Lager\" \/>\n<script type=\"application\/ld+json\" class=\"yoast-schema-graph\">{\"@context\":\"https:\/\/schema.org\",\"@graph\":[{\"@type\":\"WebPage\",\"@id\":\"https:\/\/neon4ever.com\/product\/all-you-need-is-love-neon-schild\/\",\"url\":\"https:\/\/neon4ever.com\/product\/all-you-need-is-love-neon-schild\/\",\"name\":\"\u201cAll You Need Is Love\u201d Neon-Schild - neon4ever.com\",\"isPartOf\":{\"@id\":\"https:\/\/neon4ever.com\/#website\"},\"primaryImageOfPage\":{\"@id\":\"https:\/\/neon4ever.com\/product\/all-you-need-is-love-neon-schild\/#primaryimage\"},\"image\":{\"@id\":\"https:\/\/neon4ever.com\/product\/all-you-need-is-love-neon-schild\/#primaryimage\"},\"thumbnailUrl\":\"https:\/\/neon4ever.com\/wp-content\/uploads\/2024\/03\/all-you-need-is-web-scaled-2-e1727390364978.jpg\",\"datePublished\":\"2024-05-02T16:01:42+00:00\",\"dateModified\":\"2024-05-07T08:26:35+00:00\",\"breadcrumb\":{\"@id\":\"https:\/\/neon4ever.com\/product\/all-you-need-is-love-neon-schild\/#breadcrumb\"},\"inLanguage\":\"de\",\"potentialAction\":[{\"@type\":\"ReadAction\",\"target\":[\"https:\/\/neon4ever.com\/product\/all-you-need-is-love-neon-schild\/\"]}]},{\"@type\":\"ImageObject\",\"inLanguage\":\"de\",\"@id\":\"https:\/\/neon4ever.com\/product\/all-you-need-is-love-neon-schild\/#primaryimage\",\"url\":\"https:\/\/neon4ever.com\/wp-content\/uploads\/2024\/03\/all-you-need-is-web-scaled-2-e1727390364978.jpg\",\"contentUrl\":\"https:\/\/neon4ever.com\/wp-content\/uploads\/2024\/03\/all-you-need-is-web-scaled-2-e1727390364978.jpg\",\"width\":2560,\"height\":1510,\"caption\":\"All you need is love Neon sign\"},{\"@type\":\"BreadcrumbList\",\"@id\":\"https:\/\/neon4ever.com\/product\/all-you-need-is-love-neon-schild\/#breadcrumb\",\"itemListElement\":[{\"@type\":\"ListItem\",\"position\":1,\"name\":\"Home\",\"item\":\"https:\/\/neon4ever.com\/\"},{\"@type\":\"ListItem\",\"position\":2,\"name\":\"Products\",\"item\":\"https:\/\/neon4ever.com\/shop\/\"},{\"@type\":\"ListItem\",\"position\":3,\"name\":\"\u201cAll You Need Is Love\u201d Neon-Schild\"}]},{\"@type\":\"WebSite\",\"@id\":\"https:\/\/neon4ever.com\/#website\",\"url\":\"https:\/\/neon4ever.com\/\",\"name\":\"neon4ever.com\",\"description\":\"Neon 4 Ever\u00ae - Crafting Custom Neon Signs &amp; LED Lights for the USA &amp; Germany.\",\"publisher\":{\"@id\":\"https:\/\/neon4ever.com\/#organization\"},\"potentialAction\":[{\"@type\":\"SearchAction\",\"target\":{\"@type\":\"EntryPoint\",\"urlTemplate\":\"https:\/\/neon4ever.com\/?s={search_term_string}\"},\"query-input\":\"required name=search_term_string\"}],\"inLanguage\":\"de\"},{\"@type\":\"Organization\",\"@id\":\"https:\/\/neon4ever.com\/#organization\",\"name\":\"neon4ever.com\",\"url\":\"https:\/\/neon4ever.com\/\",\"logo\":{\"@type\":\"ImageObject\",\"inLanguage\":\"de\",\"@id\":\"https:\/\/neon4ever.com\/#\/schema\/logo\/image\/\",\"url\":\"https:\/\/neon4ever.com\/wp-content\/uploads\/2024\/03\/cropped-neon4ever.png\",\"contentUrl\":\"https:\/\/neon4ever.com\/wp-content\/uploads\/2024\/03\/cropped-neon4ever.png\",\"width\":425,\"height\":224,\"caption\":\"neon4ever.com\"},\"image\":{\"@id\":\"https:\/\/neon4ever.com\/#\/schema\/logo\/image\/\"}}]}<\/script>\n<meta property=\"product:price:amount\" content=\"59.00\" \/>\n<meta property=\"product:price:currency\" content=\"USD\" \/>\n<meta property=\"og:availability\" content=\"instock\" \/>\n<meta property=\"product:availability\" content=\"instock\" \/>\n<meta property=\"product:retailer_item_id\" content=\"A-32k\" \/>\n<meta property=\"product:condition\" content=\"new\" \/>\n<!-- \/ Yoast SEO plugin. -->","yoast_head_json":{"title":"\u201cAll You Need Is Love\u201d Neon-Schild - neon4ever.com","robots":{"index":"index","follow":"follow","max-snippet":"max-snippet:-1","max-image-preview":"max-image-preview:large","max-video-preview":"max-video-preview:-1"},"canonical":"https:\/\/neon4ever.com\/de\/produkt\/all-you-need-is-love-neon-schild\/","og_locale":"de_DE","og_type":"article","og_title":"\u201cAll You Need Is Love\u201d Neon-Schild - neon4ever.com","og_description":"Egal ob Hochzeit, Event oder als Geschenk \u2013 dieses \" all you need is love\" Neon-Schild verbreitet Liebe und positive Energie! \ud83c\udf1f","og_url":"https:\/\/neon4ever.com\/de\/produkt\/all-you-need-is-love-neon-schild\/","og_site_name":"neon4ever.com","article_modified_time":"2024-05-07T08:26:35+00:00","og_image":[{"width":2560,"height":2560,"url":"https:\/\/neon4ever.com\/wp-content\/uploads\/2024\/03\/all-you-need-is-web-scaled-2.jpg","type":"image\/jpeg"}],"twitter_card":"summary_large_image","twitter_misc":{"Preis":"&#36;59.00","Verf\u00fcgbarkeit":"Auf Lager"},"schema":{"@context":"https:\/\/schema.org","@graph":[{"@type":"WebPage","@id":"https:\/\/neon4ever.com\/product\/all-you-need-is-love-neon-schild\/","url":"https:\/\/neon4ever.com\/product\/all-you-need-is-love-neon-schild\/","name":"\u201cAll You Need Is Love\u201d Neon-Schild - neon4ever.com","isPartOf":{"@id":"https:\/\/neon4ever.com\/#website"},"primaryImageOfPage":{"@id":"https:\/\/neon4ever.com\/product\/all-you-need-is-love-neon-schild\/#primaryimage"},"image":{"@id":"https:\/\/neon4ever.com\/product\/all-you-need-is-love-neon-schild\/#primaryimage"},"thumbnailUrl":"https:\/\/neon4ever.com\/wp-content\/uploads\/2024\/03\/all-you-need-is-web-scaled-2-e1727390364978.jpg","datePublished":"2024-05-02T16:01:42+00:00","dateModified":"2024-05-07T08:26:35+00:00","breadcrumb":{"@id":"https:\/\/neon4ever.com\/product\/all-you-need-is-love-neon-schild\/#breadcrumb"},"inLanguage":"de","potentialAction":[{"@type":"ReadAction","target":["https:\/\/neon4ever.com\/product\/all-you-need-is-love-neon-schild\/"]}]},{"@type":"ImageObject","inLanguage":"de","@id":"https:\/\/neon4ever.com\/product\/all-you-need-is-love-neon-schild\/#primaryimage","url":"https:\/\/neon4ever.com\/wp-content\/uploads\/2024\/03\/all-you-need-is-web-scaled-2-e1727390364978.jpg","contentUrl":"https:\/\/neon4ever.com\/wp-content\/uploads\/2024\/03\/all-you-need-is-web-scaled-2-e1727390364978.jpg","width":2560,"height":1510,"caption":"All you need is love Neon sign"},{"@type":"BreadcrumbList","@id":"https:\/\/neon4ever.com\/product\/all-you-need-is-love-neon-schild\/#breadcrumb","itemListElement":[{"@type":"ListItem","position":1,"name":"Home","item":"https:\/\/neon4ever.com\/"},{"@type":"ListItem","position":2,"name":"Products","item":"https:\/\/neon4ever.com\/shop\/"},{"@type":"ListItem","position":3,"name":"\u201cAll You Need Is Love\u201d Neon-Schild"}]},{"@type":"WebSite","@id":"https:\/\/neon4ever.com\/#website","url":"https:\/\/neon4ever.com\/","name":"neon4ever.com","description":"Neon 4 Ever\u00ae - Crafting Custom Neon Signs &amp; LED Lights for the USA &amp; Germany.","publisher":{"@id":"https:\/\/neon4ever.com\/#organization"},"potentialAction":[{"@type":"SearchAction","target":{"@type":"EntryPoint","urlTemplate":"https:\/\/neon4ever.com\/?s={search_term_string}"},"query-input":"required name=search_term_string"}],"inLanguage":"de"},{"@type":"Organization","@id":"https:\/\/neon4ever.com\/#organization","name":"neon4ever.com","url":"https:\/\/neon4ever.com\/","logo":{"@type":"ImageObject","inLanguage":"de","@id":"https:\/\/neon4ever.com\/#\/schema\/logo\/image\/","url":"https:\/\/neon4ever.com\/wp-content\/uploads\/2024\/03\/cropped-neon4ever.png","contentUrl":"https:\/\/neon4ever.com\/wp-content\/uploads\/2024\/03\/cropped-neon4ever.png","width":425,"height":224,"caption":"neon4ever.com"},"image":{"@id":"https:\/\/neon4ever.com\/#\/schema\/logo\/image\/"}}]},"product_price_amount":"59.00","product_price_currency":"USD","og_availability":"instock","product_availability":"instock","product_retailer_item_id":"A-32k","product_condition":"new"},"_links":{"self":[{"href":"https:\/\/neon4ever.com\/de\/wp-json\/wp\/v2\/product\/11024"}],"collection":[{"href":"https:\/\/neon4ever.com\/de\/wp-json\/wp\/v2\/product"}],"about":[{"href":"https:\/\/neon4ever.com\/de\/wp-json\/wp\/v2\/types\/product"}],"replies":[{"embeddable":true,"href":"https:\/\/neon4ever.com\/de\/wp-json\/wp\/v2\/comments?post=11024"}],"wp:featuredmedia":[{"embeddable":true,"href":"https:\/\/neon4ever.com\/de\/wp-json\/wp\/v2\/media\/6385"}],"wp:attachment":[{"href":"https:\/\/neon4ever.com\/de\/wp-json\/wp\/v2\/media?parent=11024"}],"wp:term":[{"taxonomy":"product_cat","embeddable":true,"href":"https:\/\/neon4ever.com\/de\/wp-json\/wp\/v2\/product_cat?post=11024"},{"taxonomy":"product_tag","embeddable":true,"href":"https:\/\/neon4ever.com\/de\/wp-json\/wp\/v2\/product_tag?post=11024"}],"curies":[{"name":"wp","href":"https:\/\/api.w.org\/{rel}","templated":true}]}}