{"id":7228,"date":"2024-03-30T15:52:14","date_gmt":"2024-03-30T15:52:14","guid":{"rendered":"https:\/\/neon4ever.com\/?page_id=7228"},"modified":"2024-03-30T15:52:16","modified_gmt":"2024-03-30T15:52:16","slug":"returns-amp-exchanges-de","status":"publish","type":"page","link":"https:\/\/neon4ever.com\/de\/returns-amp-exchanges-de\/","title":{"rendered":"R\u00fcckgaben und Umtausch"},"content":{"rendered":"<p>Bei Neon4Ever sind wir stolz auf die Qualit\u00e4t und Handwerkskunst unserer ma\u00dfgeschneiderten Leuchtreklamen. Wir verstehen, dass die Dinge manchmal nicht wie geplant laufen, und wir sind hier, um Ihre Zufriedenheit sicherzustellen.<\/p>\n\n\n\n<p><strong><span style=\"text-decoration: underline;\">Kehrt zur\u00fcck:<\/span><\/strong><\/p>\n\n\n\n<p>Wenn Sie mit Ihrem Kauf nicht vollst\u00e4ndig zufrieden sind, k\u00f6nnen Sie ihn innerhalb von 30 Tagen nach Erhalt gegen eine vollst\u00e4ndige R\u00fcckerstattung oder einen Umtausch zur\u00fcckgeben.<\/p>\n\n\n\n<p>Der Artikel muss im Originalzustand und in der Originalverpackung zur\u00fcckgegeben werden.<\/p>\n\n\n\n<p>Ma\u00dfgeschneiderte Artikel k\u00f6nnen nur zur\u00fcckgegeben werden, wenn sie defekt sind oder uns bei Ihrer Anpassung ein Fehler unterlaufen ist.<\/p>\n\n\n\n<p>Um eine R\u00fccksendung zu veranlassen, wenden Sie sich bitte unter Angabe Ihrer Bestellnummer und des Grundes der R\u00fccksendung an unseren Kundendienst.<\/p>\n\n\n\n<p><strong><span style=\"text-decoration: underline;\">Umtausch:<\/span><\/strong><\/p>\n\n\n\n<p>Wenn Sie einen Artikel umtauschen m\u00f6chten, senden Sie bitte den urspr\u00fcnglichen Artikel \u00fcber unseren Standard-R\u00fcckgabeprozess zur\u00fcck und geben Sie eine neue Bestellung f\u00fcr den Artikel auf, den Sie umtauschen m\u00f6chten.<\/p>\n\n\n\n<p>Wir werden Ihre R\u00fccksendung und R\u00fcckerstattung bearbeiten, sobald wir den Originalartikel erhalten haben.<\/p>\n\n\n\n<p>F\u00fcr defekte oder besch\u00e4digte Artikel stellen wir f\u00fcr die R\u00fccksendung ein vorfrankiertes Versandetikett zur Verf\u00fcgung.<\/p>\n\n\n\n<p><strong><span style=\"text-decoration: underline;\">R\u00fcckerstattungen:<\/span><\/strong><\/p>\n\n\n\n<p>R\u00fcckerstattungen werden innerhalb von 7\u201310 Werktagen nach Erhalt des zur\u00fcckgegebenen Artikels \u00fcber die urspr\u00fcngliche Zahlungsmethode bearbeitet.<\/p>\n\n\n\n<p>Versandkosten sind nicht erstattungsf\u00e4hig, au\u00dfer in F\u00e4llen, in denen uns ein Versandfehler unterlaufen ist.<\/p>\n\n\n\n<p><strong><span style=\"text-decoration: underline;\">Besch\u00e4digte oder defekte Artikel:<\/span><\/strong><\/p>\n\n\n\n<p>Wenn Sie einen besch\u00e4digten oder defekten Artikel erhalten, kontaktieren Sie uns bitte umgehend mit einem Foto des Problems. Wir sorgen f\u00fcr einen Ersatz und \u00fcbernehmen die Versandkosten.<\/p>\n\n\n\n<p><strong><span style=\"text-decoration: underline;\">Kontaktiere uns:<\/span><\/strong><\/p>\n\n\n\n<p>Bei Fragen zu R\u00fcckgabe und Umtausch wenden Sie sich bitte an unseren Kundensupport unter support@neon4ever.com.<\/p>\n\n\n\n<p>Wir sch\u00e4tzen Ihr Gesch\u00e4ft und sind bestrebt, Ihnen den bestm\u00f6glichen Service zu bieten. Vielen Dank, dass Sie sich f\u00fcr Neon4Ever entschieden haben!<\/p>\n\n\n\n<p>Bitte beachten Sie, dass es sich hierbei um eine generische Richtlinienvorlage handelt, die an die spezifischen Gesch\u00e4ftsbedingungen von neon4ever.com angepasst werden sollte. Es ist auch wichtig sicherzustellen, dass die Police dem \u00f6rtlichen Verbraucherrecht entspricht.<\/p>","protected":false},"excerpt":{"rendered":"<p>Bei Neon4Ever sind wir stolz auf die Qualit\u00e4t und Handwerkskunst unserer ma\u00dfgeschneiderten Leuchtreklamen. Wir verstehen, dass die Dinge manchmal nicht wie geplant laufen, und wir sind hier, um Ihre Zufriedenheit sicherzustellen. Kehrt zur\u00fcck: Wenn Sie mit Ihrem Kauf nicht vollst\u00e4ndig zufrieden sind, k\u00f6nnen Sie ihn innerhalb von 30 Tagen nach Erhalt gegen eine vollst\u00e4ndige R\u00fcckerstattung&#8230;<\/p>","protected":false},"author":2,"featured_media":0,"parent":0,"menu_order":0,"comment_status":"closed","ping_status":"closed","template":"","meta":{"_acf_changed":false,"_monsterinsights_skip_tracking":false,"_monsterinsights_sitenote_active":false,"_monsterinsights_sitenote_note":"","_monsterinsights_sitenote_category":0,"_kad_post_transparent":"","_kad_post_title":"","_kad_post_layout":"","_kad_post_sidebar_id":"","_kad_post_content_style":"","_kad_post_vertical_padding":"","_kad_post_feature":"","_kad_post_feature_position":"","_kad_post_header":false,"_kad_post_footer":false,"footnotes":""},"acf":[],"yoast_head":"<!-- This site is optimized with the Yoast SEO plugin v22.9 - https:\/\/yoast.com\/wordpress\/plugins\/seo\/ -->\n<title>Returns &amp; Exchanges - neon4ever.com<\/title>\n<meta name=\"robots\" content=\"index, follow, max-snippet:-1, max-image-preview:large, max-video-preview:-1\" \/>\n<link rel=\"canonical\" href=\"https:\/\/neon4ever.com\/de\/returns-amp-exchanges-de\/\" \/>\n<meta property=\"og:locale\" content=\"de_DE\" \/>\n<meta property=\"og:type\" content=\"article\" \/>\n<meta property=\"og:title\" content=\"Returns &amp; Exchanges - neon4ever.com\" \/>\n<meta property=\"og:description\" content=\"Bei Neon4Ever sind wir stolz auf die Qualit\u00e4t und Handwerkskunst unserer ma\u00dfgeschneiderten Leuchtreklamen. Wir verstehen, dass die Dinge manchmal nicht wie geplant laufen, und wir sind hier, um Ihre Zufriedenheit sicherzustellen. Kehrt zur\u00fcck: Wenn Sie mit Ihrem Kauf nicht vollst\u00e4ndig zufrieden sind, k\u00f6nnen Sie ihn innerhalb von 30 Tagen nach Erhalt gegen eine vollst\u00e4ndige R\u00fcckerstattung...\" \/>\n<meta property=\"og:url\" content=\"https:\/\/neon4ever.com\/de\/returns-amp-exchanges-de\/\" \/>\n<meta property=\"og:site_name\" content=\"neon4ever.com\" \/>\n<meta property=\"article:modified_time\" content=\"2024-03-30T15:52:16+00:00\" \/>\n<meta name=\"twitter:card\" content=\"summary_large_image\" \/>\n<meta name=\"twitter:label1\" content=\"Gesch\u00e4tzte Lesezeit\" \/>\n\t<meta name=\"twitter:data1\" content=\"2\u00a0Minuten\" \/>\n<script type=\"application\/ld+json\" class=\"yoast-schema-graph\">{\"@context\":\"https:\/\/schema.org\",\"@graph\":[{\"@type\":\"WebPage\",\"@id\":\"https:\/\/neon4ever.com\/returns-amp-exchanges-de\/\",\"url\":\"https:\/\/neon4ever.com\/returns-amp-exchanges-de\/\",\"name\":\"Returns &amp; Exchanges - neon4ever.com\",\"isPartOf\":{\"@id\":\"https:\/\/neon4ever.com\/#website\"},\"datePublished\":\"2024-03-30T15:52:14+00:00\",\"dateModified\":\"2024-03-30T15:52:16+00:00\",\"breadcrumb\":{\"@id\":\"https:\/\/neon4ever.com\/returns-amp-exchanges-de\/#breadcrumb\"},\"inLanguage\":\"de\",\"potentialAction\":[{\"@type\":\"ReadAction\",\"target\":[\"https:\/\/neon4ever.com\/returns-amp-exchanges-de\/\"]}]},{\"@type\":\"BreadcrumbList\",\"@id\":\"https:\/\/neon4ever.com\/returns-amp-exchanges-de\/#breadcrumb\",\"itemListElement\":[{\"@type\":\"ListItem\",\"position\":1,\"name\":\"Home\",\"item\":\"https:\/\/neon4ever.com\/\"},{\"@type\":\"ListItem\",\"position\":2,\"name\":\"Returns &amp; Exchanges\"}]},{\"@type\":\"WebSite\",\"@id\":\"https:\/\/neon4ever.com\/#website\",\"url\":\"https:\/\/neon4ever.com\/\",\"name\":\"neon4ever.com\",\"description\":\"Neon 4 Ever\u00ae - Crafting Custom Neon Signs &amp; LED Lights for the USA &amp; Germany.\",\"publisher\":{\"@id\":\"https:\/\/neon4ever.com\/#organization\"},\"potentialAction\":[{\"@type\":\"SearchAction\",\"target\":{\"@type\":\"EntryPoint\",\"urlTemplate\":\"https:\/\/neon4ever.com\/?s={search_term_string}\"},\"query-input\":\"required name=search_term_string\"}],\"inLanguage\":\"de\"},{\"@type\":\"Organization\",\"@id\":\"https:\/\/neon4ever.com\/#organization\",\"name\":\"neon4ever.com\",\"url\":\"https:\/\/neon4ever.com\/\",\"logo\":{\"@type\":\"ImageObject\",\"inLanguage\":\"de\",\"@id\":\"https:\/\/neon4ever.com\/#\/schema\/logo\/image\/\",\"url\":\"https:\/\/neon4ever.com\/wp-content\/uploads\/2024\/03\/cropped-neon4ever.png\",\"contentUrl\":\"https:\/\/neon4ever.com\/wp-content\/uploads\/2024\/03\/cropped-neon4ever.png\",\"width\":425,\"height\":224,\"caption\":\"neon4ever.com\"},\"image\":{\"@id\":\"https:\/\/neon4ever.com\/#\/schema\/logo\/image\/\"}}]}<\/script>\n<!-- \/ Yoast SEO plugin. -->","yoast_head_json":{"title":"Returns &amp; Exchanges - neon4ever.com","robots":{"index":"index","follow":"follow","max-snippet":"max-snippet:-1","max-image-preview":"max-image-preview:large","max-video-preview":"max-video-preview:-1"},"canonical":"https:\/\/neon4ever.com\/de\/returns-amp-exchanges-de\/","og_locale":"de_DE","og_type":"article","og_title":"Returns &amp; Exchanges - neon4ever.com","og_description":"Bei Neon4Ever sind wir stolz auf die Qualit\u00e4t und Handwerkskunst unserer ma\u00dfgeschneiderten Leuchtreklamen. Wir verstehen, dass die Dinge manchmal nicht wie geplant laufen, und wir sind hier, um Ihre Zufriedenheit sicherzustellen. Kehrt zur\u00fcck: Wenn Sie mit Ihrem Kauf nicht vollst\u00e4ndig zufrieden sind, k\u00f6nnen Sie ihn innerhalb von 30 Tagen nach Erhalt gegen eine vollst\u00e4ndige R\u00fcckerstattung...","og_url":"https:\/\/neon4ever.com\/de\/returns-amp-exchanges-de\/","og_site_name":"neon4ever.com","article_modified_time":"2024-03-30T15:52:16+00:00","twitter_card":"summary_large_image","twitter_misc":{"Gesch\u00e4tzte Lesezeit":"2\u00a0Minuten"},"schema":{"@context":"https:\/\/schema.org","@graph":[{"@type":"WebPage","@id":"https:\/\/neon4ever.com\/returns-amp-exchanges-de\/","url":"https:\/\/neon4ever.com\/returns-amp-exchanges-de\/","name":"Returns &amp; Exchanges - neon4ever.com","isPartOf":{"@id":"https:\/\/neon4ever.com\/#website"},"datePublished":"2024-03-30T15:52:14+00:00","dateModified":"2024-03-30T15:52:16+00:00","breadcrumb":{"@id":"https:\/\/neon4ever.com\/returns-amp-exchanges-de\/#breadcrumb"},"inLanguage":"de","potentialAction":[{"@type":"ReadAction","target":["https:\/\/neon4ever.com\/returns-amp-exchanges-de\/"]}]},{"@type":"BreadcrumbList","@id":"https:\/\/neon4ever.com\/returns-amp-exchanges-de\/#breadcrumb","itemListElement":[{"@type":"ListItem","position":1,"name":"Home","item":"https:\/\/neon4ever.com\/"},{"@type":"ListItem","position":2,"name":"Returns &amp; Exchanges"}]},{"@type":"WebSite","@id":"https:\/\/neon4ever.com\/#website","url":"https:\/\/neon4ever.com\/","name":"neon4ever.com","description":"Neon 4 Ever\u00ae - Crafting Custom Neon Signs &amp; LED Lights for the USA &amp; Germany.","publisher":{"@id":"https:\/\/neon4ever.com\/#organization"},"potentialAction":[{"@type":"SearchAction","target":{"@type":"EntryPoint","urlTemplate":"https:\/\/neon4ever.com\/?s={search_term_string}"},"query-input":"required name=search_term_string"}],"inLanguage":"de"},{"@type":"Organization","@id":"https:\/\/neon4ever.com\/#organization","name":"neon4ever.com","url":"https:\/\/neon4ever.com\/","logo":{"@type":"ImageObject","inLanguage":"de","@id":"https:\/\/neon4ever.com\/#\/schema\/logo\/image\/","url":"https:\/\/neon4ever.com\/wp-content\/uploads\/2024\/03\/cropped-neon4ever.png","contentUrl":"https:\/\/neon4ever.com\/wp-content\/uploads\/2024\/03\/cropped-neon4ever.png","width":425,"height":224,"caption":"neon4ever.com"},"image":{"@id":"https:\/\/neon4ever.com\/#\/schema\/logo\/image\/"}}]}},"rttpg_featured_image_url":null,"rttpg_author":{"display_name":"tariqulbd","author_link":"https:\/\/neon4ever.com\/de\/author\/tariqulbd\/"},"rttpg_comment":0,"rttpg_category":null,"rttpg_excerpt":"Bei Neon4Ever sind wir stolz auf die Qualit\u00e4t und Handwerkskunst unserer ma\u00dfgeschneiderten Leuchtreklamen. Wir verstehen, dass die Dinge manchmal nicht wie geplant laufen, und wir sind hier, um Ihre Zufriedenheit sicherzustellen. Kehrt zur\u00fcck: Wenn Sie mit Ihrem Kauf nicht vollst\u00e4ndig zufrieden sind, k\u00f6nnen Sie ihn innerhalb von 30 Tagen nach Erhalt gegen eine vollst\u00e4ndige R\u00fcckerstattung...","_links":{"self":[{"href":"https:\/\/neon4ever.com\/de\/wp-json\/wp\/v2\/pages\/7228"}],"collection":[{"href":"https:\/\/neon4ever.com\/de\/wp-json\/wp\/v2\/pages"}],"about":[{"href":"https:\/\/neon4ever.com\/de\/wp-json\/wp\/v2\/types\/page"}],"author":[{"embeddable":true,"href":"https:\/\/neon4ever.com\/de\/wp-json\/wp\/v2\/users\/2"}],"replies":[{"embeddable":true,"href":"https:\/\/neon4ever.com\/de\/wp-json\/wp\/v2\/comments?post=7228"}],"version-history":[{"count":2,"href":"https:\/\/neon4ever.com\/de\/wp-json\/wp\/v2\/pages\/7228\/revisions"}],"predecessor-version":[{"id":7230,"href":"https:\/\/neon4ever.com\/de\/wp-json\/wp\/v2\/pages\/7228\/revisions\/7230"}],"wp:attachment":[{"href":"https:\/\/neon4ever.com\/de\/wp-json\/wp\/v2\/media?parent=7228"}],"curies":[{"name":"wp","href":"https:\/\/api.w.org\/{rel}","templated":true}]}}