{"id":7095,"date":"2024-03-30T10:04:40","date_gmt":"2024-03-30T10:04:40","guid":{"rendered":"https:\/\/neon4ever.com\/?page_id=7095"},"modified":"2024-09-16T18:10:30","modified_gmt":"2024-09-16T17:10:30","slug":"individual-design-de","status":"publish","type":"page","link":"https:\/\/neon4ever.com\/de\/individual-design-de\/","title":{"rendered":"Individuelles Design"},"content":{"rendered":"<div data-elementor-type=\"wp-page\" data-elementor-id=\"7095\" class=\"elementor elementor-7095\">\n\t\t\t\t<div data-particle_enable=\"false\" data-particle-mobile-disabled=\"false\" class=\"elementor-element elementor-element-5f3b476 e-flex e-con-boxed e-con e-parent\" data-id=\"5f3b476\" data-element_type=\"container\">\n\t\t\t\t\t<div class=\"e-con-inner\">\n\t\t\t\t<div class=\"elementor-element elementor-element-a89b89a elementor-widget elementor-widget-heading\" data-id=\"a89b89a\" data-element_type=\"widget\" data-widget_type=\"heading.default\">\n\t\t\t\t<div class=\"elementor-widget-container\">\n\t\t\t\t\t<h2 class=\"elementor-heading-title elementor-size-default\">Laden Sie Ihr Bild hoch \u2013 Neonschild-Mockup<\/h2>\t\t\t\t<\/div>\n\t\t\t\t<\/div>\n\t\t\t\t\t<\/div>\n\t\t\t\t<\/div>\n\t\t<div data-particle_enable=\"false\" data-particle-mobile-disabled=\"false\" class=\"elementor-element elementor-element-b12f0e0 e-flex e-con-boxed e-con e-parent\" data-id=\"b12f0e0\" data-element_type=\"container\">\n\t\t\t\t\t<div class=\"e-con-inner\">\n\t\t\t\t<div class=\"elementor-element elementor-element-d9605af elementor-button-align-center elementor-widget elementor-widget-form\" data-id=\"d9605af\" data-element_type=\"widget\" data-settings=\"{&quot;step_next_label&quot;:&quot;Next&quot;,&quot;step_previous_label&quot;:&quot;Previous&quot;,&quot;button_width&quot;:&quot;100&quot;,&quot;step_type&quot;:&quot;number_text&quot;,&quot;step_icon_shape&quot;:&quot;circle&quot;}\" data-widget_type=\"form.default\">\n\t\t\t\t<div class=\"elementor-widget-container\">\n\t\t\t\t\t\t\t<form class=\"elementor-form\" method=\"post\" name=\"GET A QUOTE\" action=\"\">\n\t\t\t<input type=\"hidden\" name=\"post_id\" value=\"7095\"\/>\n\t\t\t<input type=\"hidden\" name=\"form_id\" value=\"d9605af\"\/>\n\t\t\t<input type=\"hidden\" name=\"referer_title\" value=\"neon4ever.com\" \/>\n\n\t\t\t\n\t\t\t<div class=\"elementor-form-fields-wrapper elementor-labels-above\">\n\t\t\t\t\t\t\t\t<div class=\"elementor-field-type-text elementor-field-group elementor-column elementor-field-group-name elementor-col-50 elementor-field-required\">\n\t\t\t\t\t\t\t\t\t\t\t\t<label for=\"form-field-name\" class=\"elementor-field-label\">\n\t\t\t\t\t\t\t\tVorname\t\t\t\t\t\t\t<\/label>\n\t\t\t\t\t\t\t\t\t\t\t\t\t\t<input size=\"1\" type=\"text\" name=\"form_fields[name]\" id=\"form-field-name\" class=\"elementor-field elementor-size-sm  elementor-field-textual\" placeholder=\"vorname\" required=\"required\" aria-required=\"true\">\n\t\t\t\t\t\t\t\t\t\t\t<\/div>\n\t\t\t\t\t\t\t\t<div class=\"elementor-field-type-text elementor-field-group elementor-column elementor-field-group-field_2a3b169 elementor-col-50 elementor-field-required\">\n\t\t\t\t\t\t\t\t\t\t\t\t<label for=\"form-field-field_2a3b169\" class=\"elementor-field-label\">\n\t\t\t\t\t\t\t\tNachname\t\t\t\t\t\t\t<\/label>\n\t\t\t\t\t\t\t\t\t\t\t\t\t\t<input size=\"1\" type=\"text\" name=\"form_fields[field_2a3b169]\" id=\"form-field-field_2a3b169\" class=\"elementor-field elementor-size-sm  elementor-field-textual\" placeholder=\"nachname\" required=\"required\" aria-required=\"true\">\n\t\t\t\t\t\t\t\t\t\t\t<\/div>\n\t\t\t\t\t\t\t\t<div class=\"elementor-field-type-email elementor-field-group elementor-column elementor-field-group-email elementor-col-100 elementor-field-required\">\n\t\t\t\t\t\t\t\t\t\t\t\t<label for=\"form-field-email\" class=\"elementor-field-label\">\n\t\t\t\t\t\t\t\tEmail\t\t\t\t\t\t\t<\/label>\n\t\t\t\t\t\t\t\t\t\t\t\t\t\t<input size=\"1\" type=\"email\" name=\"form_fields[email]\" id=\"form-field-email\" class=\"elementor-field elementor-size-sm  elementor-field-textual\" placeholder=\"Email\" required=\"required\" aria-required=\"true\">\n\t\t\t\t\t\t\t\t\t\t\t<\/div>\n\t\t\t\t\t\t\t\t<div class=\"elementor-field-type-tel elementor-field-group elementor-column elementor-field-group-field_0007906 elementor-col-100\">\n\t\t\t\t\t\t\t\t\t\t\t\t<label for=\"form-field-field_0007906\" class=\"elementor-field-label\">\n\t\t\t\t\t\t\t\tTel\t\t\t\t\t\t\t<\/label>\n\t\t\t\t\t\t\t\t<input size=\"1\" type=\"tel\" name=\"form_fields[field_0007906]\" id=\"form-field-field_0007906\" class=\"elementor-field elementor-size-sm  elementor-field-textual\" placeholder=\"Tel\" pattern=\"[0-9()#&amp;+*-=.]+\" title=\"Only numbers and phone characters (#, -, *, etc) are accepted.\">\n\n\t\t\t\t\t\t<\/div>\n\t\t\t\t\t\t\t\t<div class=\"elementor-field-type-text elementor-field-group elementor-column elementor-field-group-field_753144b elementor-col-100\">\n\t\t\t\t\t\t\t\t\t\t\t\t<label for=\"form-field-field_753144b\" class=\"elementor-field-label\">\n\t\t\t\t\t\t\t\t*(Wird nur zur Kommunikation \u00fcber Ihre Bestellung verwendet)\t\t\t\t\t\t\t<\/label>\n\t\t\t\t\t\t\t\t\t\t\t\t\t\t<input size=\"1\" type=\"text\" name=\"form_fields[field_753144b]\" id=\"form-field-field_753144b\" class=\"elementor-field elementor-size-sm  elementor-field-textual\">\n\t\t\t\t\t\t\t\t\t\t\t<\/div>\n\t\t\t\t\t\t\t\t<div class=\"elementor-field-type-radio elementor-field-group elementor-column elementor-field-group-message elementor-col-100 elementor-field-required\">\n\t\t\t\t\t\t\t\t\t\t\t\t<label for=\"form-field-message\" class=\"elementor-field-label\">\n\t\t\t\t\t\t\t\tInnen-\/Au\u00dfenschild\t\t\t\t\t\t\t<\/label>\n\t\t\t\t\t\t<div class=\"elementor-field-subgroup\"><span class=\"elementor-field-option\"><input type=\"radio\" value=\"Innen\" id=\"form-field-message-0\" name=\"form_fields[message]\" required=\"required\" aria-required=\"true\"> <label for=\"form-field-message-0\">Innen<\/label><\/span><span class=\"elementor-field-option\"><input type=\"radio\" value=\"Au\u00dfenschild\" id=\"form-field-message-1\" name=\"form_fields[message]\" required=\"required\" aria-required=\"true\"> <label for=\"form-field-message-1\">Au\u00dfenschild<\/label><\/span><\/div>\t\t\t\t<\/div>\n\t\t\t\t\t\t\t\t<div class=\"elementor-field-type-number elementor-field-group elementor-column elementor-field-group-field_1bbc2b5 elementor-col-100\">\n\t\t\t\t\t\t\t\t\t\t\t\t<label for=\"form-field-field_1bbc2b5\" class=\"elementor-field-label\">\n\t\t\t\t\t\t\t\tUngef\u00e4hre Gr\u00f6\u00dfe (L\u00e4nge\/H\u00f6he)\t\t\t\t\t\t\t<\/label>\n\t\t\t\t\t\t\t\t\t<input type=\"number\" name=\"form_fields[field_1bbc2b5]\" id=\"form-field-field_1bbc2b5\" class=\"elementor-field elementor-size-sm  elementor-field-textual\" min=\"\" max=\"\" >\n\t\t\t\t\t\t<\/div>\n\t\t\t\t\t\t\t\t<div class=\"elementor-field-type-textarea elementor-field-group elementor-column elementor-field-group-field_1d45a6d elementor-col-100\">\n\t\t\t\t\t\t\t\t\t\t\t\t<label for=\"form-field-field_1d45a6d\" class=\"elementor-field-label\">\n\t\t\t\t\t\t\t\tErz\u00e4hlen Sie uns so viel wie m\u00f6glich \u00fcber Ihre neue individuelle Leuchtreklame\t\t\t\t\t\t\t<\/label>\n\t\t\t\t\t\t<textarea class=\"elementor-field-textual elementor-field  elementor-size-sm\" name=\"form_fields[field_1d45a6d]\" id=\"form-field-field_1d45a6d\" rows=\"4\"><\/textarea>\t\t\t\t<\/div>\n\t\t\t\t\t\t\t\t<div class=\"elementor-field-type-upload elementor-field-group elementor-column elementor-field-group-field_b8a429a elementor-col-100\">\n\t\t\t\t\t\t\t\t\t\t\t\t<label for=\"form-field-field_b8a429a\" class=\"elementor-field-label\">\n\t\t\t\t\t\t\t\tANHANG oder KUNSTWERK HINZUF\u00dcGEN (Maximale Dateigr\u00f6\u00dfe: 20.000 KB | Zul\u00e4ssige Dateitypen: ai, eps, gif, jpg, jpeg, pdf, png, tiff | Maximale Anzahl von Dateien: 4)\t\t\t\t\t\t\t<\/label>\n\t\t\t\t\t\t\t\t<input type=\"file\" name=\"form_fields[field_b8a429a][]\" id=\"form-field-field_b8a429a\" class=\"elementor-field elementor-size-sm  elementor-upload-field\" multiple=\"multiple\" data-maxsize=\"20\" data-maxsize-message=\"This file exceeds the maximum allowed size.\">\n\n\t\t\t\t\t\t<\/div>\n\t\t\t\t\t\t\t\t<div class=\"elementor-field-group elementor-column elementor-field-type-submit elementor-col-100 e-form__buttons\">\n\t\t\t\t\t<button type=\"submit\" class=\"elementor-button elementor-size-md\">\n\t\t\t\t\t\t<span >\n\t\t\t\t\t\t\t\t\t\t\t\t\t\t\t<span class=\"elementor-button-icon\">\n\t\t\t\t\t\t\t\t\t\t\t\t\t\t\t\t\t\t\t\t\t\t\t\t\t\t<\/span>\n\t\t\t\t\t\t\t\t\t\t\t\t\t\t\t\t\t\t\t\t\t\t<span class=\"elementor-button-text\">GET A QUOTE<\/span>\n\t\t\t\t\t\t\t\t\t\t\t\t\t<\/span>\n\t\t\t\t\t<\/button>\n\t\t\t\t<\/div>\n\t\t\t<\/div>\n\t\t<input type=\"hidden\" name=\"trp-form-language\" value=\"de\"\/><\/form>\n\t\t\t\t\t\t<\/div>\n\t\t\t\t<\/div>\n\t\t\t\t\t<\/div>\n\t\t\t\t<\/div>\n\t\t\t\t<\/div>","protected":false},"excerpt":{"rendered":"<p>Laden Sie Ihr Bild hoch \u2013 Neonschild-Mockup<\/p>","protected":false},"author":2,"featured_media":0,"parent":0,"menu_order":0,"comment_status":"closed","ping_status":"closed","template":"","meta":{"_acf_changed":false,"_monsterinsights_skip_tracking":false,"_monsterinsights_sitenote_active":false,"_monsterinsights_sitenote_note":"","_monsterinsights_sitenote_category":0,"_kad_post_transparent":"","_kad_post_title":"hide","_kad_post_layout":"fullwidth","_kad_post_sidebar_id":"","_kad_post_content_style":"unboxed","_kad_post_vertical_padding":"hide","_kad_post_feature":"hide","_kad_post_feature_position":"","_kad_post_header":false,"_kad_post_footer":false,"footnotes":""},"acf":[],"yoast_head":"<!-- This site is optimized with the Yoast SEO plugin v22.9 - https:\/\/yoast.com\/wordpress\/plugins\/seo\/ -->\n<title>Individual Design - neon4ever.com<\/title>\n<meta name=\"robots\" content=\"index, follow, max-snippet:-1, max-image-preview:large, max-video-preview:-1\" \/>\n<link rel=\"canonical\" href=\"https:\/\/neon4ever.com\/de\/individual-design-de\/\" \/>\n<meta property=\"og:locale\" content=\"de_DE\" \/>\n<meta property=\"og:type\" content=\"article\" \/>\n<meta property=\"og:title\" content=\"Individual Design - neon4ever.com\" \/>\n<meta property=\"og:description\" content=\"Laden Sie Ihr Bild hoch \u2013 Neonschild-Mockup\" \/>\n<meta property=\"og:url\" content=\"https:\/\/neon4ever.com\/de\/individual-design-de\/\" \/>\n<meta property=\"og:site_name\" content=\"neon4ever.com\" \/>\n<meta property=\"article:modified_time\" content=\"2024-09-16T17:10:30+00:00\" \/>\n<meta name=\"twitter:card\" content=\"summary_large_image\" \/>\n<meta name=\"twitter:label1\" content=\"Gesch\u00e4tzte Lesezeit\" \/>\n\t<meta name=\"twitter:data1\" content=\"1\u00a0Minute\" \/>\n<script type=\"application\/ld+json\" class=\"yoast-schema-graph\">{\"@context\":\"https:\/\/schema.org\",\"@graph\":[{\"@type\":\"WebPage\",\"@id\":\"https:\/\/neon4ever.com\/individual-design-de\/\",\"url\":\"https:\/\/neon4ever.com\/individual-design-de\/\",\"name\":\"Individual Design - neon4ever.com\",\"isPartOf\":{\"@id\":\"https:\/\/neon4ever.com\/#website\"},\"datePublished\":\"2024-03-30T10:04:40+00:00\",\"dateModified\":\"2024-09-16T17:10:30+00:00\",\"breadcrumb\":{\"@id\":\"https:\/\/neon4ever.com\/individual-design-de\/#breadcrumb\"},\"inLanguage\":\"de\",\"potentialAction\":[{\"@type\":\"ReadAction\",\"target\":[\"https:\/\/neon4ever.com\/individual-design-de\/\"]}]},{\"@type\":\"BreadcrumbList\",\"@id\":\"https:\/\/neon4ever.com\/individual-design-de\/#breadcrumb\",\"itemListElement\":[{\"@type\":\"ListItem\",\"position\":1,\"name\":\"Home\",\"item\":\"https:\/\/neon4ever.com\/\"},{\"@type\":\"ListItem\",\"position\":2,\"name\":\"Individual Design\"}]},{\"@type\":\"WebSite\",\"@id\":\"https:\/\/neon4ever.com\/#website\",\"url\":\"https:\/\/neon4ever.com\/\",\"name\":\"neon4ever.com\",\"description\":\"Neon 4 Ever\u00ae - Crafting Custom Neon Signs &amp; LED Lights for the USA &amp; Germany.\",\"publisher\":{\"@id\":\"https:\/\/neon4ever.com\/#organization\"},\"potentialAction\":[{\"@type\":\"SearchAction\",\"target\":{\"@type\":\"EntryPoint\",\"urlTemplate\":\"https:\/\/neon4ever.com\/?s={search_term_string}\"},\"query-input\":\"required name=search_term_string\"}],\"inLanguage\":\"de\"},{\"@type\":\"Organization\",\"@id\":\"https:\/\/neon4ever.com\/#organization\",\"name\":\"neon4ever.com\",\"url\":\"https:\/\/neon4ever.com\/\",\"logo\":{\"@type\":\"ImageObject\",\"inLanguage\":\"de\",\"@id\":\"https:\/\/neon4ever.com\/#\/schema\/logo\/image\/\",\"url\":\"https:\/\/neon4ever.com\/wp-content\/uploads\/2024\/03\/cropped-neon4ever.png\",\"contentUrl\":\"https:\/\/neon4ever.com\/wp-content\/uploads\/2024\/03\/cropped-neon4ever.png\",\"width\":425,\"height\":224,\"caption\":\"neon4ever.com\"},\"image\":{\"@id\":\"https:\/\/neon4ever.com\/#\/schema\/logo\/image\/\"}}]}<\/script>\n<!-- \/ Yoast SEO plugin. -->","yoast_head_json":{"title":"Individual Design - neon4ever.com","robots":{"index":"index","follow":"follow","max-snippet":"max-snippet:-1","max-image-preview":"max-image-preview:large","max-video-preview":"max-video-preview:-1"},"canonical":"https:\/\/neon4ever.com\/de\/individual-design-de\/","og_locale":"de_DE","og_type":"article","og_title":"Individual Design - neon4ever.com","og_description":"Laden Sie Ihr Bild hoch \u2013 Neonschild-Mockup","og_url":"https:\/\/neon4ever.com\/de\/individual-design-de\/","og_site_name":"neon4ever.com","article_modified_time":"2024-09-16T17:10:30+00:00","twitter_card":"summary_large_image","twitter_misc":{"Gesch\u00e4tzte Lesezeit":"1\u00a0Minute"},"schema":{"@context":"https:\/\/schema.org","@graph":[{"@type":"WebPage","@id":"https:\/\/neon4ever.com\/individual-design-de\/","url":"https:\/\/neon4ever.com\/individual-design-de\/","name":"Individual Design - neon4ever.com","isPartOf":{"@id":"https:\/\/neon4ever.com\/#website"},"datePublished":"2024-03-30T10:04:40+00:00","dateModified":"2024-09-16T17:10:30+00:00","breadcrumb":{"@id":"https:\/\/neon4ever.com\/individual-design-de\/#breadcrumb"},"inLanguage":"de","potentialAction":[{"@type":"ReadAction","target":["https:\/\/neon4ever.com\/individual-design-de\/"]}]},{"@type":"BreadcrumbList","@id":"https:\/\/neon4ever.com\/individual-design-de\/#breadcrumb","itemListElement":[{"@type":"ListItem","position":1,"name":"Home","item":"https:\/\/neon4ever.com\/"},{"@type":"ListItem","position":2,"name":"Individual Design"}]},{"@type":"WebSite","@id":"https:\/\/neon4ever.com\/#website","url":"https:\/\/neon4ever.com\/","name":"neon4ever.com","description":"Neon 4 Ever\u00ae - Crafting Custom Neon Signs &amp; LED Lights for the USA &amp; Germany.","publisher":{"@id":"https:\/\/neon4ever.com\/#organization"},"potentialAction":[{"@type":"SearchAction","target":{"@type":"EntryPoint","urlTemplate":"https:\/\/neon4ever.com\/?s={search_term_string}"},"query-input":"required name=search_term_string"}],"inLanguage":"de"},{"@type":"Organization","@id":"https:\/\/neon4ever.com\/#organization","name":"neon4ever.com","url":"https:\/\/neon4ever.com\/","logo":{"@type":"ImageObject","inLanguage":"de","@id":"https:\/\/neon4ever.com\/#\/schema\/logo\/image\/","url":"https:\/\/neon4ever.com\/wp-content\/uploads\/2024\/03\/cropped-neon4ever.png","contentUrl":"https:\/\/neon4ever.com\/wp-content\/uploads\/2024\/03\/cropped-neon4ever.png","width":425,"height":224,"caption":"neon4ever.com"},"image":{"@id":"https:\/\/neon4ever.com\/#\/schema\/logo\/image\/"}}]}},"rttpg_featured_image_url":null,"rttpg_author":{"display_name":"tariqulbd","author_link":"https:\/\/neon4ever.com\/de\/author\/tariqulbd\/"},"rttpg_comment":0,"rttpg_category":null,"rttpg_excerpt":"Laden Sie Ihr Bild hoch \u2013 Neonschild-Mockup","_links":{"self":[{"href":"https:\/\/neon4ever.com\/de\/wp-json\/wp\/v2\/pages\/7095"}],"collection":[{"href":"https:\/\/neon4ever.com\/de\/wp-json\/wp\/v2\/pages"}],"about":[{"href":"https:\/\/neon4ever.com\/de\/wp-json\/wp\/v2\/types\/page"}],"author":[{"embeddable":true,"href":"https:\/\/neon4ever.com\/de\/wp-json\/wp\/v2\/users\/2"}],"replies":[{"embeddable":true,"href":"https:\/\/neon4ever.com\/de\/wp-json\/wp\/v2\/comments?post=7095"}],"version-history":[{"count":11,"href":"https:\/\/neon4ever.com\/de\/wp-json\/wp\/v2\/pages\/7095\/revisions"}],"predecessor-version":[{"id":11432,"href":"https:\/\/neon4ever.com\/de\/wp-json\/wp\/v2\/pages\/7095\/revisions\/11432"}],"wp:attachment":[{"href":"https:\/\/neon4ever.com\/de\/wp-json\/wp\/v2\/media?parent=7095"}],"curies":[{"name":"wp","href":"https:\/\/api.w.org\/{rel}","templated":true}]}}